{"id":793,"date":"2016-06-10T17:31:25","date_gmt":"2016-06-10T15:31:25","guid":{"rendered":"https:\/\/www.reseau-vivre-la-ville.fr\/?page_id=793"},"modified":"2018-04-11T17:10:58","modified_gmt":"2018-04-11T16:10:58","slug":"scenes-de-la-nuit-ordinaire","status":"publish","type":"page","link":"https:\/\/www.reseau-vivre-la-ville.fr\/?page_id=793","title":{"rendered":"Vid\u00e9os"},"content":{"rendered":"<p><a href=\"https:\/\/www.reseau-vivre-la-ville.fr\/wp-content\/uploads\/2016\/06\/nuits.png\"><img loading=\"lazy\" decoding=\"async\" src=\"https:\/\/www.reseau-vivre-la-ville.fr\/wp-content\/uploads\/2016\/06\/nuits-300x169.png\" alt=\"\" width=\"300\" height=\"169\" class=\"alignleft\" \/><\/a>Sc\u00e8nes de la nuit ordinaire \u00e0 :<\/p>\n<ul>\n<li><a href=\"https:\/\/www.reseau-vivre-la-ville.fr\/?page_id=803\">Aix-en-Provence<\/a><\/li>\n<li><a href=\"https:\/\/www.reseau-vivre-la-ville.fr\/?page_id=819\">Barcelone<\/a><\/li>\n<li><a href=\"https:\/\/www.reseau-vivre-la-ville.fr\/?page_id=194\">Lisbonne<\/a><\/li>\n<li><a href=\"https:\/\/www.reseau-vivre-la-ville.fr\/?page_id=807\">Montpellier<\/a><\/li>\n<li><a href=\"https:\/\/www.reseau-vivre-paris.fr\/scenes-de-la-nuit-quotidienne-a-paris\/\" target=\"_blank\">Paris<\/a><\/li>\n<li><a href=\"https:\/\/www.youtube.com\/channel\/UCW7QXfvEugt84lgp68mLdVg\/videos\" target=\"_blank\">Strasbourg<\/a><\/li>\n<li><a href=\"https:\/\/www.reseau-vivre-la-ville.fr\/?page_id=796\">Toulouse<\/a><\/li>\n<\/ul>\n","protected":false},"excerpt":{"rendered":"<p>Sc\u00e8nes de la nuit ordinaire \u00e0 : Aix-en-Provence Barcelone Lisbonne Montpellier Paris Strasbourg Toulouse<\/p>\n","protected":false},"author":7,"featured_media":0,"parent":0,"menu_order":0,"comment_status":"closed","ping_status":"closed","template":"","meta":{"_monsterinsights_skip_tracking":false,"_monsterinsights_sitenote_active":false,"_monsterinsights_sitenote_note":"","_monsterinsights_sitenote_category":0,"footnotes":""},"class_list":["post-793","page","type-page","status-publish","hentry","post-preview"],"yoast_head":"<!-- This site is optimized with the Yoast SEO plugin v27.3 - https:\/\/yoast.com\/product\/yoast-seo-wordpress\/ -->\n<title>Vid\u00e9os - R\u00e9seau Vivre la Ville<\/title>\n<meta name=\"robots\" content=\"index, follow, max-snippet:-1, max-image-preview:large, max-video-preview:-1\" \/>\n<link rel=\"canonical\" href=\"https:\/\/www.reseau-vivre-la-ville.fr\/?page_id=793\" \/>\n<meta property=\"og:locale\" content=\"fr_FR\" \/>\n<meta property=\"og:type\" content=\"article\" \/>\n<meta property=\"og:title\" content=\"Vid\u00e9os - R\u00e9seau Vivre la Ville\" \/>\n<meta property=\"og:description\" content=\"Sc\u00e8nes de la nuit ordinaire \u00e0 : Aix-en-Provence Barcelone Lisbonne Montpellier Paris Strasbourg Toulouse\" \/>\n<meta property=\"og:url\" content=\"https:\/\/www.reseau-vivre-la-ville.fr\/?page_id=793\" \/>\n<meta property=\"og:site_name\" content=\"R\u00e9seau Vivre la Ville\" \/>\n<meta property=\"article:publisher\" content=\"https:\/\/www.facebook.com\/vivrelaville\/\" \/>\n<meta property=\"article:modified_time\" content=\"2018-04-11T16:10:58+00:00\" \/>\n<meta property=\"og:image\" content=\"https:\/\/www.reseau-vivre-la-ville.fr\/wp-content\/uploads\/2016\/06\/nuits-300x169.png\" \/>\n<meta name=\"twitter:card\" content=\"summary_large_image\" \/>\n<script type=\"application\/ld+json\" class=\"yoast-schema-graph\">{\"@context\":\"https:\\\/\\\/schema.org\",\"@graph\":[{\"@type\":\"WebPage\",\"@id\":\"https:\\\/\\\/www.reseau-vivre-la-ville.fr\\\/?page_id=793\",\"url\":\"https:\\\/\\\/www.reseau-vivre-la-ville.fr\\\/?page_id=793\",\"name\":\"Vid\u00e9os - R\u00e9seau Vivre la Ville\",\"isPartOf\":{\"@id\":\"https:\\\/\\\/www.reseau-vivre-la-ville.fr\\\/#website\"},\"primaryImageOfPage\":{\"@id\":\"https:\\\/\\\/www.reseau-vivre-la-ville.fr\\\/?page_id=793#primaryimage\"},\"image\":{\"@id\":\"https:\\\/\\\/www.reseau-vivre-la-ville.fr\\\/?page_id=793#primaryimage\"},\"thumbnailUrl\":\"https:\\\/\\\/www.reseau-vivre-la-ville.fr\\\/wp-content\\\/uploads\\\/2016\\\/06\\\/nuits-300x169.png\",\"datePublished\":\"2016-06-10T15:31:25+00:00\",\"dateModified\":\"2018-04-11T16:10:58+00:00\",\"breadcrumb\":{\"@id\":\"https:\\\/\\\/www.reseau-vivre-la-ville.fr\\\/?page_id=793#breadcrumb\"},\"inLanguage\":\"fr-FR\",\"potentialAction\":[{\"@type\":\"ReadAction\",\"target\":[\"https:\\\/\\\/www.reseau-vivre-la-ville.fr\\\/?page_id=793\"]}]},{\"@type\":\"ImageObject\",\"inLanguage\":\"fr-FR\",\"@id\":\"https:\\\/\\\/www.reseau-vivre-la-ville.fr\\\/?page_id=793#primaryimage\",\"url\":\"https:\\\/\\\/www.reseau-vivre-la-ville.fr\\\/wp-content\\\/uploads\\\/2016\\\/06\\\/nuits.png\",\"contentUrl\":\"https:\\\/\\\/www.reseau-vivre-la-ville.fr\\\/wp-content\\\/uploads\\\/2016\\\/06\\\/nuits.png\",\"width\":633,\"height\":356},{\"@type\":\"BreadcrumbList\",\"@id\":\"https:\\\/\\\/www.reseau-vivre-la-ville.fr\\\/?page_id=793#breadcrumb\",\"itemListElement\":[{\"@type\":\"ListItem\",\"position\":1,\"name\":\"Accueil\",\"item\":\"https:\\\/\\\/www.reseau-vivre-la-ville.fr\\\/\"},{\"@type\":\"ListItem\",\"position\":2,\"name\":\"Vid\u00e9os\"}]},{\"@type\":\"WebSite\",\"@id\":\"https:\\\/\\\/www.reseau-vivre-la-ville.fr\\\/#website\",\"url\":\"https:\\\/\\\/www.reseau-vivre-la-ville.fr\\\/\",\"name\":\"R\u00e9seau Vivre la Ville\",\"description\":\"\",\"potentialAction\":[{\"@type\":\"SearchAction\",\"target\":{\"@type\":\"EntryPoint\",\"urlTemplate\":\"https:\\\/\\\/www.reseau-vivre-la-ville.fr\\\/?s={search_term_string}\"},\"query-input\":{\"@type\":\"PropertyValueSpecification\",\"valueRequired\":true,\"valueName\":\"search_term_string\"}}],\"inLanguage\":\"fr-FR\"}]}<\/script>\n<!-- \/ Yoast SEO plugin. -->","yoast_head_json":{"title":"Vid\u00e9os - R\u00e9seau Vivre la Ville","robots":{"index":"index","follow":"follow","max-snippet":"max-snippet:-1","max-image-preview":"max-image-preview:large","max-video-preview":"max-video-preview:-1"},"canonical":"https:\/\/www.reseau-vivre-la-ville.fr\/?page_id=793","og_locale":"fr_FR","og_type":"article","og_title":"Vid\u00e9os - R\u00e9seau Vivre la Ville","og_description":"Sc\u00e8nes de la nuit ordinaire \u00e0 : Aix-en-Provence Barcelone Lisbonne Montpellier Paris Strasbourg Toulouse","og_url":"https:\/\/www.reseau-vivre-la-ville.fr\/?page_id=793","og_site_name":"R\u00e9seau Vivre la Ville","article_publisher":"https:\/\/www.facebook.com\/vivrelaville\/","article_modified_time":"2018-04-11T16:10:58+00:00","og_image":[{"url":"https:\/\/www.reseau-vivre-la-ville.fr\/wp-content\/uploads\/2016\/06\/nuits-300x169.png","type":"","width":"","height":""}],"twitter_card":"summary_large_image","schema":{"@context":"https:\/\/schema.org","@graph":[{"@type":"WebPage","@id":"https:\/\/www.reseau-vivre-la-ville.fr\/?page_id=793","url":"https:\/\/www.reseau-vivre-la-ville.fr\/?page_id=793","name":"Vid\u00e9os - R\u00e9seau Vivre la Ville","isPartOf":{"@id":"https:\/\/www.reseau-vivre-la-ville.fr\/#website"},"primaryImageOfPage":{"@id":"https:\/\/www.reseau-vivre-la-ville.fr\/?page_id=793#primaryimage"},"image":{"@id":"https:\/\/www.reseau-vivre-la-ville.fr\/?page_id=793#primaryimage"},"thumbnailUrl":"https:\/\/www.reseau-vivre-la-ville.fr\/wp-content\/uploads\/2016\/06\/nuits-300x169.png","datePublished":"2016-06-10T15:31:25+00:00","dateModified":"2018-04-11T16:10:58+00:00","breadcrumb":{"@id":"https:\/\/www.reseau-vivre-la-ville.fr\/?page_id=793#breadcrumb"},"inLanguage":"fr-FR","potentialAction":[{"@type":"ReadAction","target":["https:\/\/www.reseau-vivre-la-ville.fr\/?page_id=793"]}]},{"@type":"ImageObject","inLanguage":"fr-FR","@id":"https:\/\/www.reseau-vivre-la-ville.fr\/?page_id=793#primaryimage","url":"https:\/\/www.reseau-vivre-la-ville.fr\/wp-content\/uploads\/2016\/06\/nuits.png","contentUrl":"https:\/\/www.reseau-vivre-la-ville.fr\/wp-content\/uploads\/2016\/06\/nuits.png","width":633,"height":356},{"@type":"BreadcrumbList","@id":"https:\/\/www.reseau-vivre-la-ville.fr\/?page_id=793#breadcrumb","itemListElement":[{"@type":"ListItem","position":1,"name":"Accueil","item":"https:\/\/www.reseau-vivre-la-ville.fr\/"},{"@type":"ListItem","position":2,"name":"Vid\u00e9os"}]},{"@type":"WebSite","@id":"https:\/\/www.reseau-vivre-la-ville.fr\/#website","url":"https:\/\/www.reseau-vivre-la-ville.fr\/","name":"R\u00e9seau Vivre la Ville","description":"","potentialAction":[{"@type":"SearchAction","target":{"@type":"EntryPoint","urlTemplate":"https:\/\/www.reseau-vivre-la-ville.fr\/?s={search_term_string}"},"query-input":{"@type":"PropertyValueSpecification","valueRequired":true,"valueName":"search_term_string"}}],"inLanguage":"fr-FR"}]}},"_links":{"self":[{"href":"https:\/\/www.reseau-vivre-la-ville.fr\/index.php?rest_route=\/wp\/v2\/pages\/793","targetHints":{"allow":["GET"]}}],"collection":[{"href":"https:\/\/www.reseau-vivre-la-ville.fr\/index.php?rest_route=\/wp\/v2\/pages"}],"about":[{"href":"https:\/\/www.reseau-vivre-la-ville.fr\/index.php?rest_route=\/wp\/v2\/types\/page"}],"author":[{"embeddable":true,"href":"https:\/\/www.reseau-vivre-la-ville.fr\/index.php?rest_route=\/wp\/v2\/users\/7"}],"replies":[{"embeddable":true,"href":"https:\/\/www.reseau-vivre-la-ville.fr\/index.php?rest_route=%2Fwp%2Fv2%2Fcomments&post=793"}],"version-history":[{"count":11,"href":"https:\/\/www.reseau-vivre-la-ville.fr\/index.php?rest_route=\/wp\/v2\/pages\/793\/revisions"}],"predecessor-version":[{"id":1985,"href":"https:\/\/www.reseau-vivre-la-ville.fr\/index.php?rest_route=\/wp\/v2\/pages\/793\/revisions\/1985"}],"wp:attachment":[{"href":"https:\/\/www.reseau-vivre-la-ville.fr\/index.php?rest_route=%2Fwp%2Fv2%2Fmedia&parent=793"}],"curies":[{"name":"wp","href":"https:\/\/api.w.org\/{rel}","templated":true}]}}