{"id":641,"date":"2016-06-01T17:53:06","date_gmt":"2016-06-01T15:53:06","guid":{"rendered":"https:\/\/www.reseau-vivre-la-ville.fr\/?page_id=641"},"modified":"2016-06-10T17:57:46","modified_gmt":"2016-06-10T15:57:46","slug":"montpellier","status":"publish","type":"page","link":"https:\/\/www.reseau-vivre-la-ville.fr\/?page_id=641","title":{"rendered":"Montpellier"},"content":{"rendered":"<p>Sc\u00e8nes de la nuit ordinaire \u00e0 Montpellier<\/p>\n<table>\n<tr>\n<td><a href=\"https:\/\/www.reseau-vivre-la-ville.fr\/wp-content\/uploads\/2016\/06\/montpellier_dirty-bar-12-05-2015.jpg\"><img loading=\"lazy\" decoding=\"async\" src=\"https:\/\/www.reseau-vivre-la-ville.fr\/wp-content\/uploads\/2016\/06\/montpellier_dirty-bar-12-05-2015-225x300.jpg\" title=\"Dirty Bar\" width=\"225\" height=\"300\" class=\"aligncenter\" \/><\/a>\n<\/td>\n<td><a href=\"https:\/\/www.reseau-vivre-la-ville.fr\/wp-content\/uploads\/2016\/06\/montpellier_montpellier_2015-05-07-23h-e1464796017487.jpg\"><img loading=\"lazy\" decoding=\"async\" src=\"https:\/\/www.reseau-vivre-la-ville.fr\/wp-content\/uploads\/2016\/06\/montpellier_montpellier_2015-05-07-23h-e1464796017487-225x300.jpg\" title=\"Dormir \u00e0 Montpellier?\" width=\"225\" height=\"300\" class=\"aligncenter\" \/><\/a>\n<\/td>\n<\/tr>\n<tr>\n<td><a href=\"https:\/\/www.reseau-vivre-la-ville.fr\/wp-content\/uploads\/2016\/06\/montpellier_GrandBazar.jpg\"><img loading=\"lazy\" decoding=\"async\" src=\"https:\/\/www.reseau-vivre-la-ville.fr\/wp-content\/uploads\/2016\/06\/montpellier_GrandBazar-300x195.jpg\" title=\"Le Grand Bazar\" width=\"300\" height=\"195\" class=\"aligncenter\" \/><\/a>\n<\/td>\n<td><a href=\"https:\/\/www.reseau-vivre-la-ville.fr\/wp-content\/uploads\/2016\/06\/montpellier_DMMontpellier_7-04-15.jpg\"><img loading=\"lazy\" decoding=\"async\" src=\"https:\/\/www.reseau-vivre-la-ville.fr\/wp-content\/uploads\/2016\/06\/montpellier_DMMontpellier_7-04-15-300x207.jpg\" width=\"300\" height=\"207\" class=\"aligncenter\" \/><\/a>\n<\/td>\n<\/tr>\n<tr>\n<td><a href=\"https:\/\/www.reseau-vivre-la-ville.fr\/wp-content\/uploads\/2016\/06\/montpellier_Promo_monop.jpg\"><img loading=\"lazy\" decoding=\"async\" src=\"https:\/\/www.reseau-vivre-la-ville.fr\/wp-content\/uploads\/2016\/06\/montpellier_Promo_monop-181x300.jpg\" title=\"Promotion chez Monop\" width=\"181\" height=\"300\" class=\"aligncenter\" \/><\/a>\n<\/td>\n<td><a href=\"https:\/\/www.reseau-vivre-la-ville.fr\/wp-content\/uploads\/2016\/06\/montpellier_A5_voisinage_2_15x21.jpg\"><img loading=\"lazy\" decoding=\"async\" src=\"https:\/\/www.reseau-vivre-la-ville.fr\/wp-content\/uploads\/2016\/06\/montpellier_A5_voisinage_2_15x21-214x300.jpg\" title=\"tract\" width=\"214\" height=\"300\" class=\"aligncenter\" \/><\/a>\n<\/td>\n<\/tr>\n<tr>\n<td><a href=\"https:\/\/www.reseau-vivre-la-ville.fr\/wp-content\/uploads\/2016\/06\/montpellier_verresEstivales_2.jpg\"><img loading=\"lazy\" decoding=\"async\" src=\"https:\/\/www.reseau-vivre-la-ville.fr\/wp-content\/uploads\/2016\/06\/montpellier_verresEstivales_2-300x201.jpg\" title=\"Estivales\" width=\"300\" height=\"201\" class=\"aligncenter\" \/><\/a>\n<\/td>\n<td><a href=\"https:\/\/www.reseau-vivre-la-ville.fr\/wp-content\/uploads\/2016\/06\/montpellier_Canourgue.jpg\"><img loading=\"lazy\" decoding=\"async\" src=\"https:\/\/www.reseau-vivre-la-ville.fr\/wp-content\/uploads\/2016\/06\/montpellier_Canourgue-300x169.jpg\" title=\"Montpellier Canourgue\" width=\"300\" height=\"169\" class=\"aligncenter\" \/><\/a>\n<\/td>\n<\/tr>\n<\/table>\n","protected":false},"excerpt":{"rendered":"<p>Sc\u00e8nes de la nuit ordinaire \u00e0 Montpellier<\/p>\n","protected":false},"author":7,"featured_media":0,"parent":0,"menu_order":0,"comment_status":"closed","ping_status":"closed","template":"","meta":{"_monsterinsights_skip_tracking":false,"_monsterinsights_sitenote_active":false,"_monsterinsights_sitenote_note":"","_monsterinsights_sitenote_category":0,"footnotes":""},"class_list":["post-641","page","type-page","status-publish","hentry","post-preview"],"yoast_head":"<!-- This site is optimized with the Yoast SEO plugin v27.3 - https:\/\/yoast.com\/product\/yoast-seo-wordpress\/ -->\n<title>Montpellier - R\u00e9seau Vivre la Ville<\/title>\n<meta name=\"robots\" content=\"index, follow, max-snippet:-1, max-image-preview:large, max-video-preview:-1\" \/>\n<link rel=\"canonical\" href=\"https:\/\/www.reseau-vivre-la-ville.fr\/?page_id=641\" \/>\n<meta property=\"og:locale\" content=\"fr_FR\" \/>\n<meta property=\"og:type\" content=\"article\" \/>\n<meta property=\"og:title\" content=\"Montpellier - R\u00e9seau Vivre la Ville\" \/>\n<meta property=\"og:description\" content=\"Sc\u00e8nes de la nuit ordinaire \u00e0 Montpellier\" \/>\n<meta property=\"og:url\" content=\"https:\/\/www.reseau-vivre-la-ville.fr\/?page_id=641\" \/>\n<meta property=\"og:site_name\" content=\"R\u00e9seau Vivre la Ville\" \/>\n<meta property=\"article:publisher\" content=\"https:\/\/www.facebook.com\/vivrelaville\/\" \/>\n<meta property=\"article:modified_time\" content=\"2016-06-10T15:57:46+00:00\" \/>\n<meta property=\"og:image\" content=\"https:\/\/www.reseau-vivre-la-ville.fr\/wp-content\/uploads\/2016\/06\/montpellier_dirty-bar-12-05-2015-225x300.jpg\" \/>\n<meta name=\"twitter:card\" content=\"summary_large_image\" \/>\n<script type=\"application\/ld+json\" class=\"yoast-schema-graph\">{\"@context\":\"https:\\\/\\\/schema.org\",\"@graph\":[{\"@type\":\"WebPage\",\"@id\":\"https:\\\/\\\/www.reseau-vivre-la-ville.fr\\\/?page_id=641\",\"url\":\"https:\\\/\\\/www.reseau-vivre-la-ville.fr\\\/?page_id=641\",\"name\":\"Montpellier - R\u00e9seau Vivre la Ville\",\"isPartOf\":{\"@id\":\"https:\\\/\\\/www.reseau-vivre-la-ville.fr\\\/#website\"},\"primaryImageOfPage\":{\"@id\":\"https:\\\/\\\/www.reseau-vivre-la-ville.fr\\\/?page_id=641#primaryimage\"},\"image\":{\"@id\":\"https:\\\/\\\/www.reseau-vivre-la-ville.fr\\\/?page_id=641#primaryimage\"},\"thumbnailUrl\":\"https:\\\/\\\/www.reseau-vivre-la-ville.fr\\\/wp-content\\\/uploads\\\/2016\\\/06\\\/montpellier_dirty-bar-12-05-2015-225x300.jpg\",\"datePublished\":\"2016-06-01T15:53:06+00:00\",\"dateModified\":\"2016-06-10T15:57:46+00:00\",\"breadcrumb\":{\"@id\":\"https:\\\/\\\/www.reseau-vivre-la-ville.fr\\\/?page_id=641#breadcrumb\"},\"inLanguage\":\"fr-FR\",\"potentialAction\":[{\"@type\":\"ReadAction\",\"target\":[\"https:\\\/\\\/www.reseau-vivre-la-ville.fr\\\/?page_id=641\"]}]},{\"@type\":\"ImageObject\",\"inLanguage\":\"fr-FR\",\"@id\":\"https:\\\/\\\/www.reseau-vivre-la-ville.fr\\\/?page_id=641#primaryimage\",\"url\":\"https:\\\/\\\/www.reseau-vivre-la-ville.fr\\\/wp-content\\\/uploads\\\/2016\\\/06\\\/montpellier_dirty-bar-12-05-2015.jpg\",\"contentUrl\":\"https:\\\/\\\/www.reseau-vivre-la-ville.fr\\\/wp-content\\\/uploads\\\/2016\\\/06\\\/montpellier_dirty-bar-12-05-2015.jpg\",\"width\":417,\"height\":556},{\"@type\":\"BreadcrumbList\",\"@id\":\"https:\\\/\\\/www.reseau-vivre-la-ville.fr\\\/?page_id=641#breadcrumb\",\"itemListElement\":[{\"@type\":\"ListItem\",\"position\":1,\"name\":\"Accueil\",\"item\":\"https:\\\/\\\/www.reseau-vivre-la-ville.fr\\\/\"},{\"@type\":\"ListItem\",\"position\":2,\"name\":\"Montpellier\"}]},{\"@type\":\"WebSite\",\"@id\":\"https:\\\/\\\/www.reseau-vivre-la-ville.fr\\\/#website\",\"url\":\"https:\\\/\\\/www.reseau-vivre-la-ville.fr\\\/\",\"name\":\"R\u00e9seau Vivre la Ville\",\"description\":\"\",\"potentialAction\":[{\"@type\":\"SearchAction\",\"target\":{\"@type\":\"EntryPoint\",\"urlTemplate\":\"https:\\\/\\\/www.reseau-vivre-la-ville.fr\\\/?s={search_term_string}\"},\"query-input\":{\"@type\":\"PropertyValueSpecification\",\"valueRequired\":true,\"valueName\":\"search_term_string\"}}],\"inLanguage\":\"fr-FR\"}]}<\/script>\n<!-- \/ Yoast SEO plugin. -->","yoast_head_json":{"title":"Montpellier - R\u00e9seau Vivre la Ville","robots":{"index":"index","follow":"follow","max-snippet":"max-snippet:-1","max-image-preview":"max-image-preview:large","max-video-preview":"max-video-preview:-1"},"canonical":"https:\/\/www.reseau-vivre-la-ville.fr\/?page_id=641","og_locale":"fr_FR","og_type":"article","og_title":"Montpellier - R\u00e9seau Vivre la Ville","og_description":"Sc\u00e8nes de la nuit ordinaire \u00e0 Montpellier","og_url":"https:\/\/www.reseau-vivre-la-ville.fr\/?page_id=641","og_site_name":"R\u00e9seau Vivre la Ville","article_publisher":"https:\/\/www.facebook.com\/vivrelaville\/","article_modified_time":"2016-06-10T15:57:46+00:00","og_image":[{"url":"https:\/\/www.reseau-vivre-la-ville.fr\/wp-content\/uploads\/2016\/06\/montpellier_dirty-bar-12-05-2015-225x300.jpg","type":"","width":"","height":""}],"twitter_card":"summary_large_image","schema":{"@context":"https:\/\/schema.org","@graph":[{"@type":"WebPage","@id":"https:\/\/www.reseau-vivre-la-ville.fr\/?page_id=641","url":"https:\/\/www.reseau-vivre-la-ville.fr\/?page_id=641","name":"Montpellier - R\u00e9seau Vivre la Ville","isPartOf":{"@id":"https:\/\/www.reseau-vivre-la-ville.fr\/#website"},"primaryImageOfPage":{"@id":"https:\/\/www.reseau-vivre-la-ville.fr\/?page_id=641#primaryimage"},"image":{"@id":"https:\/\/www.reseau-vivre-la-ville.fr\/?page_id=641#primaryimage"},"thumbnailUrl":"https:\/\/www.reseau-vivre-la-ville.fr\/wp-content\/uploads\/2016\/06\/montpellier_dirty-bar-12-05-2015-225x300.jpg","datePublished":"2016-06-01T15:53:06+00:00","dateModified":"2016-06-10T15:57:46+00:00","breadcrumb":{"@id":"https:\/\/www.reseau-vivre-la-ville.fr\/?page_id=641#breadcrumb"},"inLanguage":"fr-FR","potentialAction":[{"@type":"ReadAction","target":["https:\/\/www.reseau-vivre-la-ville.fr\/?page_id=641"]}]},{"@type":"ImageObject","inLanguage":"fr-FR","@id":"https:\/\/www.reseau-vivre-la-ville.fr\/?page_id=641#primaryimage","url":"https:\/\/www.reseau-vivre-la-ville.fr\/wp-content\/uploads\/2016\/06\/montpellier_dirty-bar-12-05-2015.jpg","contentUrl":"https:\/\/www.reseau-vivre-la-ville.fr\/wp-content\/uploads\/2016\/06\/montpellier_dirty-bar-12-05-2015.jpg","width":417,"height":556},{"@type":"BreadcrumbList","@id":"https:\/\/www.reseau-vivre-la-ville.fr\/?page_id=641#breadcrumb","itemListElement":[{"@type":"ListItem","position":1,"name":"Accueil","item":"https:\/\/www.reseau-vivre-la-ville.fr\/"},{"@type":"ListItem","position":2,"name":"Montpellier"}]},{"@type":"WebSite","@id":"https:\/\/www.reseau-vivre-la-ville.fr\/#website","url":"https:\/\/www.reseau-vivre-la-ville.fr\/","name":"R\u00e9seau Vivre la Ville","description":"","potentialAction":[{"@type":"SearchAction","target":{"@type":"EntryPoint","urlTemplate":"https:\/\/www.reseau-vivre-la-ville.fr\/?s={search_term_string}"},"query-input":{"@type":"PropertyValueSpecification","valueRequired":true,"valueName":"search_term_string"}}],"inLanguage":"fr-FR"}]}},"_links":{"self":[{"href":"https:\/\/www.reseau-vivre-la-ville.fr\/index.php?rest_route=\/wp\/v2\/pages\/641","targetHints":{"allow":["GET"]}}],"collection":[{"href":"https:\/\/www.reseau-vivre-la-ville.fr\/index.php?rest_route=\/wp\/v2\/pages"}],"about":[{"href":"https:\/\/www.reseau-vivre-la-ville.fr\/index.php?rest_route=\/wp\/v2\/types\/page"}],"author":[{"embeddable":true,"href":"https:\/\/www.reseau-vivre-la-ville.fr\/index.php?rest_route=\/wp\/v2\/users\/7"}],"replies":[{"embeddable":true,"href":"https:\/\/www.reseau-vivre-la-ville.fr\/index.php?rest_route=%2Fwp%2Fv2%2Fcomments&post=641"}],"version-history":[{"count":9,"href":"https:\/\/www.reseau-vivre-la-ville.fr\/index.php?rest_route=\/wp\/v2\/pages\/641\/revisions"}],"predecessor-version":[{"id":816,"href":"https:\/\/www.reseau-vivre-la-ville.fr\/index.php?rest_route=\/wp\/v2\/pages\/641\/revisions\/816"}],"wp:attachment":[{"href":"https:\/\/www.reseau-vivre-la-ville.fr\/index.php?rest_route=%2Fwp%2Fv2%2Fmedia&parent=641"}],"curies":[{"name":"wp","href":"https:\/\/api.w.org\/{rel}","templated":true}]}}