{"id":57,"date":"2015-02-15T11:19:06","date_gmt":"2015-02-15T09:19:06","guid":{"rendered":"https:\/\/www.reseau-vivre-la-ville.fr\/?page_id=57"},"modified":"2025-03-19T19:02:55","modified_gmt":"2025-03-19T18:02:55","slug":"qui-sommes-nous","status":"publish","type":"page","link":"https:\/\/www.reseau-vivre-la-ville.fr\/?page_id=57","title":{"rendered":"Qui sommes-nous&nbsp;?"},"content":{"rendered":"<p><strong>Janvier 2010<\/strong>\u00a0: cr\u00e9ation du <a href=\"http:\/\/www.reseau-vivre-paris.fr\" target=\"_blank\" rel=\"noopener noreferrer\">R\u00e9seau \u00ab\u00a0Vivre Paris\u00a0!\u00a0\u00bb<\/a> en r\u00e9ponse \u00e0 l&rsquo;extension incontr\u00f4l\u00e9e des terrasses de caf\u00e9 et \u00e0 la campagne de presse lanc\u00e9e par des professionnels de la nuit.<\/p>\n<hr \/>\n<p><strong>10 f\u00e9vrier 2015<\/strong>\u00a0: \u00e0 l&rsquo;occasion de la r\u00e9union publique intitul\u00e9e <a href=\"https:\/\/www.reseau-vivre-la-ville.fr\/?p=53\">Nuisances sonores\u00a0: une fatalit\u00e9\u00a0?<\/a>, lancement du <strong>R\u00e9seau \u00ab\u00a0Vivre la Ville\u00a0!\u00a0\u00bb<\/strong> afin de lutter contre les nuisances sonores nocturnes g\u00e9n\u00e9r\u00e9es par les bars et leurs clients mais aussi par la consommation d&rsquo;alcool en milieu ouvert. <strong>Le R\u00e9seau \u00ab\u00a0Vivre la Ville\u00a0!\u00a0\u00bb a vocation \u00e0 f\u00e9d\u00e9rer l&rsquo;action d&rsquo;associations qui souhaite un mod\u00e8le vivable et durable pour la ville\u00a0: la reconnaissance du droit au sommeil et un espace public dans lequel il est possible de circuler sans entrave.<\/strong><\/p>\n<hr \/>\n<p><strong>31 mai 2016<\/strong>\u00a0: lancement du <strong>R\u00e9seau Europ\u00e9en \u00ab\u00a0Vivre la Ville\u00a0!\u00a0\u00bb<\/strong>, \u00e0 l&rsquo;occasion de la r\u00e9union publique <a href=\"https:\/\/www.reseau-vivre-la-ville.fr\/?p=619\">Nuisances sonores\u00a0: les citoyens europ\u00e9ens se mobilisent<\/a>.<\/p>\n<hr \/>\n<div id=\"#rejoindre\">Comment nous rejoindre\u00a0?<\/div>\n<p>Le R\u00e9seau \u00ab\u00a0Vivre la Ville\u00a0!\u00a0\u00bb n&rsquo;est pas une association mais <strong>un collectif d&rsquo;associations<\/strong> qui fonctionne en r\u00e9seau. Pas d&rsquo;adh\u00e9sion mais plut\u00f4t une cooptation. Cela suppose que les statuts et actions de votre association soient conformes aux objectifs du R\u00e9seau. Il n&rsquo;y a pas de contribution financi\u00e8re pour \u00eatre membre du R\u00e9seau. Si votre association rejoint le r\u00e9seau, elle figure dans la <a href=\"#membres\">liste des membres<\/a> sur le site internet du R\u00e9seau, avec les coordonn\u00e9es que vous souhaitez.<br \/>\nNous avons aussi un groupe de discussion priv\u00e9 o\u00f9 circulent notamment les id\u00e9es et informations glan\u00e9es par chaque association membre, les projets d&rsquo;action du r\u00e9seau et les comptes-rendus des r\u00e9unions auxquelles ses repr\u00e9sentants participent.<br \/>\n<a href=\"http:\/\/www.associations.gouv.fr\/creer-votre-association.html\" target=\"_blank\" rel=\"noopener noreferrer\">Comment cr\u00e9er une association loi de 1901<\/a><\/p>\n<p><strong>Vous \u00eates une association loi de 1901 ou un collectif de riverains\u00a0? Quelle que soit la taille de votre association ou de votre collectif, vous pouvez rejoindre le <strong>R\u00e9seau \u00ab\u00a0Vivre la Ville\u00a0!\u00a0\u00bb<\/strong><\/strong> N&rsquo;h\u00e9sitez pas \u00e0 <a href=\"https:\/\/www.reseau-vivre-la-ville.fr\/?page_id=692\">nous contacter<\/a>.<\/p>\n<hr \/>\n<p>Le R\u00e9seau Europ\u00e9en \u00ab\u00a0Vivre la Ville\u00a0!\u00a0\u00bb\u00a0:<\/p>\n<ul>\n<li>deux associations nationales<\/li>\n<li><a href=\"https:\/\/www.reseau-vivre-la-ville.fr\/wp-content\/uploads\/2018\/05\/carte_vivre_ville.pdf\">une vingtaine d&rsquo;associations en r\u00e9gions<\/a><\/li>\n<li>une association dans les DOM-TOM<\/li>\n<li><a href=\"https:\/\/www.reseau-vivre-la-ville.fr\/wp-content\/uploads\/2018\/05\/carte_paris.pdf\">une vingtaine d&rsquo;associations parisiennes<\/a><\/li>\n<li>une soixantaine d&rsquo;associations europ\u00e9ennes dans 7 pays<\/li>\n<\/ul>\n<hr \/>\n<h3>Associations nationales<\/h3>\n<ul>\n<li><a href=\"http:\/\/www.pietons.org\/\" target=\"_blank\" rel=\"noopener noreferrer\">60 Millions de Pi\u00e9tons<\/a><\/li>\n<\/ul>\n<hr \/>\n<div id=\"asso_regions\">\n<h3>Associations dans les r\u00e9gions<\/h3>\n<\/div>\n<ul>\n<li><span class=\"txtred\">Aix-en-Provence<\/span>\u00a0: <a href=\"http:\/\/sosbruit-quartierdescardeurs.fr\" target=\"_blank\" rel=\"noopener noreferrer\">SOS BRUIT Quartier des Cardeurs<\/a><\/li>\n<li><span class=\"txtred\">Albi<\/span>\u00a0: AQCC (Association du Quartier Culturel des Cordeliers)<\/li>\n<li><span class=\"txtred\">Bagn\u00e8res-de-Bigorre<\/span>\u00a0: Association des Usagers et des Habitants de Bagn\u00e8res-de-Bigorre<\/li>\n<li><span class=\"txtred\">Bayonne<\/span>\u00a0: <a href=\"https:\/\/sites.google.com\/site\/ardeviebayonne\/\" target=\"_blank\" rel=\"noopener noreferrer\">ARDEVIE en centre-ville de Bayonne<\/a> (Association des Riverains pour la D\u00e9fense du Vivre Ensemble en centre-ville de Bayonne)<\/li>\n<li><span class=\"txtred\">Biarritz<\/span>\u00a0: ACNB (Association Contre les Nuisances dans le centre-ville de Biarritz)<\/li>\n<li><span class=\"txtred\">Bordeaux<\/span>\u00a0: Association des Riverains de Bordeaux Centre<\/li>\n<li><span class=\"txtred\">Cap d\u2019Agde<\/span>\u00a0: Notre Cap<\/li>\n<li><span class=\"txtred\">Cluny<\/span>\u00a0: Collectif D\u00e9CCIBEL<\/li>\n<li><span class=\"txtred\">Lyon<\/span>\u00a0: <a href=\"http:\/\/www.vivre-au-vieux-lyon.uphero.com\" target=\"_blank\" rel=\"noopener noreferrer\">Vivre au Vieux Lyon<\/a><\/li>\n<li><span class=\"txtred\">Marseille<\/span>\u00a0: R\u00e9seau du Collectif Radio Goudard<\/li>\n<li><span class=\"txtred\">Marseille<\/span>\u00a0: <a href=\"http:\/\/www.unpi13.org\" target=\"_blank\" rel=\"noopener noreferrer\">UNPI13<\/a><\/li>\n<li><span class=\"txtred\">Montpellier<\/span>\u00a0: Association Quartier Carnot<\/li>\n<li><span class=\"txtred\">Montpellier<\/span>\u00a0: <a href=\"http:\/\/droitausommeil.blogspot.fr\" target=\"_blank\" rel=\"noopener noreferrer\">Droit au Sommeil \u00e0 Montpellier<\/a><\/li>\n<li><span class=\"txtred\">Nantes<\/span>\u00a0: Association pour la Sauvegarde du Quartier Guist\u2019hau Delorme<\/li>\n<li><span class=\"txtred\">Nantes<\/span>\u00a0: Habiter le Bouffay<\/li>\n<li><span class=\"txtred\">Nantes<\/span>\u00a0: <a href=\"http:\/\/lesruesdegraslin.blogspot.fr\/\" target=\"_blank\" rel=\"noopener noreferrer\">Les rues de Graslin<\/a><\/li>\n<li><span class=\"txtred\">N\u00eemes<\/span>\u00a0: <a href=\"http:\/\/www.nimes-sans-bruit.com\" target=\"_blank\" rel=\"noopener noreferrer\">N\u00eemes sans bruit<\/a><\/li>\n<li><span class=\"txtred\"> S\u00e9lestat <\/span>\u00a0: <a href=\"http:\/\/www.antibruit.org\" target=\"_blank\" rel=\"noopener noreferrer\">CABA<\/a> (Centre AntiBruit d&rsquo;Alsace)<\/li>\n<li><span class=\"txtred\"> Strasbourg <\/span>\u00a0: <a href=\"https:\/\/www.facebook.com\/pages\/Calme-Gutenberg\/174883082696514\" target=\"_blank\" rel=\"noopener noreferrer\">Calme Gutenberg<\/a><\/li>\n<li><span class=\"txtred\"> Strasbourg <\/span>\u00a0: <a href=\"http:\/\/arren-strasbourg.blogspot.fr\" target=\"_blank\" rel=\"noopener noreferrer\">ARREN<\/a> (Association pour le Respect des Riverains des Etablissements de Nuit)<\/li>\n<li><span class=\"txtred\">Toulouse<\/span>\u00a0: <a href=\"http:\/\/www.bvtc31.fr\" target=\"_blank\" rel=\"noopener noreferrer\">Bien Vivre \u00e0 Toulouse Centre<\/a><\/li>\n<li><span class=\"txtred\">Toulouse<\/span>\u00a0: <a href=\"http:\/\/vivre-a-la-daurade.over-blog.com\" target=\"_blank\" rel=\"noopener noreferrer\">Vivre \u00e0 La Daurade!<\/a><\/li>\n<li><span class=\"txtred\">Tours<\/span>\u00a0: <a href=\"http:\/\/www.assohabitantsphrv.com\" target=\"_blank\" rel=\"noopener noreferrer\">Association des Habitants Plumereau-Halles-R\u00e9sistance-Victoire<\/a><\/li>\n<li><span class=\"txtred\">Valenciennes\u00a0<\/span>: collectif d\u2019habitants riverains de la place de Tournai<\/li>\n<\/ul>\n<hr \/>\n<div id=\"asso_dom-tom\">\n<h3>Association dans les DOM-TOM<\/h3>\n<ul>\n<li><span class=\"txtred\">Noum\u00e9a<\/span>\u00a0: Association des R\u00e9sidents de la Baie des Citrons<\/li>\n<\/ul>\n<hr \/>\n<div id=\"asso__paris\">\n<h3>Associations parisiennes<\/h3>\n<ul>\n<li><a href=\"http:\/\/www.reseau-vivre-paris.fr\" target=\"_blank\" rel=\"noopener noreferrer\">L&rsquo;association R\u00e9seau Vivre Paris!<\/a><\/li>\n<\/ul>\n<\/div>\n<hr \/>\n<div id=\"asso_europe\"><\/div>\n<h3>Associations en Europe<\/h3>\n<ul>\n<li><strong>Belgique<\/strong>\n<ul>\n<li><span class=\"txtred\">Bruxelles<\/span>\u00a0: <a href=\"http:\/\/www.arau.org\" target=\"_blank\" rel=\"noopener noreferrer\">ARAU<\/a> (Atelier de Recherche et d\u2019Action Urbaines)<\/li>\n<li><span class=\"txtred\">Bruxelles<\/span>\u00a0: Coordination Comit\u00e9 de Quartier Saint G\u00e9ry<\/li>\n<li><span class=\"txtred\">Bruxelles<\/span>\u00a0: <a href=\"http:\/\/www.ieb.be\" target=\"_blank\" rel=\"noopener noreferrer\">Inter-Environnement Bruxelles<\/a><\/li>\n<\/ul>\n<\/li>\n<\/ul>\n<ul>\n<li><strong>Espagne<\/strong>\n<ul>\n<li><span class=\"txtred\"> Catalogne <\/span>\u00a0: ACCCA (Associaci\u00f3 Catalane contra la Contaminaci\u00f3 Ac\u00fastica)<\/li>\n<li><span class=\"txtred\"> Ibiza <\/span> : Asociaci\u00f3n Vecinal Sa Penya<\/li>\n<li><span class=\"txtred\"> Ibiza <\/span>\u00a0: Asociaci\u00f3n de Vecinos Sa Riba<\/li>\n<li><span class=\"txtred\">Madrid<\/span>\u00a0: Association Vera Cavas-La Latina<\/li>\n<li><a href=\"https:\/\/twitter.com\/fevecehiandaluc\" target=\"_blank\" rel=\"noopener noreferrer\">Federaci\u00f3n de asociaciones vecinales de Centros Hist\u00f3ricos de Andaluc\u00eda<\/a><\/li>\n<li><span class=\"txtred\">Madrid<\/span>\u00a0: Asociaci\u00f3n de Vecinos de Chueca (Madrid-Centro)<\/li>\n<li><span class=\"txtred\">Marbella<\/span>\u00a0: <a href=\"http:\/\/www.cascoantiguodemarbella.com\/\" target=\"_blank\" rel=\"noopener noreferrer\">Asociaci\u00f3n de vecinos del Casco Antiguo de Marbella<\/a><\/li>\n<li><span class=\"txtred\">Vitoria-Gasteiz<\/span>\u00a0: Los Arquilllos Bizirik<\/li>\n<\/ul>\n<\/li>\n<\/ul>\n<ul>\n<li><strong>Italie<\/strong> (voir <a href=\"https:\/\/www.reseau-vivre-la-ville.fr\/?p=1392\">notre article<\/a>)\n<ul>\n<li><span class=\"txtred\">Italie<\/span>\u00a0: <a href=\"http:\/\/nodegradoemalamovida.it\/\" target=\"_blank\" rel=\"noopener noreferrer\">Coordinamento Nazionale\u00a0: No Degrado e Mala Movida<\/a><\/li>\n<li><span class=\"txtred\">Acqui Terme<\/span>\u00a0: Centro Storico<\/li>\n<li><span class=\"txtred\">Andria<\/span>\u00a0: Residenti Centro Storico<\/li>\n<li><span class=\"txtred\">Bergamo<\/span>\u00a0: Residenti Borgo Santa Caterina<\/li>\n<li><span class=\"txtred\">Brescia<\/span>\u00a0: Brescia In<\/li>\n<li><span class=\"txtred\">Cagliari<\/span>\u00a0: Rumore No Grazie<\/li>\n<li><span class=\"txtred\">Calcata<\/span>\u00a0: Maurizio Massi<\/li>\n<li><span class=\"txtred\">Carpi<\/span>\u00a0: Piazzetta Garibaldi<\/li>\n<li><span class=\"txtred\">Caserta<\/span>\u00a0: Giuseppe Mannara<\/li>\n<li><span class=\"txtred\">Firenze<\/span>\u00a0: Manoiquandosidorme<\/li>\n<li><span class=\"txtred\">Firenze<\/span>\u00a0: Ridateci il silenzio<\/li>\n<li><span class=\"txtred\">Genova<\/span>\u00a0: Centro Storico Est<\/li>\n<li><span class=\"txtred\"> Gorizia <\/span>\u00a0: Gorizia vivibile<\/li>\n<li><span class=\"txtred\">Isola delle Femmine<\/span>\u00a0: Difesa Turismo e Ambiente Contro Inquinamento Acustico<\/li>\n<li><span class=\"txtred\">Loano<\/span>\u00a0: Civico Loanese per la Tutela del Centro Storico<\/li>\n<li><span class=\"txtred\">Milano<\/span>\u00a0: Pro Arco Sempione &#8211; Cittadino Il Garibaldi &#8211; Cittadini Navigli &#8211; La Cittadella \u2013 Santagostino &#8211; Vasari Botta Pier Lombardo<\/li>\n<li><span class=\"txtred\">Milazzo<\/span>\u00a0: Milazzo Contro Movida Selvaggia<\/li>\n<li><span class=\"txtred\">Monza<\/span>\u00a0: No Degrado e Mala Movida<\/li>\n<li><span class=\"txtred\">Napoli<\/span>\u00a0: Chiaia Viva e Vivibile<\/li>\n<li><span class=\"txtred\">Parma<\/span>\u00a0: Via d\u2019Azeglio<\/li>\n<li><span class=\"txtred\">Pisa<\/span>\u00a0: a Cittadella &#8211; Mezzogiorno<\/li>\n<li><span class=\"txtred\">Pisa<\/span>\u00a0: Comitato Mezzogiorno<\/li>\n<li><span class=\"txtred\">Pisa<\/span>\u00a0: Residenti quartiere S.Maria<\/li>\n<li><span class=\"txtred\">Pordenone<\/span>\u00a0: Accendi il silenzio<\/li>\n<li><span class=\"txtred\">Pordenone<\/span>\u00a0: Aquanova<\/li>\n<li><span class=\"txtred\">Roma<\/span>\u00a0: Abitanti Centro Storico<\/li>\n<li><span class=\"txtred\">Rovereto<\/span>\u00a0: Associazione per la vivibilit\u00e0 urbana<\/li>\n<li><span class=\"txtred\">San Benedetto del Tronto<\/span>\u00a0: Fermiamo Capitan Fracass<\/li>\n<li><span class=\"txtred\">Torino<\/span>\u00a0: Riuniti di Porta Palazz Rispettando San Salvari &#8211; Abitanti Piazza Vittorio e Zone Circostanti<\/li>\n<li><span class=\"txtred\">Venezia\/Mestre<\/span>\u00a0: Mestre Off Limits<\/li>\n<\/ul>\n<\/li>\n<\/ul>\n<ul>\n<li><strong>Pays-Bas<\/strong> (voir <a href=\"https:\/\/www.reseau-vivre-la-ville.fr\/?p=1160\">notre article<\/a>)\n<ul>\n<li><span class=\"txtred\">Amsterdam<\/span>\u00a0: VVAB (<a href=\"http:\/\/www.amsterdamsebinnenstad.nl\" target=\"_blank\" rel=\"noopener noreferrer\">Vereniging Vrienden van de Amsterdamse Binnenstad<\/a>)<\/li>\n<li>WIJ AMSTERDAM\n<ul>\n<li><a href=\"http:\/\/www.samenzeedijk.nl\" target=\"_blank\" rel=\"noopener noreferrer\">SamenZeedijk<\/a><\/li>\n<li><a href=\"http:\/\/denachtwacht.org\" target=\"_blank\" rel=\"noopener noreferrer\">De NachtWacht<\/a><\/li>\n<li><a href=\"http:\/\/www.walbewonersprinsengracht.nl\" target=\"_blank\" rel=\"noopener noreferrer\">Walbewoners Prinsengracht<\/a><\/li>\n<li><a href=\"http:\/\/www.weteringverbetering.nl\/\" target=\"_blank\" rel=\"noopener noreferrer\">Wetering Verbetering<\/a><\/li>\n<li>Bewonersgroep Grachten9+<\/li>\n<li>Overtoom<\/li>\n<li>Ik Ben Amsterdam<\/li>\n<li>Rolkoffergroep<\/li>\n<li>Bewonersraad Nieuwmarkt<\/li>\n<li>Platform Bewoners van de Pijp<\/li>\n<li>Rode Loper Centrumsloper<\/li>\n<li>Comit\u00e9 Woonboten Prinsengracht<\/li>\n<li>Leidsebuurt<\/li>\n<li><a href=\"http:\/\/www.platform1013.nl\" target=\"_blank\" rel=\"noopener noreferrer\">Platform 1013<\/a> (Haarlemmerbuurt en omstreken)<\/li>\n<li>Van Woustraat\/De Pijp-oost<\/li>\n<li>Hand en Voetboogstraat<\/li>\n<li>De Gouden Bocht<\/li>\n<li>Natuurbescherming<\/li>\n<\/ul>\n<\/li>\n<\/ul>\n<\/li>\n<\/ul>\n<ul>\n<li><strong>Portugal<\/strong>\n<ul>\n<li><span class=\"txtred\">Lisbonne<\/span>\u00a0: <a href=\"https:\/\/www.facebook.com\/AMBairroAlto\" target=\"_blank\" rel=\"noopener noreferrer\">Moradores do Bairro Alto<\/a><\/li>\n<\/ul>\n<\/li>\n<\/ul>\n<ul>\n<li><strong>Suisse<\/strong>\n<ul>\n<li><span class=\"txtred\">Gen\u00e8ve<\/span>\u00a0: Asso. Rue Ecole M\u00e9decine &#8211; Universit\u00e9 de Gen\u00e8ve &#8211; Ville de Gen\u00e8ve<\/li>\n<\/ul>\n<\/li>\n<\/ul>\n<hr \/>\n<p><a href=\"https:\/\/www.reseau-vivre-la-ville.fr\/?page_id=2245\" target=\"_blank\" rel=\"noopener noreferrer\">Politique de confidentialit\u00e9<\/a><\/p>\n<hr \/>\n<\/div>\n","protected":false},"excerpt":{"rendered":"<p>Janvier 2010\u00a0: cr\u00e9ation du R\u00e9seau \u00ab\u00a0Vivre Paris\u00a0!\u00a0\u00bb en r\u00e9ponse \u00e0 l&rsquo;extension incontr\u00f4l\u00e9e des terrasses de caf\u00e9 et \u00e0 la campagne de presse lanc\u00e9e par des professionnels de la nuit. 10 f\u00e9vrier 2015\u00a0: \u00e0 l&rsquo;occasion de la r\u00e9union publique intitul\u00e9e Nuisances sonores\u00a0: une fatalit\u00e9\u00a0?, lancement du R\u00e9seau \u00ab\u00a0Vivre la Ville\u00a0!\u00a0\u00bb afin de lutter contre les nuisances [&hellip;]<\/p>\n","protected":false},"author":7,"featured_media":0,"parent":0,"menu_order":0,"comment_status":"closed","ping_status":"closed","template":"template-fullwidth.php","meta":{"_monsterinsights_skip_tracking":false,"_monsterinsights_sitenote_active":false,"_monsterinsights_sitenote_note":"","_monsterinsights_sitenote_category":0,"footnotes":""},"class_list":["post-57","page","type-page","status-publish","hentry","post-preview"],"yoast_head":"<!-- This site is optimized with the Yoast SEO plugin v27.3 - https:\/\/yoast.com\/product\/yoast-seo-wordpress\/ -->\n<title>Qui sommes-nous&nbsp;? - R\u00e9seau Vivre la Ville<\/title>\n<meta name=\"robots\" content=\"index, follow, max-snippet:-1, max-image-preview:large, max-video-preview:-1\" \/>\n<link rel=\"canonical\" href=\"https:\/\/www.reseau-vivre-la-ville.fr\/?page_id=57\" \/>\n<meta property=\"og:locale\" content=\"fr_FR\" \/>\n<meta property=\"og:type\" content=\"article\" \/>\n<meta property=\"og:title\" content=\"Qui sommes-nous&nbsp;? - R\u00e9seau Vivre la Ville\" \/>\n<meta property=\"og:description\" content=\"Janvier 2010\u00a0: cr\u00e9ation du R\u00e9seau \u00ab\u00a0Vivre Paris\u00a0!\u00a0\u00bb en r\u00e9ponse \u00e0 l&rsquo;extension incontr\u00f4l\u00e9e des terrasses de caf\u00e9 et \u00e0 la campagne de presse lanc\u00e9e par des professionnels de la nuit. 10 f\u00e9vrier 2015\u00a0: \u00e0 l&rsquo;occasion de la r\u00e9union publique intitul\u00e9e Nuisances sonores\u00a0: une fatalit\u00e9\u00a0?, lancement du R\u00e9seau \u00ab\u00a0Vivre la Ville\u00a0!\u00a0\u00bb afin de lutter contre les nuisances [&hellip;]\" \/>\n<meta property=\"og:url\" content=\"https:\/\/www.reseau-vivre-la-ville.fr\/?page_id=57\" \/>\n<meta property=\"og:site_name\" content=\"R\u00e9seau Vivre la Ville\" \/>\n<meta property=\"article:publisher\" content=\"https:\/\/www.facebook.com\/vivrelaville\/\" \/>\n<meta property=\"article:modified_time\" content=\"2025-03-19T18:02:55+00:00\" \/>\n<meta name=\"twitter:card\" content=\"summary_large_image\" \/>\n<meta name=\"twitter:label1\" content=\"Dur\u00e9e de lecture estim\u00e9e\" \/>\n\t<meta name=\"twitter:data1\" content=\"5 minutes\" \/>\n<script type=\"application\/ld+json\" class=\"yoast-schema-graph\">{\"@context\":\"https:\\\/\\\/schema.org\",\"@graph\":[{\"@type\":\"WebPage\",\"@id\":\"https:\\\/\\\/www.reseau-vivre-la-ville.fr\\\/?page_id=57\",\"url\":\"https:\\\/\\\/www.reseau-vivre-la-ville.fr\\\/?page_id=57\",\"name\":\"Qui sommes-nous&nbsp;? - R\u00e9seau Vivre la Ville\",\"isPartOf\":{\"@id\":\"https:\\\/\\\/www.reseau-vivre-la-ville.fr\\\/#website\"},\"datePublished\":\"2015-02-15T09:19:06+00:00\",\"dateModified\":\"2025-03-19T18:02:55+00:00\",\"breadcrumb\":{\"@id\":\"https:\\\/\\\/www.reseau-vivre-la-ville.fr\\\/?page_id=57#breadcrumb\"},\"inLanguage\":\"fr-FR\",\"potentialAction\":[{\"@type\":\"ReadAction\",\"target\":[\"https:\\\/\\\/www.reseau-vivre-la-ville.fr\\\/?page_id=57\"]}]},{\"@type\":\"BreadcrumbList\",\"@id\":\"https:\\\/\\\/www.reseau-vivre-la-ville.fr\\\/?page_id=57#breadcrumb\",\"itemListElement\":[{\"@type\":\"ListItem\",\"position\":1,\"name\":\"Accueil\",\"item\":\"https:\\\/\\\/www.reseau-vivre-la-ville.fr\\\/\"},{\"@type\":\"ListItem\",\"position\":2,\"name\":\"Qui sommes-nous&nbsp;?\"}]},{\"@type\":\"WebSite\",\"@id\":\"https:\\\/\\\/www.reseau-vivre-la-ville.fr\\\/#website\",\"url\":\"https:\\\/\\\/www.reseau-vivre-la-ville.fr\\\/\",\"name\":\"R\u00e9seau Vivre la Ville\",\"description\":\"\",\"potentialAction\":[{\"@type\":\"SearchAction\",\"target\":{\"@type\":\"EntryPoint\",\"urlTemplate\":\"https:\\\/\\\/www.reseau-vivre-la-ville.fr\\\/?s={search_term_string}\"},\"query-input\":{\"@type\":\"PropertyValueSpecification\",\"valueRequired\":true,\"valueName\":\"search_term_string\"}}],\"inLanguage\":\"fr-FR\"}]}<\/script>\n<!-- \/ Yoast SEO plugin. -->","yoast_head_json":{"title":"Qui sommes-nous&nbsp;? - R\u00e9seau Vivre la Ville","robots":{"index":"index","follow":"follow","max-snippet":"max-snippet:-1","max-image-preview":"max-image-preview:large","max-video-preview":"max-video-preview:-1"},"canonical":"https:\/\/www.reseau-vivre-la-ville.fr\/?page_id=57","og_locale":"fr_FR","og_type":"article","og_title":"Qui sommes-nous&nbsp;? - R\u00e9seau Vivre la Ville","og_description":"Janvier 2010\u00a0: cr\u00e9ation du R\u00e9seau \u00ab\u00a0Vivre Paris\u00a0!\u00a0\u00bb en r\u00e9ponse \u00e0 l&rsquo;extension incontr\u00f4l\u00e9e des terrasses de caf\u00e9 et \u00e0 la campagne de presse lanc\u00e9e par des professionnels de la nuit. 10 f\u00e9vrier 2015\u00a0: \u00e0 l&rsquo;occasion de la r\u00e9union publique intitul\u00e9e Nuisances sonores\u00a0: une fatalit\u00e9\u00a0?, lancement du R\u00e9seau \u00ab\u00a0Vivre la Ville\u00a0!\u00a0\u00bb afin de lutter contre les nuisances [&hellip;]","og_url":"https:\/\/www.reseau-vivre-la-ville.fr\/?page_id=57","og_site_name":"R\u00e9seau Vivre la Ville","article_publisher":"https:\/\/www.facebook.com\/vivrelaville\/","article_modified_time":"2025-03-19T18:02:55+00:00","twitter_card":"summary_large_image","twitter_misc":{"Dur\u00e9e de lecture estim\u00e9e":"5 minutes"},"schema":{"@context":"https:\/\/schema.org","@graph":[{"@type":"WebPage","@id":"https:\/\/www.reseau-vivre-la-ville.fr\/?page_id=57","url":"https:\/\/www.reseau-vivre-la-ville.fr\/?page_id=57","name":"Qui sommes-nous&nbsp;? - R\u00e9seau Vivre la Ville","isPartOf":{"@id":"https:\/\/www.reseau-vivre-la-ville.fr\/#website"},"datePublished":"2015-02-15T09:19:06+00:00","dateModified":"2025-03-19T18:02:55+00:00","breadcrumb":{"@id":"https:\/\/www.reseau-vivre-la-ville.fr\/?page_id=57#breadcrumb"},"inLanguage":"fr-FR","potentialAction":[{"@type":"ReadAction","target":["https:\/\/www.reseau-vivre-la-ville.fr\/?page_id=57"]}]},{"@type":"BreadcrumbList","@id":"https:\/\/www.reseau-vivre-la-ville.fr\/?page_id=57#breadcrumb","itemListElement":[{"@type":"ListItem","position":1,"name":"Accueil","item":"https:\/\/www.reseau-vivre-la-ville.fr\/"},{"@type":"ListItem","position":2,"name":"Qui sommes-nous&nbsp;?"}]},{"@type":"WebSite","@id":"https:\/\/www.reseau-vivre-la-ville.fr\/#website","url":"https:\/\/www.reseau-vivre-la-ville.fr\/","name":"R\u00e9seau Vivre la Ville","description":"","potentialAction":[{"@type":"SearchAction","target":{"@type":"EntryPoint","urlTemplate":"https:\/\/www.reseau-vivre-la-ville.fr\/?s={search_term_string}"},"query-input":{"@type":"PropertyValueSpecification","valueRequired":true,"valueName":"search_term_string"}}],"inLanguage":"fr-FR"}]}},"_links":{"self":[{"href":"https:\/\/www.reseau-vivre-la-ville.fr\/index.php?rest_route=\/wp\/v2\/pages\/57","targetHints":{"allow":["GET"]}}],"collection":[{"href":"https:\/\/www.reseau-vivre-la-ville.fr\/index.php?rest_route=\/wp\/v2\/pages"}],"about":[{"href":"https:\/\/www.reseau-vivre-la-ville.fr\/index.php?rest_route=\/wp\/v2\/types\/page"}],"author":[{"embeddable":true,"href":"https:\/\/www.reseau-vivre-la-ville.fr\/index.php?rest_route=\/wp\/v2\/users\/7"}],"replies":[{"embeddable":true,"href":"https:\/\/www.reseau-vivre-la-ville.fr\/index.php?rest_route=%2Fwp%2Fv2%2Fcomments&post=57"}],"version-history":[{"count":165,"href":"https:\/\/www.reseau-vivre-la-ville.fr\/index.php?rest_route=\/wp\/v2\/pages\/57\/revisions"}],"predecessor-version":[{"id":3005,"href":"https:\/\/www.reseau-vivre-la-ville.fr\/index.php?rest_route=\/wp\/v2\/pages\/57\/revisions\/3005"}],"wp:attachment":[{"href":"https:\/\/www.reseau-vivre-la-ville.fr\/index.php?rest_route=%2Fwp%2Fv2%2Fmedia&parent=57"}],"curies":[{"name":"wp","href":"https:\/\/api.w.org\/{rel}","templated":true}]}}