{"id":414,"date":"2015-10-08T08:39:12","date_gmt":"2015-10-08T06:39:12","guid":{"rendered":"https:\/\/www.reseau-vivre-la-ville.fr\/?page_id=414"},"modified":"2025-03-19T16:25:11","modified_gmt":"2025-03-19T15:25:11","slug":"nos-actions","status":"publish","type":"page","link":"https:\/\/www.reseau-vivre-la-ville.fr\/?page_id=414","title":{"rendered":"Nos actions"},"content":{"rendered":"<p><a href=\"#2018\">2018<\/a> &#8211; <a href=\"#2017\">2017<\/a> &#8211; <a href=\"#2016\">2016<\/a> &#8211; <a href=\"#2015\">2015<\/a><\/p>\n<div id=\"2018\">2018 &#8211; <a href=\"#top\">Haut<\/a><\/div>\n<ul>\n<li><a href=\"https:\/\/www.reseau-vivre-la-ville.fr\/?page_id=1238\">4\u00e8mes rencontres internationales du R\u00e9seau Europ\u00e9en \u00ab\u00a0Vivre la Ville\u00a0\u00bb ! les 23 au 25 mars \u00e0 Bruxelles<\/a><\/li>\n<\/ul>\n<hr \/>\n<div id=\"2017\">2017 &#8211; <a href=\"#top\">Haut<\/a><\/div>\n<ul>\n<li><a href=\"https:\/\/www.reseau-vivre-la-ville.fr\/?page_id=1238\">3\u00e8mes rencontres internationales du R\u00e9seau Europ\u00e9en \u00ab\u00a0Vivre la Ville\u00a0\u00bb ! les 25 et 26 mars \u00e0 Madrid<\/a><\/li>\n<\/ul>\n<hr \/>\n<div id=\"2016\">2016 &#8211; <a href=\"#top\">Haut<\/a><\/div>\n<ul>\n<li><a href=\"https:\/\/www.reseau-vivre-la-ville.fr\/wp-content\/uploads\/2016\/09\/ManifesteRVV-31-05-16_A4.pdf\" target=\"_blank\" rel=\"noopener noreferrer\">Manifeste europ\u00e9en pour une r\u00e9gulation de la vie nocturne<\/a><\/li>\n<li>R\u00e9union publique &#8211; <a href=\"https:\/\/www.reseau-vivre-paris.fr\/2016\/06\/nuisances-nocturnes-les-citoyens-europeens-se-mobilisent-les-interventions-et-les-documents\/\">Nuisances nocturnes : les citoyens europ\u00e9ens se mobilisent<\/a> &#8211; 31 mai 2016<\/li>\n<li><a href=\"https:\/\/www.reseau-vivre-la-ville.fr\/wp-content\/uploads\/2016\/06\/2016-05-12_CR_RV_Min_Sante.pdf\" target=\"_blank\" rel=\"noopener noreferrer\">R\u00e9union au Minist\u00e8re de la Sant\u00e9 \u00e0 notre demande<\/a> &#8211; 12 mai 2016<\/li>\n<\/ul>\n<hr \/>\n<div id=\"2015\">2015 &#8211; <a href=\"#top\">Haut<\/a><\/div>\n<ul>\n<li><a href=\"https:\/\/www.reseau-vivre-paris.fr\/2015\/11\/le-reseau-vivre-la-ville-recu-par-la-direction-centrale-de-la-securite-publique\/\" target=\"_blank\" rel=\"noopener noreferrer\">Le R\u00e9seau \u00ab\u00a0Vivre la Ville!\u00a0\u00bb re\u00e7u par le Directeur Central de la S\u00e9curit\u00e9 Publique<\/a> &#8211; 19 novembre 2015<\/li>\n<li><a href=\"https:\/\/www.reseau-vivre-la-ville.fr\/?p=406\" target=\"_blank\" rel=\"noopener noreferrer\">Le R\u00e9seau \u201cVivre la Ville!\u00a0\u00bb \u00e9crit au Ministre des Affaires \u00e9trang\u00e8res et du D\u00e9veloppement international suite \u00e0 la publication d&rsquo;un rapport sur le tourisme nocturne<\/a> &#8211; 2 octobre 2015<\/li>\n<li><a href=\"https:\/\/www.reseau-vivre-la-ville.fr\/wp-content\/uploads\/2015\/10\/2015-09-11_intro_rvv.pdf\" target=\"_blank\" rel=\"noopener noreferrer\">Le R\u00e9seau \u00ab\u00a0Vivre la Ville !\u00a0\u00bb a \u00e9t\u00e9 re\u00e7u par le Sous-Directeur des Polices Administratives<\/a> \u00e0 la Direction des Libert\u00e9s Publiques et des Affaires Juridiques du minist\u00e8re de l\u2019Int\u00e9rieur et le responsable des affaires juridiques relatives aux d\u00e9bits de boissons &#8211; 11 septembre 2015<\/li>\n<li><a href=\"https:\/\/www.reseau-vivre-la-ville.fr\/?p=324\" target=\"_blank\" rel=\"noopener noreferrer\">Le R\u00e9seau \u00ab\u00a0Vivre la Ville !\u00a0\u00bb a rencontr\u00e9 M. HANOH, adjoint au Maire de Lille<\/a> &#8211; 1er juillet 2015<\/li>\n<li><a href=\"https:\/\/www.reseau-vivre-la-ville.fr\/?p=230\" target=\"_blank\" rel=\"noopener noreferrer\">Le R\u00e9seau \u00ab\u00a0Vivre la Ville !\u00a0\u00bb a rencontr\u00e9 Mich\u00e8le Rivasi, d\u00e9put\u00e9e europ\u00e9enne<\/a> &#8211; 29 avril 2015<\/li>\n<li><a href=\"https:\/\/www.reseau-vivre-la-ville.fr\/?p=53\" target=\"_blank\" rel=\"noopener noreferrer\">Organisation d&rsquo;une r\u00e9union publique intitul\u00e9e \u00ab\u00a0Nuisances nocturnes : une fatalit\u00e9 ?\u00a0\u00bb<\/a> &#8211; 10 janvier 2015<\/li>\n<\/ul>\n","protected":false},"excerpt":{"rendered":"<p>2018 &#8211; 2017 &#8211; 2016 &#8211; 2015 2018 &#8211; Haut 4\u00e8mes rencontres internationales du R\u00e9seau Europ\u00e9en \u00ab\u00a0Vivre la Ville\u00a0\u00bb ! les 23 au 25 mars \u00e0 Bruxelles 2017 &#8211; Haut 3\u00e8mes rencontres internationales du R\u00e9seau Europ\u00e9en \u00ab\u00a0Vivre la Ville\u00a0\u00bb ! les 25 et 26 mars \u00e0 Madrid 2016 &#8211; Haut Manifeste europ\u00e9en pour une r\u00e9gulation [&hellip;]<\/p>\n","protected":false},"author":7,"featured_media":0,"parent":0,"menu_order":0,"comment_status":"closed","ping_status":"closed","template":"template-fullwidth.php","meta":{"_monsterinsights_skip_tracking":false,"_monsterinsights_sitenote_active":false,"_monsterinsights_sitenote_note":"","_monsterinsights_sitenote_category":0,"footnotes":""},"class_list":["post-414","page","type-page","status-publish","hentry","post-preview"],"yoast_head":"<!-- This site is optimized with the Yoast SEO plugin v27.3 - https:\/\/yoast.com\/product\/yoast-seo-wordpress\/ -->\n<title>Nos actions - R\u00e9seau Vivre la Ville<\/title>\n<meta name=\"robots\" content=\"index, follow, max-snippet:-1, max-image-preview:large, max-video-preview:-1\" \/>\n<link rel=\"canonical\" href=\"https:\/\/www.reseau-vivre-la-ville.fr\/?page_id=414\" \/>\n<meta property=\"og:locale\" content=\"fr_FR\" \/>\n<meta property=\"og:type\" content=\"article\" \/>\n<meta property=\"og:title\" content=\"Nos actions - R\u00e9seau Vivre la Ville\" \/>\n<meta property=\"og:description\" content=\"2018 &#8211; 2017 &#8211; 2016 &#8211; 2015 2018 &#8211; Haut 4\u00e8mes rencontres internationales du R\u00e9seau Europ\u00e9en \u00ab\u00a0Vivre la Ville\u00a0\u00bb ! les 23 au 25 mars \u00e0 Bruxelles 2017 &#8211; Haut 3\u00e8mes rencontres internationales du R\u00e9seau Europ\u00e9en \u00ab\u00a0Vivre la Ville\u00a0\u00bb ! les 25 et 26 mars \u00e0 Madrid 2016 &#8211; Haut Manifeste europ\u00e9en pour une r\u00e9gulation [&hellip;]\" \/>\n<meta property=\"og:url\" content=\"https:\/\/www.reseau-vivre-la-ville.fr\/?page_id=414\" \/>\n<meta property=\"og:site_name\" content=\"R\u00e9seau Vivre la Ville\" \/>\n<meta property=\"article:publisher\" content=\"https:\/\/www.facebook.com\/vivrelaville\/\" \/>\n<meta property=\"article:modified_time\" content=\"2025-03-19T15:25:11+00:00\" \/>\n<meta name=\"twitter:card\" content=\"summary_large_image\" \/>\n<meta name=\"twitter:label1\" content=\"Dur\u00e9e de lecture estim\u00e9e\" \/>\n\t<meta name=\"twitter:data1\" content=\"2 minutes\" \/>\n<script type=\"application\/ld+json\" class=\"yoast-schema-graph\">{\"@context\":\"https:\\\/\\\/schema.org\",\"@graph\":[{\"@type\":\"WebPage\",\"@id\":\"https:\\\/\\\/www.reseau-vivre-la-ville.fr\\\/?page_id=414\",\"url\":\"https:\\\/\\\/www.reseau-vivre-la-ville.fr\\\/?page_id=414\",\"name\":\"Nos actions - R\u00e9seau Vivre la Ville\",\"isPartOf\":{\"@id\":\"https:\\\/\\\/www.reseau-vivre-la-ville.fr\\\/#website\"},\"datePublished\":\"2015-10-08T06:39:12+00:00\",\"dateModified\":\"2025-03-19T15:25:11+00:00\",\"breadcrumb\":{\"@id\":\"https:\\\/\\\/www.reseau-vivre-la-ville.fr\\\/?page_id=414#breadcrumb\"},\"inLanguage\":\"fr-FR\",\"potentialAction\":[{\"@type\":\"ReadAction\",\"target\":[\"https:\\\/\\\/www.reseau-vivre-la-ville.fr\\\/?page_id=414\"]}]},{\"@type\":\"BreadcrumbList\",\"@id\":\"https:\\\/\\\/www.reseau-vivre-la-ville.fr\\\/?page_id=414#breadcrumb\",\"itemListElement\":[{\"@type\":\"ListItem\",\"position\":1,\"name\":\"Accueil\",\"item\":\"https:\\\/\\\/www.reseau-vivre-la-ville.fr\\\/\"},{\"@type\":\"ListItem\",\"position\":2,\"name\":\"Nos actions\"}]},{\"@type\":\"WebSite\",\"@id\":\"https:\\\/\\\/www.reseau-vivre-la-ville.fr\\\/#website\",\"url\":\"https:\\\/\\\/www.reseau-vivre-la-ville.fr\\\/\",\"name\":\"R\u00e9seau Vivre la Ville\",\"description\":\"\",\"potentialAction\":[{\"@type\":\"SearchAction\",\"target\":{\"@type\":\"EntryPoint\",\"urlTemplate\":\"https:\\\/\\\/www.reseau-vivre-la-ville.fr\\\/?s={search_term_string}\"},\"query-input\":{\"@type\":\"PropertyValueSpecification\",\"valueRequired\":true,\"valueName\":\"search_term_string\"}}],\"inLanguage\":\"fr-FR\"}]}<\/script>\n<!-- \/ Yoast SEO plugin. -->","yoast_head_json":{"title":"Nos actions - R\u00e9seau Vivre la Ville","robots":{"index":"index","follow":"follow","max-snippet":"max-snippet:-1","max-image-preview":"max-image-preview:large","max-video-preview":"max-video-preview:-1"},"canonical":"https:\/\/www.reseau-vivre-la-ville.fr\/?page_id=414","og_locale":"fr_FR","og_type":"article","og_title":"Nos actions - R\u00e9seau Vivre la Ville","og_description":"2018 &#8211; 2017 &#8211; 2016 &#8211; 2015 2018 &#8211; Haut 4\u00e8mes rencontres internationales du R\u00e9seau Europ\u00e9en \u00ab\u00a0Vivre la Ville\u00a0\u00bb ! les 23 au 25 mars \u00e0 Bruxelles 2017 &#8211; Haut 3\u00e8mes rencontres internationales du R\u00e9seau Europ\u00e9en \u00ab\u00a0Vivre la Ville\u00a0\u00bb ! les 25 et 26 mars \u00e0 Madrid 2016 &#8211; Haut Manifeste europ\u00e9en pour une r\u00e9gulation [&hellip;]","og_url":"https:\/\/www.reseau-vivre-la-ville.fr\/?page_id=414","og_site_name":"R\u00e9seau Vivre la Ville","article_publisher":"https:\/\/www.facebook.com\/vivrelaville\/","article_modified_time":"2025-03-19T15:25:11+00:00","twitter_card":"summary_large_image","twitter_misc":{"Dur\u00e9e de lecture estim\u00e9e":"2 minutes"},"schema":{"@context":"https:\/\/schema.org","@graph":[{"@type":"WebPage","@id":"https:\/\/www.reseau-vivre-la-ville.fr\/?page_id=414","url":"https:\/\/www.reseau-vivre-la-ville.fr\/?page_id=414","name":"Nos actions - R\u00e9seau Vivre la Ville","isPartOf":{"@id":"https:\/\/www.reseau-vivre-la-ville.fr\/#website"},"datePublished":"2015-10-08T06:39:12+00:00","dateModified":"2025-03-19T15:25:11+00:00","breadcrumb":{"@id":"https:\/\/www.reseau-vivre-la-ville.fr\/?page_id=414#breadcrumb"},"inLanguage":"fr-FR","potentialAction":[{"@type":"ReadAction","target":["https:\/\/www.reseau-vivre-la-ville.fr\/?page_id=414"]}]},{"@type":"BreadcrumbList","@id":"https:\/\/www.reseau-vivre-la-ville.fr\/?page_id=414#breadcrumb","itemListElement":[{"@type":"ListItem","position":1,"name":"Accueil","item":"https:\/\/www.reseau-vivre-la-ville.fr\/"},{"@type":"ListItem","position":2,"name":"Nos actions"}]},{"@type":"WebSite","@id":"https:\/\/www.reseau-vivre-la-ville.fr\/#website","url":"https:\/\/www.reseau-vivre-la-ville.fr\/","name":"R\u00e9seau Vivre la Ville","description":"","potentialAction":[{"@type":"SearchAction","target":{"@type":"EntryPoint","urlTemplate":"https:\/\/www.reseau-vivre-la-ville.fr\/?s={search_term_string}"},"query-input":{"@type":"PropertyValueSpecification","valueRequired":true,"valueName":"search_term_string"}}],"inLanguage":"fr-FR"}]}},"_links":{"self":[{"href":"https:\/\/www.reseau-vivre-la-ville.fr\/index.php?rest_route=\/wp\/v2\/pages\/414","targetHints":{"allow":["GET"]}}],"collection":[{"href":"https:\/\/www.reseau-vivre-la-ville.fr\/index.php?rest_route=\/wp\/v2\/pages"}],"about":[{"href":"https:\/\/www.reseau-vivre-la-ville.fr\/index.php?rest_route=\/wp\/v2\/types\/page"}],"author":[{"embeddable":true,"href":"https:\/\/www.reseau-vivre-la-ville.fr\/index.php?rest_route=\/wp\/v2\/users\/7"}],"replies":[{"embeddable":true,"href":"https:\/\/www.reseau-vivre-la-ville.fr\/index.php?rest_route=%2Fwp%2Fv2%2Fcomments&post=414"}],"version-history":[{"count":17,"href":"https:\/\/www.reseau-vivre-la-ville.fr\/index.php?rest_route=\/wp\/v2\/pages\/414\/revisions"}],"predecessor-version":[{"id":2745,"href":"https:\/\/www.reseau-vivre-la-ville.fr\/index.php?rest_route=\/wp\/v2\/pages\/414\/revisions\/2745"}],"wp:attachment":[{"href":"https:\/\/www.reseau-vivre-la-ville.fr\/index.php?rest_route=%2Fwp%2Fv2%2Fmedia&parent=414"}],"curies":[{"name":"wp","href":"https:\/\/api.w.org\/{rel}","templated":true}]}}