{"id":373,"date":"2015-09-19T15:34:33","date_gmt":"2015-09-19T13:34:33","guid":{"rendered":"https:\/\/www.reseau-vivre-la-ville.fr\/?page_id=373"},"modified":"2025-03-19T16:22:30","modified_gmt":"2025-03-19T15:22:30","slug":"alcoolisation-documents","status":"publish","type":"page","link":"https:\/\/www.reseau-vivre-la-ville.fr\/?page_id=373","title":{"rendered":"Alcoolisation : documents"},"content":{"rendered":"<ul>\n<li><a href=\"https:\/\/www.reseau-vivre-paris.fr\/wp-content\/uploads\/2019\/01\/2018-11_guide_debits_boissons-1.pdf\" target=\"_blank\" rel=\"noopener\">Guide des d\u00e9bits de boissons \u2013 Les principales dispositions de la l\u00e9gislation et de la r\u00e9glementation<\/a><\/li>\n<li><a href=\"https:\/\/www.prefecturedepolice.interieur.gouv.fr\/Demarches\/Professionnel\/Activites-reglementees-et-police-administrative\/Licence-de-debit-de-boissons-de-restaurant-et-de-vente-a-emporter\" rel=\"noopener\" target=\"_blank\">Les licences de d\u00e9bits de boissons, de restaurant et de vente \u00e0 emporter<\/a> &#8211; Pr\u00e9fecture de Police de Paris<\/li>\n<li><a href=\"http:\/\/www.grea.ch\/sites\/default\/files\/article7_ps.pdf\" rel=\"noopener\" target=\"_blank\">Du canap\u00e9 au bistro \u2013 suivi de l&rsquo;\u00e9volution de la consommation d&rsquo;alcool des jeunes adultes durant les soir\u00e9es de fin de semaine<\/a> par Florian Labhart, collaborateur scientifique, Emmanuel Kuntsche, chef de projet de recherche, Addiction Suisse, Lausanne<\/li>\n<li><a href=\"https:\/\/www.reseau-vivre-la-ville.fr\/wp-content\/uploads\/2015\/09\/2016-12-20_alcoolisation_aigue_urgences_paris.pdf\" target=\"_blank\" rel=\"noopener\">Cas d\u2019alcoolisation aigu\u00eb vus aux urgences, \u00e0 Paris de janvier 2014 \u00e0 septembre 2016<\/a> &#8211; novembre 2016 &#8211; AP-HP (D\u00e9partement de l\u2019Organisation M\u00e9dicale et des relations avec les Universit\u00e9s)<\/li>\n<li><a href=\"https:\/\/www.reseau-vivre-la-ville.fr\/wp-content\/uploads\/2016\/06\/20160613-communique-rapport-politique-lutte-consommations-nocives-alcool.pdf\" target=\"_blank\" rel=\"noopener\">Communiqu\u00e9 de presse &#8211; Les politiques de lutte contre les consommations nocives d&rsquo;alcool<\/a> &#8211; Cour des Comptes &#8211; 13 juin 2016<\/li>\n<li><a href=\"https:\/\/www.reseau-vivre-la-ville.fr\/wp-content\/uploads\/2016\/06\/20160613-rapport-politique-lutte-consommations-nocives-alcool.pdf\" target=\"_blank\" rel=\"noopener\">Les politiques de lutte contre les consommations nocives d&rsquo;alcool<\/a> &#8211; Rapport de la Cour des comptes &#8211; 13 juin 2016<\/li>\n<li><a href=\"http:\/\/www.inserm.fr\/thematiques\/neurosciences-sciences-cognitives-neurologie-psychiatrie\/dossiers-d-information\/alcool-et-sante-bilan-et-perspectives\" target=\"_blank\" rel=\"noopener\">Alcool et sant\u00e9<\/a> &#8211; INSERM &#8211; mars 2016<\/li>\n<li><a href=\"https:\/\/www.reseau-vivre-paris.fr\/wp-content\/uploads\/2015\/05\/2015-09-10_ofdt_cout_drogues.pdf\" target=\"_blank\" rel=\"noopener\">Le co\u00fbt social des drogues en France<\/a> par Pierre Kopp, Professeur \u00e0 l\u2019universit\u00e9 Panth\u00e9on-Sorbonne (Paris I), chercheur au Centre d\u2019Economie de la Sorbonne, et \u00e0 Paris School of Economics &#8211; Observatoires Fran\u00e7ais des Drogues et des Toxicomanies &#8211; 10 Septembre 2015<\/li>\n<li><a href=\"http:\/\/www.ipubli.inserm.fr\/bitstream\/handle\/10608\/5966\/?sequence=19\" target=\"_blank\" rel=\"noopener\">Effets n\u00e9fastes de l\u2019alcool : impact du binge drinking sur le cerveau<\/a> &#8211; INSERM<\/li>\n<li><a href=\"http:\/\/tnova.fr\/system\/contents\/files\/000\/001\/161\/original\/25042016_-_Retrouver_le_sommeil__une_affaire_publique.pdf?1462203056\" target=\"_blank\" rel=\"noopener\">Retrouver le sommeil, une affaire publique<\/a> &#8211; Think Tank Terra Nova &#8211; 25 avril 2016<\/li>\n<li><a href=\"https:\/\/www.youtube.com\/watch?v=z5S1w7hdwUM\" target=\"_blank\" rel=\"noopener\">Ozie Boo prot\u00e8ge ta plan\u00e8te &#8211; Le bruit est une pollution !<\/a><\/li>\n<li><a href=\"http:\/\/www.interieur.gouv.fr\/A-votre-service\/Mes-demarches\/Logement\/Vie-pratique-dans-un-logement\/Troubles-de-voisinage\/Troubles-de-voisinage-bruits-d-activite-nuisances-sonores\" target=\"_blank\" rel=\"noopener\">Troubles de voisinage : bruits d&rsquo;activit\u00e9 (nuisances sonores)<\/a> &#8211; Minist\u00e8re de l&rsquo;Int\u00e9rieur (maj 28 mai 2015)<\/li>\n<li><a href=\"https:\/\/www.reseau-vivre-la-ville.fr\/wp-content\/uploads\/2015\/04\/1632.pdf\" target=\"_blank\" rel=\"noopener\">La consommation d\u2019alcool en France en 2014<\/a> &#8211; Evolutions &#8211; avril 2015<\/li>\n<li><a href=\"https:\/\/www.reseau-vivre-paris.fr\/wp-content\/uploads\/2015\/05\/2015-04-01_inpes_ivresses_jeunes.pdf\" target=\"_blank\" rel=\"noopener\">Les ivresses de plus en plus fr\u00e9quentes chez les jeunes<\/a> &#8211; Inpes (Institut national de pr\u00e9vention et d&rsquo;\u00e9ducation pour la sant\u00e9) &#8211; 1er avril 2015<\/li>\n<li><a href=\"https:\/\/www.reseau-vivre-paris.fr\/docs_pdf\/2013\/2012-01-01_invs_rapport_alcool_jeunes.pdf\" target=\"_blank\" rel=\"noopener\">La consommation d\u2019alcool des 18-25 ans en 2010 en France : sp\u00e9cificit\u00e9s et \u00e9volutions depuis 2005<\/a> &#8211; publi\u00e9 par l&rsquo;InVS (Institut de Veille Sanitaire)<\/li>\n<li><a href=\"https:\/\/www.reseau-vivre-paris.fr\/wp-content\/uploads\/2015\/05\/2015-04-22_parlement_europeen_proposition_resolution_alcool.pdf\" target=\"_blank\" rel=\"noopener\">Proposition de r\u00e9solution du Parlement europ\u00e9en sur la strat\u00e9gie en mati\u00e8re d&rsquo;alcool<\/a> &#8211; Parlement Europ\u00e9en &#8211; 22 avril 2015<\/li>\n<li><a href=\"http:\/\/www.inserm.fr\/actualites\/rubriques\/actualites-recherche\/les-cerveaux-d-adolescents-plus-vulnerables-a-l-alcool-que-ceux-des-adultes\" target=\"_blank\" rel=\"noopener\">Les cerveaux des adolescents plus vuln\u00e9rables \u00e0 l\u2019alcool que ceux des adultes<\/a> &#8211; INSERM &#8211; 11 f\u00e9vrier 2015<\/li>\n<li><a href=\"https:\/\/www.reseau-vivre-paris.fr\/wp-content\/uploads\/2015\/05\/2009_loi_alcool.pdf\" target=\"_blank\" rel=\"noopener\">LOI n\u00b02009-879 du 21 juillet 2009<\/a> portant r\u00e9forme de l&rsquo;h\u00f4pital et relative aux patients, \u00e0 la sant\u00e9 et aux territoires &#8211; TITRE III : PREVENTION ET SANTE PUBLIQUE (Extraits concernant les mesures portant sur l\u2019alcool)<\/li>\n<li><a href=\"http:\/\/pubs.niaaa.nih.gov\/publications\/aa63\/aa63.htm\" target=\"_blank\" rel=\"noopener\">Alcohol&rsquo;s damaging effect on the brain<\/a> &#8211; National Institute on Alcohol Abuse and Alcoholism &#8211; October 2004<\/li>\n<\/ul>\n","protected":false},"excerpt":{"rendered":"<p>Guide des d\u00e9bits de boissons \u2013 Les principales dispositions de la l\u00e9gislation et de la r\u00e9glementation Les licences de d\u00e9bits de boissons, de restaurant et de vente \u00e0 emporter &#8211; Pr\u00e9fecture de Police de Paris Du canap\u00e9 au bistro \u2013 suivi de l&rsquo;\u00e9volution de la consommation d&rsquo;alcool des jeunes adultes durant les soir\u00e9es de fin [&hellip;]<\/p>\n","protected":false},"author":7,"featured_media":0,"parent":0,"menu_order":0,"comment_status":"closed","ping_status":"closed","template":"template-fullwidth.php","meta":{"_monsterinsights_skip_tracking":false,"_monsterinsights_sitenote_active":false,"_monsterinsights_sitenote_note":"","_monsterinsights_sitenote_category":0,"footnotes":""},"class_list":["post-373","page","type-page","status-publish","hentry","post-preview"],"yoast_head":"<!-- This site is optimized with the Yoast SEO plugin v27.3 - https:\/\/yoast.com\/product\/yoast-seo-wordpress\/ -->\n<title>Alcoolisation : documents - R\u00e9seau Vivre la Ville<\/title>\n<meta name=\"robots\" content=\"index, follow, max-snippet:-1, max-image-preview:large, max-video-preview:-1\" \/>\n<link rel=\"canonical\" href=\"https:\/\/www.reseau-vivre-la-ville.fr\/?page_id=373\" \/>\n<meta property=\"og:locale\" content=\"fr_FR\" \/>\n<meta property=\"og:type\" content=\"article\" \/>\n<meta property=\"og:title\" content=\"Alcoolisation : documents - R\u00e9seau Vivre la Ville\" \/>\n<meta property=\"og:description\" content=\"Guide des d\u00e9bits de boissons \u2013 Les principales dispositions de la l\u00e9gislation et de la r\u00e9glementation Les licences de d\u00e9bits de boissons, de restaurant et de vente \u00e0 emporter &#8211; Pr\u00e9fecture de Police de Paris Du canap\u00e9 au bistro \u2013 suivi de l&rsquo;\u00e9volution de la consommation d&rsquo;alcool des jeunes adultes durant les soir\u00e9es de fin [&hellip;]\" \/>\n<meta property=\"og:url\" content=\"https:\/\/www.reseau-vivre-la-ville.fr\/?page_id=373\" \/>\n<meta property=\"og:site_name\" content=\"R\u00e9seau Vivre la Ville\" \/>\n<meta property=\"article:publisher\" content=\"https:\/\/www.facebook.com\/vivrelaville\/\" \/>\n<meta property=\"article:modified_time\" content=\"2025-03-19T15:22:30+00:00\" \/>\n<meta name=\"twitter:card\" content=\"summary_large_image\" \/>\n<meta name=\"twitter:label1\" content=\"Dur\u00e9e de lecture estim\u00e9e\" \/>\n\t<meta name=\"twitter:data1\" content=\"2 minutes\" \/>\n<script type=\"application\/ld+json\" class=\"yoast-schema-graph\">{\"@context\":\"https:\\\/\\\/schema.org\",\"@graph\":[{\"@type\":\"WebPage\",\"@id\":\"https:\\\/\\\/www.reseau-vivre-la-ville.fr\\\/?page_id=373\",\"url\":\"https:\\\/\\\/www.reseau-vivre-la-ville.fr\\\/?page_id=373\",\"name\":\"Alcoolisation : documents - R\u00e9seau Vivre la Ville\",\"isPartOf\":{\"@id\":\"https:\\\/\\\/www.reseau-vivre-la-ville.fr\\\/#website\"},\"datePublished\":\"2015-09-19T13:34:33+00:00\",\"dateModified\":\"2025-03-19T15:22:30+00:00\",\"breadcrumb\":{\"@id\":\"https:\\\/\\\/www.reseau-vivre-la-ville.fr\\\/?page_id=373#breadcrumb\"},\"inLanguage\":\"fr-FR\",\"potentialAction\":[{\"@type\":\"ReadAction\",\"target\":[\"https:\\\/\\\/www.reseau-vivre-la-ville.fr\\\/?page_id=373\"]}]},{\"@type\":\"BreadcrumbList\",\"@id\":\"https:\\\/\\\/www.reseau-vivre-la-ville.fr\\\/?page_id=373#breadcrumb\",\"itemListElement\":[{\"@type\":\"ListItem\",\"position\":1,\"name\":\"Accueil\",\"item\":\"https:\\\/\\\/www.reseau-vivre-la-ville.fr\\\/\"},{\"@type\":\"ListItem\",\"position\":2,\"name\":\"Alcoolisation : documents\"}]},{\"@type\":\"WebSite\",\"@id\":\"https:\\\/\\\/www.reseau-vivre-la-ville.fr\\\/#website\",\"url\":\"https:\\\/\\\/www.reseau-vivre-la-ville.fr\\\/\",\"name\":\"R\u00e9seau Vivre la Ville\",\"description\":\"\",\"potentialAction\":[{\"@type\":\"SearchAction\",\"target\":{\"@type\":\"EntryPoint\",\"urlTemplate\":\"https:\\\/\\\/www.reseau-vivre-la-ville.fr\\\/?s={search_term_string}\"},\"query-input\":{\"@type\":\"PropertyValueSpecification\",\"valueRequired\":true,\"valueName\":\"search_term_string\"}}],\"inLanguage\":\"fr-FR\"}]}<\/script>\n<!-- \/ Yoast SEO plugin. -->","yoast_head_json":{"title":"Alcoolisation : documents - R\u00e9seau Vivre la Ville","robots":{"index":"index","follow":"follow","max-snippet":"max-snippet:-1","max-image-preview":"max-image-preview:large","max-video-preview":"max-video-preview:-1"},"canonical":"https:\/\/www.reseau-vivre-la-ville.fr\/?page_id=373","og_locale":"fr_FR","og_type":"article","og_title":"Alcoolisation : documents - R\u00e9seau Vivre la Ville","og_description":"Guide des d\u00e9bits de boissons \u2013 Les principales dispositions de la l\u00e9gislation et de la r\u00e9glementation Les licences de d\u00e9bits de boissons, de restaurant et de vente \u00e0 emporter &#8211; Pr\u00e9fecture de Police de Paris Du canap\u00e9 au bistro \u2013 suivi de l&rsquo;\u00e9volution de la consommation d&rsquo;alcool des jeunes adultes durant les soir\u00e9es de fin [&hellip;]","og_url":"https:\/\/www.reseau-vivre-la-ville.fr\/?page_id=373","og_site_name":"R\u00e9seau Vivre la Ville","article_publisher":"https:\/\/www.facebook.com\/vivrelaville\/","article_modified_time":"2025-03-19T15:22:30+00:00","twitter_card":"summary_large_image","twitter_misc":{"Dur\u00e9e de lecture estim\u00e9e":"2 minutes"},"schema":{"@context":"https:\/\/schema.org","@graph":[{"@type":"WebPage","@id":"https:\/\/www.reseau-vivre-la-ville.fr\/?page_id=373","url":"https:\/\/www.reseau-vivre-la-ville.fr\/?page_id=373","name":"Alcoolisation : documents - R\u00e9seau Vivre la Ville","isPartOf":{"@id":"https:\/\/www.reseau-vivre-la-ville.fr\/#website"},"datePublished":"2015-09-19T13:34:33+00:00","dateModified":"2025-03-19T15:22:30+00:00","breadcrumb":{"@id":"https:\/\/www.reseau-vivre-la-ville.fr\/?page_id=373#breadcrumb"},"inLanguage":"fr-FR","potentialAction":[{"@type":"ReadAction","target":["https:\/\/www.reseau-vivre-la-ville.fr\/?page_id=373"]}]},{"@type":"BreadcrumbList","@id":"https:\/\/www.reseau-vivre-la-ville.fr\/?page_id=373#breadcrumb","itemListElement":[{"@type":"ListItem","position":1,"name":"Accueil","item":"https:\/\/www.reseau-vivre-la-ville.fr\/"},{"@type":"ListItem","position":2,"name":"Alcoolisation : documents"}]},{"@type":"WebSite","@id":"https:\/\/www.reseau-vivre-la-ville.fr\/#website","url":"https:\/\/www.reseau-vivre-la-ville.fr\/","name":"R\u00e9seau Vivre la Ville","description":"","potentialAction":[{"@type":"SearchAction","target":{"@type":"EntryPoint","urlTemplate":"https:\/\/www.reseau-vivre-la-ville.fr\/?s={search_term_string}"},"query-input":{"@type":"PropertyValueSpecification","valueRequired":true,"valueName":"search_term_string"}}],"inLanguage":"fr-FR"}]}},"_links":{"self":[{"href":"https:\/\/www.reseau-vivre-la-ville.fr\/index.php?rest_route=\/wp\/v2\/pages\/373","targetHints":{"allow":["GET"]}}],"collection":[{"href":"https:\/\/www.reseau-vivre-la-ville.fr\/index.php?rest_route=\/wp\/v2\/pages"}],"about":[{"href":"https:\/\/www.reseau-vivre-la-ville.fr\/index.php?rest_route=\/wp\/v2\/types\/page"}],"author":[{"embeddable":true,"href":"https:\/\/www.reseau-vivre-la-ville.fr\/index.php?rest_route=\/wp\/v2\/users\/7"}],"replies":[{"embeddable":true,"href":"https:\/\/www.reseau-vivre-la-ville.fr\/index.php?rest_route=%2Fwp%2Fv2%2Fcomments&post=373"}],"version-history":[{"count":12,"href":"https:\/\/www.reseau-vivre-la-ville.fr\/index.php?rest_route=\/wp\/v2\/pages\/373\/revisions"}],"predecessor-version":[{"id":2974,"href":"https:\/\/www.reseau-vivre-la-ville.fr\/index.php?rest_route=\/wp\/v2\/pages\/373\/revisions\/2974"}],"wp:attachment":[{"href":"https:\/\/www.reseau-vivre-la-ville.fr\/index.php?rest_route=%2Fwp%2Fv2%2Fmedia&parent=373"}],"curies":[{"name":"wp","href":"https:\/\/api.w.org\/{rel}","templated":true}]}}