{"id":2245,"date":"2018-11-17T15:18:48","date_gmt":"2018-11-17T14:18:48","guid":{"rendered":"https:\/\/www.reseau-vivre-la-ville.fr\/?page_id=2245"},"modified":"2024-07-05T13:31:14","modified_gmt":"2024-07-05T12:31:14","slug":"politique-de-confidentialite","status":"publish","type":"page","link":"https:\/\/www.reseau-vivre-la-ville.fr\/?page_id=2245","title":{"rendered":"Politique de confidentialit\u00e9"},"content":{"rendered":"<h2>Qui sommes-nous\u00a0?<\/h2>\n<p>L\u2019adresse de notre site Web est\u00a0: http:\/\/www.reseau-vivre-la-ville.fr.<\/p>\n<h2>Utilisation des donn\u00e9es personnelles collect\u00e9es<\/h2>\n<h3>Commentaires<\/h3>\n<p>Quand vous laissez un commentaire sur notre site web, les donn\u00e9es inscrites dans le formulaire de commentaire, mais aussi votre adresse IP et l\u2019agent utilisateur de votre navigateur sont collect\u00e9s pour nous aider \u00e0 la d\u00e9tection des commentaires ind\u00e9sirables.<\/p>\n<h3>Formulaires de contact<\/h3>\n<h3>Cookies<\/h3>\n<p>Si vous d\u00e9posez un commentaire sur notre site, il vous sera propos\u00e9 d\u2019enregistrer votre nom, adresse de messagerie et site web dans des cookies. C\u2019est uniquement pour votre confort afin de ne pas avoir \u00e0 saisir ces informations si vous d\u00e9posez un autre commentaire plus tard. Ces cookies expirent au bout d\u2019un an.<\/p>\n<p>Lorsque vous vous connecterez, nous mettrons en place un certain nombre de cookies pour enregistrer vos informations de connexion et vos pr\u00e9f\u00e9rences d\u2019\u00e9cran. La dur\u00e9e de vie d\u2019un cookie de connexion est de deux jours, celle d\u2019un cookie d\u2019option d\u2019\u00e9cran est d\u2019un an. Si vous cochez \u00ab\u00a0Se souvenir de moi\u00a0\u00bb, votre cookie de connexion sera conserv\u00e9 pendant deux semaines. Si vous vous d\u00e9connectez de votre compte, le cookie de connexion sera effac\u00e9.<\/p>\n<p>En modifiant ou en publiant une publication, un cookie suppl\u00e9mentaire sera enregistr\u00e9 dans votre navigateur. Ce cookie ne comprend aucune donn\u00e9e personnelle. Il indique simplement l\u2019ID de la publication que vous venez de modifier. Il expire au bout d\u2019un jour.<\/p>\n<h3>Contenu embarqu\u00e9 depuis d\u2019autres sites<\/h3>\n<p>Les articles de ce site peuvent inclure des contenus int\u00e9gr\u00e9s (par exemple des vid\u00e9os, images, articles\u2026). Le contenu int\u00e9gr\u00e9 depuis d\u2019autres sites se comporte de la m\u00eame mani\u00e8re que si le visiteur se rendait sur cet autre site.<\/p>\n<p>Ces sites web pourraient collecter des donn\u00e9es sur vous, utiliser des cookies, embarquer des outils de suivis tiers, suivre vos interactions avec ces contenus embarqu\u00e9s si vous disposez d\u2019un compte connect\u00e9 sur leur site web.<\/p>\n<h3>Statistiques et mesures d\u2019audience<\/h3>\n<h2>Utilisation et transmission de vos donn\u00e9es personnelles<\/h2>\n<h2>Dur\u00e9es de stockage de vos donn\u00e9es<\/h2>\n<p>Si vous laissez un commentaire, le commentaire et ses m\u00e9tadonn\u00e9es sont conserv\u00e9s ind\u00e9finiment. Cela permet de reconna\u00eetre et approuver automatiquement les commentaires suivants au lieu de les laisser dans la file de mod\u00e9ration.<\/p>\n<h2>Les droits que vous avez sur vos donn\u00e9es<\/h2>\n<p>Vous pouvez demander la suppression des donn\u00e9es personnelles vous concernant. Cela ne prend pas en compte les donn\u00e9es stock\u00e9es \u00e0 des fins administratives, l\u00e9gales ou pour des raisons de s\u00e9curit\u00e9.<\/p>\n<h2>Transmission de vos donn\u00e9es personnelles<\/h2>\n<p>Les commentaires des visiteurs peuvent \u00eatre v\u00e9rifi\u00e9s \u00e0 l\u2019aide d\u2019un service automatis\u00e9 de d\u00e9tection des commentaires ind\u00e9sirables.<\/p>\n","protected":false},"excerpt":{"rendered":"<p>Qui sommes-nous\u00a0? L\u2019adresse de notre site Web est\u00a0: http:\/\/www.reseau-vivre-la-ville.fr. Utilisation des donn\u00e9es personnelles collect\u00e9es Commentaires Quand vous laissez un commentaire sur notre site web, les donn\u00e9es inscrites dans le formulaire de commentaire, mais aussi votre adresse IP et l\u2019agent utilisateur de votre navigateur sont collect\u00e9s pour nous aider \u00e0 la d\u00e9tection des commentaires ind\u00e9sirables. Formulaires [&hellip;]<\/p>\n","protected":false},"author":5,"featured_media":0,"parent":0,"menu_order":0,"comment_status":"closed","ping_status":"closed","template":"","meta":{"_monsterinsights_skip_tracking":false,"_monsterinsights_sitenote_active":false,"_monsterinsights_sitenote_note":"","_monsterinsights_sitenote_category":0,"footnotes":""},"class_list":["post-2245","page","type-page","status-publish","hentry","post-preview"],"yoast_head":"<!-- This site is optimized with the Yoast SEO plugin v27.3 - https:\/\/yoast.com\/product\/yoast-seo-wordpress\/ -->\n<title>Politique de confidentialit\u00e9 - R\u00e9seau Vivre la Ville<\/title>\n<meta name=\"robots\" content=\"index, follow, max-snippet:-1, max-image-preview:large, max-video-preview:-1\" \/>\n<link rel=\"canonical\" href=\"https:\/\/www.reseau-vivre-la-ville.fr\/?page_id=2245\" \/>\n<meta property=\"og:locale\" content=\"fr_FR\" \/>\n<meta property=\"og:type\" content=\"article\" \/>\n<meta property=\"og:title\" content=\"Politique de confidentialit\u00e9 - R\u00e9seau Vivre la Ville\" \/>\n<meta property=\"og:description\" content=\"Qui sommes-nous\u00a0? L\u2019adresse de notre site Web est\u00a0: http:\/\/www.reseau-vivre-la-ville.fr. Utilisation des donn\u00e9es personnelles collect\u00e9es Commentaires Quand vous laissez un commentaire sur notre site web, les donn\u00e9es inscrites dans le formulaire de commentaire, mais aussi votre adresse IP et l\u2019agent utilisateur de votre navigateur sont collect\u00e9s pour nous aider \u00e0 la d\u00e9tection des commentaires ind\u00e9sirables. Formulaires [&hellip;]\" \/>\n<meta property=\"og:url\" content=\"https:\/\/www.reseau-vivre-la-ville.fr\/?page_id=2245\" \/>\n<meta property=\"og:site_name\" content=\"R\u00e9seau Vivre la Ville\" \/>\n<meta property=\"article:publisher\" content=\"https:\/\/www.facebook.com\/vivrelaville\/\" \/>\n<meta property=\"article:modified_time\" content=\"2024-07-05T12:31:14+00:00\" \/>\n<meta name=\"twitter:card\" content=\"summary_large_image\" \/>\n<meta name=\"twitter:label1\" content=\"Dur\u00e9e de lecture estim\u00e9e\" \/>\n\t<meta name=\"twitter:data1\" content=\"3 minutes\" \/>\n<script type=\"application\/ld+json\" class=\"yoast-schema-graph\">{\"@context\":\"https:\\\/\\\/schema.org\",\"@graph\":[{\"@type\":\"WebPage\",\"@id\":\"https:\\\/\\\/www.reseau-vivre-la-ville.fr\\\/?page_id=2245\",\"url\":\"https:\\\/\\\/www.reseau-vivre-la-ville.fr\\\/?page_id=2245\",\"name\":\"Politique de confidentialit\u00e9 - R\u00e9seau Vivre la Ville\",\"isPartOf\":{\"@id\":\"https:\\\/\\\/www.reseau-vivre-la-ville.fr\\\/#website\"},\"datePublished\":\"2018-11-17T14:18:48+00:00\",\"dateModified\":\"2024-07-05T12:31:14+00:00\",\"breadcrumb\":{\"@id\":\"https:\\\/\\\/www.reseau-vivre-la-ville.fr\\\/?page_id=2245#breadcrumb\"},\"inLanguage\":\"fr-FR\",\"potentialAction\":[{\"@type\":\"ReadAction\",\"target\":[\"https:\\\/\\\/www.reseau-vivre-la-ville.fr\\\/?page_id=2245\"]}]},{\"@type\":\"BreadcrumbList\",\"@id\":\"https:\\\/\\\/www.reseau-vivre-la-ville.fr\\\/?page_id=2245#breadcrumb\",\"itemListElement\":[{\"@type\":\"ListItem\",\"position\":1,\"name\":\"Accueil\",\"item\":\"https:\\\/\\\/www.reseau-vivre-la-ville.fr\\\/\"},{\"@type\":\"ListItem\",\"position\":2,\"name\":\"Politique de confidentialit\u00e9\"}]},{\"@type\":\"WebSite\",\"@id\":\"https:\\\/\\\/www.reseau-vivre-la-ville.fr\\\/#website\",\"url\":\"https:\\\/\\\/www.reseau-vivre-la-ville.fr\\\/\",\"name\":\"R\u00e9seau Vivre la Ville\",\"description\":\"\",\"potentialAction\":[{\"@type\":\"SearchAction\",\"target\":{\"@type\":\"EntryPoint\",\"urlTemplate\":\"https:\\\/\\\/www.reseau-vivre-la-ville.fr\\\/?s={search_term_string}\"},\"query-input\":{\"@type\":\"PropertyValueSpecification\",\"valueRequired\":true,\"valueName\":\"search_term_string\"}}],\"inLanguage\":\"fr-FR\"}]}<\/script>\n<!-- \/ Yoast SEO plugin. -->","yoast_head_json":{"title":"Politique de confidentialit\u00e9 - R\u00e9seau Vivre la Ville","robots":{"index":"index","follow":"follow","max-snippet":"max-snippet:-1","max-image-preview":"max-image-preview:large","max-video-preview":"max-video-preview:-1"},"canonical":"https:\/\/www.reseau-vivre-la-ville.fr\/?page_id=2245","og_locale":"fr_FR","og_type":"article","og_title":"Politique de confidentialit\u00e9 - R\u00e9seau Vivre la Ville","og_description":"Qui sommes-nous\u00a0? L\u2019adresse de notre site Web est\u00a0: http:\/\/www.reseau-vivre-la-ville.fr. Utilisation des donn\u00e9es personnelles collect\u00e9es Commentaires Quand vous laissez un commentaire sur notre site web, les donn\u00e9es inscrites dans le formulaire de commentaire, mais aussi votre adresse IP et l\u2019agent utilisateur de votre navigateur sont collect\u00e9s pour nous aider \u00e0 la d\u00e9tection des commentaires ind\u00e9sirables. Formulaires [&hellip;]","og_url":"https:\/\/www.reseau-vivre-la-ville.fr\/?page_id=2245","og_site_name":"R\u00e9seau Vivre la Ville","article_publisher":"https:\/\/www.facebook.com\/vivrelaville\/","article_modified_time":"2024-07-05T12:31:14+00:00","twitter_card":"summary_large_image","twitter_misc":{"Dur\u00e9e de lecture estim\u00e9e":"3 minutes"},"schema":{"@context":"https:\/\/schema.org","@graph":[{"@type":"WebPage","@id":"https:\/\/www.reseau-vivre-la-ville.fr\/?page_id=2245","url":"https:\/\/www.reseau-vivre-la-ville.fr\/?page_id=2245","name":"Politique de confidentialit\u00e9 - R\u00e9seau Vivre la Ville","isPartOf":{"@id":"https:\/\/www.reseau-vivre-la-ville.fr\/#website"},"datePublished":"2018-11-17T14:18:48+00:00","dateModified":"2024-07-05T12:31:14+00:00","breadcrumb":{"@id":"https:\/\/www.reseau-vivre-la-ville.fr\/?page_id=2245#breadcrumb"},"inLanguage":"fr-FR","potentialAction":[{"@type":"ReadAction","target":["https:\/\/www.reseau-vivre-la-ville.fr\/?page_id=2245"]}]},{"@type":"BreadcrumbList","@id":"https:\/\/www.reseau-vivre-la-ville.fr\/?page_id=2245#breadcrumb","itemListElement":[{"@type":"ListItem","position":1,"name":"Accueil","item":"https:\/\/www.reseau-vivre-la-ville.fr\/"},{"@type":"ListItem","position":2,"name":"Politique de confidentialit\u00e9"}]},{"@type":"WebSite","@id":"https:\/\/www.reseau-vivre-la-ville.fr\/#website","url":"https:\/\/www.reseau-vivre-la-ville.fr\/","name":"R\u00e9seau Vivre la Ville","description":"","potentialAction":[{"@type":"SearchAction","target":{"@type":"EntryPoint","urlTemplate":"https:\/\/www.reseau-vivre-la-ville.fr\/?s={search_term_string}"},"query-input":{"@type":"PropertyValueSpecification","valueRequired":true,"valueName":"search_term_string"}}],"inLanguage":"fr-FR"}]}},"_links":{"self":[{"href":"https:\/\/www.reseau-vivre-la-ville.fr\/index.php?rest_route=\/wp\/v2\/pages\/2245","targetHints":{"allow":["GET"]}}],"collection":[{"href":"https:\/\/www.reseau-vivre-la-ville.fr\/index.php?rest_route=\/wp\/v2\/pages"}],"about":[{"href":"https:\/\/www.reseau-vivre-la-ville.fr\/index.php?rest_route=\/wp\/v2\/types\/page"}],"author":[{"embeddable":true,"href":"https:\/\/www.reseau-vivre-la-ville.fr\/index.php?rest_route=\/wp\/v2\/users\/5"}],"replies":[{"embeddable":true,"href":"https:\/\/www.reseau-vivre-la-ville.fr\/index.php?rest_route=%2Fwp%2Fv2%2Fcomments&post=2245"}],"version-history":[{"count":4,"href":"https:\/\/www.reseau-vivre-la-ville.fr\/index.php?rest_route=\/wp\/v2\/pages\/2245\/revisions"}],"predecessor-version":[{"id":2966,"href":"https:\/\/www.reseau-vivre-la-ville.fr\/index.php?rest_route=\/wp\/v2\/pages\/2245\/revisions\/2966"}],"wp:attachment":[{"href":"https:\/\/www.reseau-vivre-la-ville.fr\/index.php?rest_route=%2Fwp%2Fv2%2Fmedia&parent=2245"}],"curies":[{"name":"wp","href":"https:\/\/api.w.org\/{rel}","templated":true}]}}