{"id":2222,"date":"2018-11-17T11:00:54","date_gmt":"2018-11-17T10:00:54","guid":{"rendered":"https:\/\/www.reseau-vivre-la-ville.fr\/?page_id=2222"},"modified":"2025-03-19T16:32:42","modified_gmt":"2025-03-19T15:32:42","slug":"paris-2015","status":"publish","type":"page","link":"https:\/\/www.reseau-vivre-la-ville.fr\/?page_id=2222","title":{"rendered":"Paris 2015"},"content":{"rendered":"<p><a href=\"https:\/\/www.reseau-vivre-la-ville.fr\/wp-content\/uploads\/2025\/03\/flyer-reunion_publique.jpg\"><img loading=\"lazy\" decoding=\"async\" class=\"size-medium wp-image-2986 alignleft\" src=\"https:\/\/www.reseau-vivre-la-ville.fr\/wp-content\/uploads\/2025\/03\/flyer-reunion_publique-263x300.jpg\" alt=\"\" width=\"263\" height=\"300\" srcset=\"https:\/\/www.reseau-vivre-la-ville.fr\/wp-content\/uploads\/2025\/03\/flyer-reunion_publique-263x300.jpg 263w, https:\/\/www.reseau-vivre-la-ville.fr\/wp-content\/uploads\/2025\/03\/flyer-reunion_publique.jpg 500w\" sizes=\"auto, (max-width: 263px) 100vw, 263px\" \/><\/a>Le 10 f\u00e9vrier 2015 <a href=\"https:\/\/www.reseau-vivre-paris.fr\/qui-sommes-nous\/\" target=\"_blank\" rel=\"noopener\">le R\u00e9seau Vivre Paris!<\/a> a organis\u00e9 une r\u00e9union publique afin de promouvoir une conception du d\u00e9veloppement de la nuit conforme aux principes du bien vivre ensemble : le respect du voisinage et de l&rsquo;espace public. Le R\u00e9seau Vivre Paris! a invit\u00e9 \u00e0 cette occasion des associations de province et \u00e9trang\u00e8res, confront\u00e9es aux m\u00eames probl\u00e9matiques. Cette r\u00e9union a \u00e9t\u00e9 l&rsquo;occasion de lancer <a href=\"https:\/\/www.reseau-vivre-la-ville.fr\/?page_id=57\" target=\"_blank\" rel=\"noopener\">le R\u00e9seau Vivre la Ville!<\/a>.<\/p>\n<ul>\n<li><a href=\"https:\/\/www.reseau-vivre-paris.fr\/wp-content\/uploads\/2015\/02\/communique_reseau_vivre_paris1.pdf\" target=\"_blank\" rel=\"noopener\">Communiqu\u00e9 de presse<\/a><\/li>\n<li><a href=\"https:\/\/www.reseau-vivre-paris.fr\/2015\/02\/nuisances-nocturnes-une-fatalite-les-documents-presentes-lors-de-la-reunion\/\" target=\"_blank\" rel=\"noopener\">Les interventions et les documents<\/a><\/li>\n<li><a href=\"https:\/\/www.reseau-vivre-paris.fr\/2015\/02\/reunion-publique-nuisances-nocturnes-une-fatalite\/\" target=\"_blank\" rel=\"noopener\">Le compte-rendu<\/a><\/li>\n<li><a href=\"https:\/\/www.reseau-vivre-paris.fr\/2015\/02\/nuisances-nocturnes-une-fatalite-les-reactions-dans-la-presse\/\" target=\"_blank\" rel=\"noopener\">Les r\u00e9actions dans la presse<\/a><\/li>\n<\/ul>\n","protected":false},"excerpt":{"rendered":"<p>Le 10 f\u00e9vrier 2015 le R\u00e9seau Vivre Paris! a organis\u00e9 une r\u00e9union publique afin de promouvoir une conception du d\u00e9veloppement de la nuit conforme aux principes du bien vivre ensemble : le respect du voisinage et de l&rsquo;espace public. Le R\u00e9seau Vivre Paris! a invit\u00e9 \u00e0 cette occasion des associations de province et \u00e9trang\u00e8res, confront\u00e9es [&hellip;]<\/p>\n","protected":false},"author":7,"featured_media":0,"parent":0,"menu_order":0,"comment_status":"closed","ping_status":"closed","template":"template-fullwidth.php","meta":{"_monsterinsights_skip_tracking":false,"_monsterinsights_sitenote_active":false,"_monsterinsights_sitenote_note":"","_monsterinsights_sitenote_category":0,"footnotes":""},"class_list":["post-2222","page","type-page","status-publish","hentry","post-preview"],"yoast_head":"<!-- This site is optimized with the Yoast SEO plugin v27.3 - https:\/\/yoast.com\/product\/yoast-seo-wordpress\/ -->\n<title>Paris 2015 - R\u00e9seau Vivre la Ville<\/title>\n<meta name=\"robots\" content=\"index, follow, max-snippet:-1, max-image-preview:large, max-video-preview:-1\" \/>\n<link rel=\"canonical\" href=\"https:\/\/www.reseau-vivre-la-ville.fr\/?page_id=2222\" \/>\n<meta property=\"og:locale\" content=\"fr_FR\" \/>\n<meta property=\"og:type\" content=\"article\" \/>\n<meta property=\"og:title\" content=\"Paris 2015 - R\u00e9seau Vivre la Ville\" \/>\n<meta property=\"og:description\" content=\"Le 10 f\u00e9vrier 2015 le R\u00e9seau Vivre Paris! a organis\u00e9 une r\u00e9union publique afin de promouvoir une conception du d\u00e9veloppement de la nuit conforme aux principes du bien vivre ensemble : le respect du voisinage et de l&rsquo;espace public. Le R\u00e9seau Vivre Paris! a invit\u00e9 \u00e0 cette occasion des associations de province et \u00e9trang\u00e8res, confront\u00e9es [&hellip;]\" \/>\n<meta property=\"og:url\" content=\"https:\/\/www.reseau-vivre-la-ville.fr\/?page_id=2222\" \/>\n<meta property=\"og:site_name\" content=\"R\u00e9seau Vivre la Ville\" \/>\n<meta property=\"article:publisher\" content=\"https:\/\/www.facebook.com\/vivrelaville\/\" \/>\n<meta property=\"article:modified_time\" content=\"2025-03-19T15:32:42+00:00\" \/>\n<meta property=\"og:image\" content=\"https:\/\/www.reseau-vivre-la-ville.fr\/wp-content\/uploads\/2025\/03\/flyer-reunion_publique.jpg\" \/>\n\t<meta property=\"og:image:width\" content=\"500\" \/>\n\t<meta property=\"og:image:height\" content=\"571\" \/>\n\t<meta property=\"og:image:type\" content=\"image\/jpeg\" \/>\n<meta name=\"twitter:card\" content=\"summary_large_image\" \/>\n<meta name=\"twitter:label1\" content=\"Dur\u00e9e de lecture estim\u00e9e\" \/>\n\t<meta name=\"twitter:data1\" content=\"1 minute\" \/>\n<script type=\"application\/ld+json\" class=\"yoast-schema-graph\">{\"@context\":\"https:\\\/\\\/schema.org\",\"@graph\":[{\"@type\":\"WebPage\",\"@id\":\"https:\\\/\\\/www.reseau-vivre-la-ville.fr\\\/?page_id=2222\",\"url\":\"https:\\\/\\\/www.reseau-vivre-la-ville.fr\\\/?page_id=2222\",\"name\":\"Paris 2015 - R\u00e9seau Vivre la Ville\",\"isPartOf\":{\"@id\":\"https:\\\/\\\/www.reseau-vivre-la-ville.fr\\\/#website\"},\"primaryImageOfPage\":{\"@id\":\"https:\\\/\\\/www.reseau-vivre-la-ville.fr\\\/?page_id=2222#primaryimage\"},\"image\":{\"@id\":\"https:\\\/\\\/www.reseau-vivre-la-ville.fr\\\/?page_id=2222#primaryimage\"},\"thumbnailUrl\":\"https:\\\/\\\/www.reseau-vivre-la-ville.fr\\\/wp-content\\\/uploads\\\/2025\\\/03\\\/flyer-reunion_publique-263x300.jpg\",\"datePublished\":\"2018-11-17T10:00:54+00:00\",\"dateModified\":\"2025-03-19T15:32:42+00:00\",\"breadcrumb\":{\"@id\":\"https:\\\/\\\/www.reseau-vivre-la-ville.fr\\\/?page_id=2222#breadcrumb\"},\"inLanguage\":\"fr-FR\",\"potentialAction\":[{\"@type\":\"ReadAction\",\"target\":[\"https:\\\/\\\/www.reseau-vivre-la-ville.fr\\\/?page_id=2222\"]}]},{\"@type\":\"ImageObject\",\"inLanguage\":\"fr-FR\",\"@id\":\"https:\\\/\\\/www.reseau-vivre-la-ville.fr\\\/?page_id=2222#primaryimage\",\"url\":\"https:\\\/\\\/www.reseau-vivre-la-ville.fr\\\/wp-content\\\/uploads\\\/2025\\\/03\\\/flyer-reunion_publique.jpg\",\"contentUrl\":\"https:\\\/\\\/www.reseau-vivre-la-ville.fr\\\/wp-content\\\/uploads\\\/2025\\\/03\\\/flyer-reunion_publique.jpg\",\"width\":500,\"height\":571},{\"@type\":\"BreadcrumbList\",\"@id\":\"https:\\\/\\\/www.reseau-vivre-la-ville.fr\\\/?page_id=2222#breadcrumb\",\"itemListElement\":[{\"@type\":\"ListItem\",\"position\":1,\"name\":\"Accueil\",\"item\":\"https:\\\/\\\/www.reseau-vivre-la-ville.fr\\\/\"},{\"@type\":\"ListItem\",\"position\":2,\"name\":\"Paris 2015\"}]},{\"@type\":\"WebSite\",\"@id\":\"https:\\\/\\\/www.reseau-vivre-la-ville.fr\\\/#website\",\"url\":\"https:\\\/\\\/www.reseau-vivre-la-ville.fr\\\/\",\"name\":\"R\u00e9seau Vivre la Ville\",\"description\":\"\",\"potentialAction\":[{\"@type\":\"SearchAction\",\"target\":{\"@type\":\"EntryPoint\",\"urlTemplate\":\"https:\\\/\\\/www.reseau-vivre-la-ville.fr\\\/?s={search_term_string}\"},\"query-input\":{\"@type\":\"PropertyValueSpecification\",\"valueRequired\":true,\"valueName\":\"search_term_string\"}}],\"inLanguage\":\"fr-FR\"}]}<\/script>\n<!-- \/ Yoast SEO plugin. -->","yoast_head_json":{"title":"Paris 2015 - R\u00e9seau Vivre la Ville","robots":{"index":"index","follow":"follow","max-snippet":"max-snippet:-1","max-image-preview":"max-image-preview:large","max-video-preview":"max-video-preview:-1"},"canonical":"https:\/\/www.reseau-vivre-la-ville.fr\/?page_id=2222","og_locale":"fr_FR","og_type":"article","og_title":"Paris 2015 - R\u00e9seau Vivre la Ville","og_description":"Le 10 f\u00e9vrier 2015 le R\u00e9seau Vivre Paris! a organis\u00e9 une r\u00e9union publique afin de promouvoir une conception du d\u00e9veloppement de la nuit conforme aux principes du bien vivre ensemble : le respect du voisinage et de l&rsquo;espace public. Le R\u00e9seau Vivre Paris! a invit\u00e9 \u00e0 cette occasion des associations de province et \u00e9trang\u00e8res, confront\u00e9es [&hellip;]","og_url":"https:\/\/www.reseau-vivre-la-ville.fr\/?page_id=2222","og_site_name":"R\u00e9seau Vivre la Ville","article_publisher":"https:\/\/www.facebook.com\/vivrelaville\/","article_modified_time":"2025-03-19T15:32:42+00:00","og_image":[{"width":500,"height":571,"url":"https:\/\/www.reseau-vivre-la-ville.fr\/wp-content\/uploads\/2025\/03\/flyer-reunion_publique.jpg","type":"image\/jpeg"}],"twitter_card":"summary_large_image","twitter_misc":{"Dur\u00e9e de lecture estim\u00e9e":"1 minute"},"schema":{"@context":"https:\/\/schema.org","@graph":[{"@type":"WebPage","@id":"https:\/\/www.reseau-vivre-la-ville.fr\/?page_id=2222","url":"https:\/\/www.reseau-vivre-la-ville.fr\/?page_id=2222","name":"Paris 2015 - R\u00e9seau Vivre la Ville","isPartOf":{"@id":"https:\/\/www.reseau-vivre-la-ville.fr\/#website"},"primaryImageOfPage":{"@id":"https:\/\/www.reseau-vivre-la-ville.fr\/?page_id=2222#primaryimage"},"image":{"@id":"https:\/\/www.reseau-vivre-la-ville.fr\/?page_id=2222#primaryimage"},"thumbnailUrl":"https:\/\/www.reseau-vivre-la-ville.fr\/wp-content\/uploads\/2025\/03\/flyer-reunion_publique-263x300.jpg","datePublished":"2018-11-17T10:00:54+00:00","dateModified":"2025-03-19T15:32:42+00:00","breadcrumb":{"@id":"https:\/\/www.reseau-vivre-la-ville.fr\/?page_id=2222#breadcrumb"},"inLanguage":"fr-FR","potentialAction":[{"@type":"ReadAction","target":["https:\/\/www.reseau-vivre-la-ville.fr\/?page_id=2222"]}]},{"@type":"ImageObject","inLanguage":"fr-FR","@id":"https:\/\/www.reseau-vivre-la-ville.fr\/?page_id=2222#primaryimage","url":"https:\/\/www.reseau-vivre-la-ville.fr\/wp-content\/uploads\/2025\/03\/flyer-reunion_publique.jpg","contentUrl":"https:\/\/www.reseau-vivre-la-ville.fr\/wp-content\/uploads\/2025\/03\/flyer-reunion_publique.jpg","width":500,"height":571},{"@type":"BreadcrumbList","@id":"https:\/\/www.reseau-vivre-la-ville.fr\/?page_id=2222#breadcrumb","itemListElement":[{"@type":"ListItem","position":1,"name":"Accueil","item":"https:\/\/www.reseau-vivre-la-ville.fr\/"},{"@type":"ListItem","position":2,"name":"Paris 2015"}]},{"@type":"WebSite","@id":"https:\/\/www.reseau-vivre-la-ville.fr\/#website","url":"https:\/\/www.reseau-vivre-la-ville.fr\/","name":"R\u00e9seau Vivre la Ville","description":"","potentialAction":[{"@type":"SearchAction","target":{"@type":"EntryPoint","urlTemplate":"https:\/\/www.reseau-vivre-la-ville.fr\/?s={search_term_string}"},"query-input":{"@type":"PropertyValueSpecification","valueRequired":true,"valueName":"search_term_string"}}],"inLanguage":"fr-FR"}]}},"_links":{"self":[{"href":"https:\/\/www.reseau-vivre-la-ville.fr\/index.php?rest_route=\/wp\/v2\/pages\/2222","targetHints":{"allow":["GET"]}}],"collection":[{"href":"https:\/\/www.reseau-vivre-la-ville.fr\/index.php?rest_route=\/wp\/v2\/pages"}],"about":[{"href":"https:\/\/www.reseau-vivre-la-ville.fr\/index.php?rest_route=\/wp\/v2\/types\/page"}],"author":[{"embeddable":true,"href":"https:\/\/www.reseau-vivre-la-ville.fr\/index.php?rest_route=\/wp\/v2\/users\/7"}],"replies":[{"embeddable":true,"href":"https:\/\/www.reseau-vivre-la-ville.fr\/index.php?rest_route=%2Fwp%2Fv2%2Fcomments&post=2222"}],"version-history":[{"count":6,"href":"https:\/\/www.reseau-vivre-la-ville.fr\/index.php?rest_route=\/wp\/v2\/pages\/2222\/revisions"}],"predecessor-version":[{"id":2987,"href":"https:\/\/www.reseau-vivre-la-ville.fr\/index.php?rest_route=\/wp\/v2\/pages\/2222\/revisions\/2987"}],"wp:attachment":[{"href":"https:\/\/www.reseau-vivre-la-ville.fr\/index.php?rest_route=%2Fwp%2Fv2%2Fmedia&parent=2222"}],"curies":[{"name":"wp","href":"https:\/\/api.w.org\/{rel}","templated":true}]}}