{"id":1942,"date":"2018-03-18T17:48:27","date_gmt":"2018-03-18T16:48:27","guid":{"rendered":"https:\/\/www.reseau-vivre-la-ville.fr\/?page_id=1942"},"modified":"2019-03-14T09:29:55","modified_gmt":"2019-03-14T08:29:55","slug":"privation-de-sommeil-presse","status":"publish","type":"page","link":"https:\/\/www.reseau-vivre-la-ville.fr\/?page_id=1942","title":{"rendered":"Privation de sommeil : presse"},"content":{"rendered":"<p><a href=\"#2019\">2019<\/a> &#8211; <a href=\"#2018\">2018<\/a> &#8211; <a href=\"#2017\">2017<\/a> &#8211; <a href=\"#2016\">2016<\/a> &#8211; <a href=\"#2015\">2015<\/a> &#8211; <a href=\"#2014\">2014<\/a> &#8211; <a href=\"#2013\">2013<\/a> &#8211; <a href=\"#2012\">2012<\/a><\/p>\n<hr \/>\n<div id=\"2019\">2019 &#8211; <a href=\"#top\">Haut<\/a><\/div>\n<ul>\n<li><a href=\"http:\/\/marais-louvre.fr\/le-bruit-principal-cause-du-manque-de-sommeil\" rel=\"noopener\" target=\"_blank\">Le bruit, principal cause du manque de sommeil<\/a> &#8211; Site de Marais-Louvre &#8211; 13 mars 2019<\/li>\n<\/ul>\n<hr \/>\n<div id=\"2018\">2018 &#8211; <a href=\"#top\">Haut<\/a><\/div>\n<ul>\n<li><a href=\"http:\/\/madame.lefigaro.fr\/bien-etre\/insomnie-manque-de-sommeil-fatigue-ce-qui-se-passe-dans-notre-corps-quand-on-manque-de-sommeil-240518-148853\" rel=\"noopener\" target=\"_blank\">Ce qu&rsquo;il se passe dans votre corps quand vous manquez de sommeil<\/a> &#8211; Le Figaro &#8211; 24 mai 2018<\/li>\n<\/ul>\n<hr \/>\n<div id=\"2017\">2017 &#8211; <a href=\"#top\">Haut<\/a><\/div>\n<ul>\n<li><a href=\"http:\/\/www.lemonde.fr\/pollution\/article\/2017\/12\/08\/la-commision-europeenne-met-en-demeure-la-france-d-agir-contre-le-bruit_5226902_1652666.html#6x3me8bGsyISTSRH.99\" target=\"_blank\" rel=\"noopener\">La Commission europ\u00e9enne met en demeure la France d\u2019agir contre le bruit<\/a> &#8211; Le Monde &#8211; 8 d\u00e9cembre 2017<\/li>\n<li><a href=\"http:\/\/sante.lefigaro.fr\/article\/le-sommeil-un-enjeu-de-sante-meconnu\/\" target=\"_blank\" rel=\"noopener\">Le sommeil, un enjeu de sant\u00e9 m\u00e9connu<\/a> &#8211; le Figaro &#8211; 23 novembre 2017<\/li>\n<li><a href=\"https:\/\/www.reseau-vivre-paris.fr\/wp-content\/uploads\/2017\/11\/2017-11-19_lemonde_manque_sommeil_tue.pdf\" target=\"_blank\" rel=\"noopener\">\u00ab Le manque de sommeil nous tue \u00bb<\/a>, interview de Sylvie Royant-Parola, pr\u00e9sidente du R\u00e9seau Morph\u00e9e &#8211; Le Monde &#8211; 19 novembre 2017<\/li>\n<li><a href=\"https:\/\/www.reseau-vivre-la-ville.fr\/wp-content\/uploads\/2018\/03\/2017-10-07_lemonde_sommeil.pdf\" target=\"_blank\">Notre soci\u00e9t\u00e9 n\u00e9glige de plus en plus le sommeil, rythme fondamental de l\u2019individu<\/a> &#8211; Le Monde &#8211; 7 octobre 2017<\/li>\n<li><a href=\"https:\/\/www.franceculture.fr\/conferences\/palais-de-la-decouverte-et-cite-des-sciences-et-de-lindustrie\/pourquoi-le-sommeil-est-la-moitie-de-la-sante\" target=\"_blank\" rel=\"noopener\">Pourquoi le sommeil est la moiti\u00e9 de la sant\u00e9<\/a> &#8211; France Culture &#8211; 3 octobre 2017<\/li>\n<li><a href=\"http:\/\/www.francetvinfo.fr\/sante\/maladie\/sommeil\/prix-nobel-de-medecine-2017-quatre-questions-aux-specialistes_2400952.html\" target=\"_blank\" rel=\"noopener\">Prix Nobel de m\u00e9decine 2017 : quatre questions aux sp\u00e9cialistes<\/a> &#8211; France Info &#8211; 3 octobre 2017<\/li>\n<li><a href=\"http:\/\/www.allodocteurs.fr\/se-soigner\/recherche\/malmener-son-horloge-biologique-a-des-effets-mesurables-sur-la-sante_23349.html\" target=\"_blank\" rel=\"noopener\">Malmener son horloge biologique peut nuire \u00e0 la sant\u00e9<\/a> &#8211; France 5 &#8211; 3 octobre 2017<\/li>\n<li><a href=\"https:\/\/www.franceculture.fr\/sciences\/prix-nobel-de-medecine-2017-le-rythme-cest-la-vie\" target=\"_blank\" rel=\"noopener\">Prix Nobel de m\u00e9decine 2017 : le rythme, c&rsquo;est la vie<\/a> &#8211; France Culture &#8211; 2 octobre 2017<\/li>\n<li><a href=\"http:\/\/www.francetvinfo.fr\/replay-radio\/info-sante\/pollution-sonore-des-consequences-parfois-graves-sur-la-sante_2260975.html\" target=\"_blank\" rel=\"noopener\">Pollution sonore : des cons\u00e9quences parfois graves sur la sant\u00e9<\/a> &#8211; France 2 &#8211; 29 juin 2017<\/li>\n<li><a href=\"http:\/\/geographiesenmouvement.blogs.liberation.fr\/2017\/04\/17\/bruit-paris-lenfer-cest-les-autres\/\" target=\"_blank\" rel=\"noopener\">Bruit \u00e0 Paris : l&rsquo;enfer c&rsquo;est les autres<\/a> &#8211; Lib\u00e9ration &#8211; 17 avril 2017<\/li>\n<\/ul>\n<hr \/>\n<div id=\"2016\">2016 &#8211; <a href=\"#top\">Haut<\/a><\/div>\n<ul>\n<li><a href=\"http:\/\/www.liberation.fr\/debats\/2016\/09\/19\/le-sommeil-des-enfants-un-enjeu-politique_1502951?utm_campaign=Echobox&amp;utm_medium=Social&amp;utm_source=Twitter#link_time=1474449020\" target=\"_blank\" rel=\"noopener\">Le sommeil des enfants, un enjeu politique<\/a> &#8211; Lib\u00e9ration &#8211; 19 septembre 2016<\/li>\n<li><a href=\"https:\/\/chroniquesdeparisetdailleurs.wordpress.com\/2016\/06\/28\/mens-sana-in-corpore-sano-une-espritame-saine-dans-un-corps-sain\/\" target=\"_blank\" rel=\"noopener\">Mens sana in corpore sano<\/a> &#8211; Chroniques de Paris et d&rsquo;ailleurs &#8211; 28 juin 2016<\/li>\n<li><a href=\"http:\/\/www.lemoniteur.fr\/article\/cout-social-du-bruit-en-france-57-milliards-d-euros-par-an-32446652\" target=\"_blank\" rel=\"noopener\">Co\u00fbt social du bruit en France : 57 milliards d\u2019euros par an<\/a> &#8211; Le Moniteur &#8211; 14 juin 2016<\/li>\n<li><a href=\"http:\/\/www.sciencesetavenir.fr\/sante\/20160304.OBS5840\/les-consequences-du-bruit-omnipresent-dans-notre-environnement-sous-estimees.html\" target=\"_blank\" rel=\"noopener\">Les cons\u00e9quences du bruit, omnipr\u00e9sent dans notre environnement, sous-estim\u00e9es<\/a> &#8211; Sciences et Avenir &#8211; 10 mars 2016<\/li>\n<li><a href=\"http:\/\/www.ladepeche.fr\/article\/2016\/03\/09\/2300283-les-jeunes-ne-mesurent-pas-le-danger-du-bruit.html\" target=\"_blank\" rel=\"noopener\">\u00abLes jeunes ne mesurent pas le danger du bruit\u00bb<\/a> &#8211; La D\u00e9p\u00eache &#8211; 9 mars 2016<\/li>\n<\/ul>\n<hr \/>\n<div id=\"2015\">2015 &#8211; <a href=\"#top\">Haut<\/a><\/div>\n<ul>\n<li><a href=\"http:\/\/madame.lefigaro.fr\/bien-etre\/comment-le-bruit-nuit-notre-bien-etre-150915-98232?m_i=w01w0Gn_qOki6jBHXs4uNrhIb2vZKlr5V_dntH6owH5DPzdM_rlm0l_q3oUkS2Zyy0b32gSXRzWLQgQ4TYtBzt2neG%2BCC6_G54CqKJw0&amp;a2=20150918123818&amp;a3=763-4535698-881215\" target=\"_blank\" rel=\"noopener\">Comment le bruit ruine notre sant\u00e9<\/a> &#8211; Madame Figaro &#8211; 17 septembre 2015<\/li>\n<li><a href=\"http:\/\/www.metronews.fr\/info\/l-etude-sante-du-jour-l-exces-de-bruit-en-ville-vous-fait-grossir\/moeA!uxCyRsiZh2ZOo\/\" target=\"_blank\" rel=\"noopener\">L&rsquo;\u00e9tude sant\u00e9 du jour : le bruit en ville fait grossir<\/a> &#8211; Metronews &#8211; 27 mai 2015<\/li>\n<li><a href=\"http:\/\/www.huffingtonpost.fr\/2015\/03\/27\/journee-nationale-du-sommeil-effets-terrifiants-manque-sommeil_n_6945926.html?xtor=AL-32280680\" target=\"_blank\" rel=\"noopener\">Journ\u00e9e nationale du sommeil: les terrifiants effets du manque de sommeil<\/a> &#8211; The Huffington Post &#8211; 27 mars 2015<\/li>\n<li><a href=\"http:\/\/www.metronews.fr\/info\/l-etude-sante-du-jour-un-deficit-de-30-minutes-de-sommeil-par-nuit-augmente-le-risque-d-obesite\/moci!ItXMeXZW32nXE\/\" target=\"_blank\" rel=\"noopener\">L&rsquo;\u00e9tude du jour : le manque de sommeil augmente le risque d&rsquo;ob\u00e9sit\u00e9<\/a> &#8211; Metronews &#8211; 11 mars 2015<\/li>\n<\/ul>\n<hr \/>\n<div id=\"2014\">2014 &#8211; <a href=\"#top\">Haut<\/a><\/div>\n<ul>\n<li><a href=\"http:\/\/www.metronews.fr\/info\/l-etude-sante-du-jour-moins-vous-dormez-plus-vous-serez-en-arret-maladie\/mnjb!wRVtVkHhnSt2\/\" target=\"_blank\" rel=\"noopener\">L&rsquo;\u00e9tude sant\u00e9 du jour : moins vous dormez, plus vous serez en arr\u00eat maladie<\/a> &#8211; Metronews &#8211; 2 octobre 2014<\/li>\n<li><a href=\"https:\/\/www.reseau-vivre-paris.fr\/docs_pdf\/2014\/2014-03_liaison.pdf\" target=\"_blank\" rel=\"noopener\">Le \u00ab\u00a0R\u00e9seau Vivre Paris !\u00a0\u00bb revendique le droit de dormir la nuit sans bruit<\/a> &#8211; Liaison n\u00b0159, la revue d&rsquo;Ile-de-France Environnement &#8211; mars 2014<\/li>\n<li><a href=\"http:\/\/www.lemonde.fr\/planete\/article\/2014\/02\/27\/la-france-en-retard-dans-la-lutte-contre-les-nuisances-sonores_4373976_3244.html\" target=\"_blank\" rel=\"noopener\">La France ne lutte pas assez contre les nuisances sonores<\/a> &#8211; Le Monde &#8211; 27 f\u00e9vrier 2014<\/li>\n<\/ul>\n<hr \/>\n<div id=\"2013\">2013 &#8211; <a href=\"#top\">Haut<\/a><\/div>\n<ul>\n<li><a href=\"http:\/\/www.operation-succes.com\/blog\/le-bruit-est-il-une-menace-pour-votre-sommeil\/\" target=\"_blank\" rel=\"noopener\">Le bruit est-il une menace pour votre sommeil ?<\/a> &#8211; www.operation-succes.com &#8211; 6 mai 2013<\/li>\n<\/ul>\n<hr \/>\n<div id=\"2012\">2012<\/a> &#8211; <a href=\"#top\">Haut<\/a><\/div>\n<ul>\n<li><a href=\"http:\/\/vivrelemarais.typepad.fr\/blog\/2012\/06\/lassociation-sant%C3%A9-environnement-france-asef-vous-dit-tout-sur-les-m%C3%A9faits-physiologiques-du-bruit.html\" target=\"_blank\" rel=\"noopener\">L&rsquo;association \u00ab\u00a0Sant\u00e9 Environnement France\u00a0\u00bb (ASEF) vous dit tout sur les m\u00e9faits physiologiques du bruit<\/a> &#8211; Blog de Vivre le Marais ! &#8211; 19 juin 2012<\/li>\n<\/ul>\n","protected":false},"excerpt":{"rendered":"<p>2019 &#8211; 2018 &#8211; 2017 &#8211; 2016 &#8211; 2015 &#8211; 2014 &#8211; 2013 &#8211; 2012 2019 &#8211; Haut Le bruit, principal cause du manque de sommeil &#8211; Site de Marais-Louvre &#8211; 13 mars 2019 2018 &#8211; Haut Ce qu&rsquo;il se passe dans votre corps quand vous manquez de sommeil &#8211; Le Figaro &#8211; 24 mai [&hellip;]<\/p>\n","protected":false},"author":7,"featured_media":0,"parent":0,"menu_order":0,"comment_status":"closed","ping_status":"closed","template":"","meta":{"_monsterinsights_skip_tracking":false,"_monsterinsights_sitenote_active":false,"_monsterinsights_sitenote_note":"","_monsterinsights_sitenote_category":0,"footnotes":""},"class_list":["post-1942","page","type-page","status-publish","hentry","post-preview"],"yoast_head":"<!-- This site is optimized with the Yoast SEO plugin v27.3 - https:\/\/yoast.com\/product\/yoast-seo-wordpress\/ -->\n<title>Privation de sommeil : presse - R\u00e9seau Vivre la Ville<\/title>\n<meta name=\"robots\" content=\"index, follow, max-snippet:-1, max-image-preview:large, max-video-preview:-1\" \/>\n<link rel=\"canonical\" href=\"https:\/\/www.reseau-vivre-la-ville.fr\/?page_id=1942\" \/>\n<meta property=\"og:locale\" content=\"fr_FR\" \/>\n<meta property=\"og:type\" content=\"article\" \/>\n<meta property=\"og:title\" content=\"Privation de sommeil : presse - R\u00e9seau Vivre la Ville\" \/>\n<meta property=\"og:description\" content=\"2019 &#8211; 2018 &#8211; 2017 &#8211; 2016 &#8211; 2015 &#8211; 2014 &#8211; 2013 &#8211; 2012 2019 &#8211; Haut Le bruit, principal cause du manque de sommeil &#8211; Site de Marais-Louvre &#8211; 13 mars 2019 2018 &#8211; Haut Ce qu&rsquo;il se passe dans votre corps quand vous manquez de sommeil &#8211; Le Figaro &#8211; 24 mai [&hellip;]\" \/>\n<meta property=\"og:url\" content=\"https:\/\/www.reseau-vivre-la-ville.fr\/?page_id=1942\" \/>\n<meta property=\"og:site_name\" content=\"R\u00e9seau Vivre la Ville\" \/>\n<meta property=\"article:publisher\" content=\"https:\/\/www.facebook.com\/vivrelaville\/\" \/>\n<meta property=\"article:modified_time\" content=\"2019-03-14T08:29:55+00:00\" \/>\n<meta name=\"twitter:card\" content=\"summary_large_image\" \/>\n<meta name=\"twitter:label1\" content=\"Dur\u00e9e de lecture estim\u00e9e\" \/>\n\t<meta name=\"twitter:data1\" content=\"2 minutes\" \/>\n<script type=\"application\/ld+json\" class=\"yoast-schema-graph\">{\"@context\":\"https:\\\/\\\/schema.org\",\"@graph\":[{\"@type\":\"WebPage\",\"@id\":\"https:\\\/\\\/www.reseau-vivre-la-ville.fr\\\/?page_id=1942\",\"url\":\"https:\\\/\\\/www.reseau-vivre-la-ville.fr\\\/?page_id=1942\",\"name\":\"Privation de sommeil : presse - R\u00e9seau Vivre la Ville\",\"isPartOf\":{\"@id\":\"https:\\\/\\\/www.reseau-vivre-la-ville.fr\\\/#website\"},\"datePublished\":\"2018-03-18T16:48:27+00:00\",\"dateModified\":\"2019-03-14T08:29:55+00:00\",\"breadcrumb\":{\"@id\":\"https:\\\/\\\/www.reseau-vivre-la-ville.fr\\\/?page_id=1942#breadcrumb\"},\"inLanguage\":\"fr-FR\",\"potentialAction\":[{\"@type\":\"ReadAction\",\"target\":[\"https:\\\/\\\/www.reseau-vivre-la-ville.fr\\\/?page_id=1942\"]}]},{\"@type\":\"BreadcrumbList\",\"@id\":\"https:\\\/\\\/www.reseau-vivre-la-ville.fr\\\/?page_id=1942#breadcrumb\",\"itemListElement\":[{\"@type\":\"ListItem\",\"position\":1,\"name\":\"Accueil\",\"item\":\"https:\\\/\\\/www.reseau-vivre-la-ville.fr\\\/\"},{\"@type\":\"ListItem\",\"position\":2,\"name\":\"Privation de sommeil : presse\"}]},{\"@type\":\"WebSite\",\"@id\":\"https:\\\/\\\/www.reseau-vivre-la-ville.fr\\\/#website\",\"url\":\"https:\\\/\\\/www.reseau-vivre-la-ville.fr\\\/\",\"name\":\"R\u00e9seau Vivre la Ville\",\"description\":\"\",\"potentialAction\":[{\"@type\":\"SearchAction\",\"target\":{\"@type\":\"EntryPoint\",\"urlTemplate\":\"https:\\\/\\\/www.reseau-vivre-la-ville.fr\\\/?s={search_term_string}\"},\"query-input\":{\"@type\":\"PropertyValueSpecification\",\"valueRequired\":true,\"valueName\":\"search_term_string\"}}],\"inLanguage\":\"fr-FR\"}]}<\/script>\n<!-- \/ Yoast SEO plugin. -->","yoast_head_json":{"title":"Privation de sommeil : presse - R\u00e9seau Vivre la Ville","robots":{"index":"index","follow":"follow","max-snippet":"max-snippet:-1","max-image-preview":"max-image-preview:large","max-video-preview":"max-video-preview:-1"},"canonical":"https:\/\/www.reseau-vivre-la-ville.fr\/?page_id=1942","og_locale":"fr_FR","og_type":"article","og_title":"Privation de sommeil : presse - R\u00e9seau Vivre la Ville","og_description":"2019 &#8211; 2018 &#8211; 2017 &#8211; 2016 &#8211; 2015 &#8211; 2014 &#8211; 2013 &#8211; 2012 2019 &#8211; Haut Le bruit, principal cause du manque de sommeil &#8211; Site de Marais-Louvre &#8211; 13 mars 2019 2018 &#8211; Haut Ce qu&rsquo;il se passe dans votre corps quand vous manquez de sommeil &#8211; Le Figaro &#8211; 24 mai [&hellip;]","og_url":"https:\/\/www.reseau-vivre-la-ville.fr\/?page_id=1942","og_site_name":"R\u00e9seau Vivre la Ville","article_publisher":"https:\/\/www.facebook.com\/vivrelaville\/","article_modified_time":"2019-03-14T08:29:55+00:00","twitter_card":"summary_large_image","twitter_misc":{"Dur\u00e9e de lecture estim\u00e9e":"2 minutes"},"schema":{"@context":"https:\/\/schema.org","@graph":[{"@type":"WebPage","@id":"https:\/\/www.reseau-vivre-la-ville.fr\/?page_id=1942","url":"https:\/\/www.reseau-vivre-la-ville.fr\/?page_id=1942","name":"Privation de sommeil : presse - R\u00e9seau Vivre la Ville","isPartOf":{"@id":"https:\/\/www.reseau-vivre-la-ville.fr\/#website"},"datePublished":"2018-03-18T16:48:27+00:00","dateModified":"2019-03-14T08:29:55+00:00","breadcrumb":{"@id":"https:\/\/www.reseau-vivre-la-ville.fr\/?page_id=1942#breadcrumb"},"inLanguage":"fr-FR","potentialAction":[{"@type":"ReadAction","target":["https:\/\/www.reseau-vivre-la-ville.fr\/?page_id=1942"]}]},{"@type":"BreadcrumbList","@id":"https:\/\/www.reseau-vivre-la-ville.fr\/?page_id=1942#breadcrumb","itemListElement":[{"@type":"ListItem","position":1,"name":"Accueil","item":"https:\/\/www.reseau-vivre-la-ville.fr\/"},{"@type":"ListItem","position":2,"name":"Privation de sommeil : presse"}]},{"@type":"WebSite","@id":"https:\/\/www.reseau-vivre-la-ville.fr\/#website","url":"https:\/\/www.reseau-vivre-la-ville.fr\/","name":"R\u00e9seau Vivre la Ville","description":"","potentialAction":[{"@type":"SearchAction","target":{"@type":"EntryPoint","urlTemplate":"https:\/\/www.reseau-vivre-la-ville.fr\/?s={search_term_string}"},"query-input":{"@type":"PropertyValueSpecification","valueRequired":true,"valueName":"search_term_string"}}],"inLanguage":"fr-FR"}]}},"_links":{"self":[{"href":"https:\/\/www.reseau-vivre-la-ville.fr\/index.php?rest_route=\/wp\/v2\/pages\/1942","targetHints":{"allow":["GET"]}}],"collection":[{"href":"https:\/\/www.reseau-vivre-la-ville.fr\/index.php?rest_route=\/wp\/v2\/pages"}],"about":[{"href":"https:\/\/www.reseau-vivre-la-ville.fr\/index.php?rest_route=\/wp\/v2\/types\/page"}],"author":[{"embeddable":true,"href":"https:\/\/www.reseau-vivre-la-ville.fr\/index.php?rest_route=\/wp\/v2\/users\/7"}],"replies":[{"embeddable":true,"href":"https:\/\/www.reseau-vivre-la-ville.fr\/index.php?rest_route=%2Fwp%2Fv2%2Fcomments&post=1942"}],"version-history":[{"count":13,"href":"https:\/\/www.reseau-vivre-la-ville.fr\/index.php?rest_route=\/wp\/v2\/pages\/1942\/revisions"}],"predecessor-version":[{"id":2376,"href":"https:\/\/www.reseau-vivre-la-ville.fr\/index.php?rest_route=\/wp\/v2\/pages\/1942\/revisions\/2376"}],"wp:attachment":[{"href":"https:\/\/www.reseau-vivre-la-ville.fr\/index.php?rest_route=%2Fwp%2Fv2%2Fmedia&parent=1942"}],"curies":[{"name":"wp","href":"https:\/\/api.w.org\/{rel}","templated":true}]}}