{"id":194,"date":"2015-04-07T21:29:15","date_gmt":"2015-04-07T19:29:15","guid":{"rendered":"https:\/\/www.reseau-vivre-la-ville.fr\/?page_id=194"},"modified":"2017-03-29T10:04:35","modified_gmt":"2017-03-29T08:04:35","slug":"lisbonne","status":"publish","type":"page","link":"https:\/\/www.reseau-vivre-la-ville.fr\/?page_id=194","title":{"rendered":"Lisbonne"},"content":{"rendered":"<p>Pas besoin de comprendre le portugais, les images parlent d&rsquo;elles-m\u00eame.<\/p>\n<ul>\n<li><iframe loading=\"lazy\" width=\"640\" height=\"360\" src=\"\/\/www.youtube.com\/embed\/tT3ay-uUtFY?feature=player_detailpage\" frameborder=\"0\" allowfullscreen><\/iframe> &#8211; <a href=\"http:\/\/bairroalto-moradores.blogspot.fr\/2012\/05\/guerra-dos-decibeis-no-bairro-alto.html\" target=\"_blank\">Guerra dos Decib\u00e9is no Bairro Alto!<\/a> &#8211; AMBA (Associa\u00e7\u00e3o de Moradores do Bairro Alto) (31 mai 2012)<\/li>\n<\/ul>\n","protected":false},"excerpt":{"rendered":"<p>Pas besoin de comprendre le portugais, les images parlent d&rsquo;elles-m\u00eame. &#8211; Guerra dos Decib\u00e9is no Bairro Alto! &#8211; AMBA (Associa\u00e7\u00e3o de Moradores do Bairro Alto) (31 mai 2012)<\/p>\n","protected":false},"author":7,"featured_media":0,"parent":0,"menu_order":0,"comment_status":"closed","ping_status":"closed","template":"","meta":{"_monsterinsights_skip_tracking":false,"_monsterinsights_sitenote_active":false,"_monsterinsights_sitenote_note":"","_monsterinsights_sitenote_category":0,"footnotes":""},"class_list":["post-194","page","type-page","status-publish","hentry","post-preview"],"yoast_head":"<!-- This site is optimized with the Yoast SEO plugin v27.3 - https:\/\/yoast.com\/product\/yoast-seo-wordpress\/ -->\n<title>Lisbonne - R\u00e9seau Vivre la Ville<\/title>\n<meta name=\"robots\" content=\"index, follow, max-snippet:-1, max-image-preview:large, max-video-preview:-1\" \/>\n<link rel=\"canonical\" href=\"https:\/\/www.reseau-vivre-la-ville.fr\/?page_id=194\" \/>\n<meta property=\"og:locale\" content=\"fr_FR\" \/>\n<meta property=\"og:type\" content=\"article\" \/>\n<meta property=\"og:title\" content=\"Lisbonne - R\u00e9seau Vivre la Ville\" \/>\n<meta property=\"og:description\" content=\"Pas besoin de comprendre le portugais, les images parlent d&rsquo;elles-m\u00eame. &#8211; Guerra dos Decib\u00e9is no Bairro Alto! &#8211; AMBA (Associa\u00e7\u00e3o de Moradores do Bairro Alto) (31 mai 2012)\" \/>\n<meta property=\"og:url\" content=\"https:\/\/www.reseau-vivre-la-ville.fr\/?page_id=194\" \/>\n<meta property=\"og:site_name\" content=\"R\u00e9seau Vivre la Ville\" \/>\n<meta property=\"article:publisher\" content=\"https:\/\/www.facebook.com\/vivrelaville\/\" \/>\n<meta property=\"article:modified_time\" content=\"2017-03-29T08:04:35+00:00\" \/>\n<meta name=\"twitter:card\" content=\"summary_large_image\" \/>\n<script type=\"application\/ld+json\" class=\"yoast-schema-graph\">{\"@context\":\"https:\\\/\\\/schema.org\",\"@graph\":[{\"@type\":\"WebPage\",\"@id\":\"https:\\\/\\\/www.reseau-vivre-la-ville.fr\\\/?page_id=194\",\"url\":\"https:\\\/\\\/www.reseau-vivre-la-ville.fr\\\/?page_id=194\",\"name\":\"Lisbonne - R\u00e9seau Vivre la Ville\",\"isPartOf\":{\"@id\":\"https:\\\/\\\/www.reseau-vivre-la-ville.fr\\\/#website\"},\"datePublished\":\"2015-04-07T19:29:15+00:00\",\"dateModified\":\"2017-03-29T08:04:35+00:00\",\"breadcrumb\":{\"@id\":\"https:\\\/\\\/www.reseau-vivre-la-ville.fr\\\/?page_id=194#breadcrumb\"},\"inLanguage\":\"fr-FR\",\"potentialAction\":[{\"@type\":\"ReadAction\",\"target\":[\"https:\\\/\\\/www.reseau-vivre-la-ville.fr\\\/?page_id=194\"]}]},{\"@type\":\"BreadcrumbList\",\"@id\":\"https:\\\/\\\/www.reseau-vivre-la-ville.fr\\\/?page_id=194#breadcrumb\",\"itemListElement\":[{\"@type\":\"ListItem\",\"position\":1,\"name\":\"Accueil\",\"item\":\"https:\\\/\\\/www.reseau-vivre-la-ville.fr\\\/\"},{\"@type\":\"ListItem\",\"position\":2,\"name\":\"Lisbonne\"}]},{\"@type\":\"WebSite\",\"@id\":\"https:\\\/\\\/www.reseau-vivre-la-ville.fr\\\/#website\",\"url\":\"https:\\\/\\\/www.reseau-vivre-la-ville.fr\\\/\",\"name\":\"R\u00e9seau Vivre la Ville\",\"description\":\"\",\"potentialAction\":[{\"@type\":\"SearchAction\",\"target\":{\"@type\":\"EntryPoint\",\"urlTemplate\":\"https:\\\/\\\/www.reseau-vivre-la-ville.fr\\\/?s={search_term_string}\"},\"query-input\":{\"@type\":\"PropertyValueSpecification\",\"valueRequired\":true,\"valueName\":\"search_term_string\"}}],\"inLanguage\":\"fr-FR\"}]}<\/script>\n<!-- \/ Yoast SEO plugin. -->","yoast_head_json":{"title":"Lisbonne - R\u00e9seau Vivre la Ville","robots":{"index":"index","follow":"follow","max-snippet":"max-snippet:-1","max-image-preview":"max-image-preview:large","max-video-preview":"max-video-preview:-1"},"canonical":"https:\/\/www.reseau-vivre-la-ville.fr\/?page_id=194","og_locale":"fr_FR","og_type":"article","og_title":"Lisbonne - R\u00e9seau Vivre la Ville","og_description":"Pas besoin de comprendre le portugais, les images parlent d&rsquo;elles-m\u00eame. &#8211; Guerra dos Decib\u00e9is no Bairro Alto! &#8211; AMBA (Associa\u00e7\u00e3o de Moradores do Bairro Alto) (31 mai 2012)","og_url":"https:\/\/www.reseau-vivre-la-ville.fr\/?page_id=194","og_site_name":"R\u00e9seau Vivre la Ville","article_publisher":"https:\/\/www.facebook.com\/vivrelaville\/","article_modified_time":"2017-03-29T08:04:35+00:00","twitter_card":"summary_large_image","schema":{"@context":"https:\/\/schema.org","@graph":[{"@type":"WebPage","@id":"https:\/\/www.reseau-vivre-la-ville.fr\/?page_id=194","url":"https:\/\/www.reseau-vivre-la-ville.fr\/?page_id=194","name":"Lisbonne - R\u00e9seau Vivre la Ville","isPartOf":{"@id":"https:\/\/www.reseau-vivre-la-ville.fr\/#website"},"datePublished":"2015-04-07T19:29:15+00:00","dateModified":"2017-03-29T08:04:35+00:00","breadcrumb":{"@id":"https:\/\/www.reseau-vivre-la-ville.fr\/?page_id=194#breadcrumb"},"inLanguage":"fr-FR","potentialAction":[{"@type":"ReadAction","target":["https:\/\/www.reseau-vivre-la-ville.fr\/?page_id=194"]}]},{"@type":"BreadcrumbList","@id":"https:\/\/www.reseau-vivre-la-ville.fr\/?page_id=194#breadcrumb","itemListElement":[{"@type":"ListItem","position":1,"name":"Accueil","item":"https:\/\/www.reseau-vivre-la-ville.fr\/"},{"@type":"ListItem","position":2,"name":"Lisbonne"}]},{"@type":"WebSite","@id":"https:\/\/www.reseau-vivre-la-ville.fr\/#website","url":"https:\/\/www.reseau-vivre-la-ville.fr\/","name":"R\u00e9seau Vivre la Ville","description":"","potentialAction":[{"@type":"SearchAction","target":{"@type":"EntryPoint","urlTemplate":"https:\/\/www.reseau-vivre-la-ville.fr\/?s={search_term_string}"},"query-input":{"@type":"PropertyValueSpecification","valueRequired":true,"valueName":"search_term_string"}}],"inLanguage":"fr-FR"}]}},"_links":{"self":[{"href":"https:\/\/www.reseau-vivre-la-ville.fr\/index.php?rest_route=\/wp\/v2\/pages\/194","targetHints":{"allow":["GET"]}}],"collection":[{"href":"https:\/\/www.reseau-vivre-la-ville.fr\/index.php?rest_route=\/wp\/v2\/pages"}],"about":[{"href":"https:\/\/www.reseau-vivre-la-ville.fr\/index.php?rest_route=\/wp\/v2\/types\/page"}],"author":[{"embeddable":true,"href":"https:\/\/www.reseau-vivre-la-ville.fr\/index.php?rest_route=\/wp\/v2\/users\/7"}],"replies":[{"embeddable":true,"href":"https:\/\/www.reseau-vivre-la-ville.fr\/index.php?rest_route=%2Fwp%2Fv2%2Fcomments&post=194"}],"version-history":[{"count":2,"href":"https:\/\/www.reseau-vivre-la-ville.fr\/index.php?rest_route=\/wp\/v2\/pages\/194\/revisions"}],"predecessor-version":[{"id":1397,"href":"https:\/\/www.reseau-vivre-la-ville.fr\/index.php?rest_route=\/wp\/v2\/pages\/194\/revisions\/1397"}],"wp:attachment":[{"href":"https:\/\/www.reseau-vivre-la-ville.fr\/index.php?rest_route=%2Fwp%2Fv2%2Fmedia&parent=194"}],"curies":[{"name":"wp","href":"https:\/\/api.w.org\/{rel}","templated":true}]}}