{"id":1939,"date":"2018-03-18T17:47:50","date_gmt":"2018-03-18T16:47:50","guid":{"rendered":"https:\/\/www.reseau-vivre-la-ville.fr\/?page_id=1939"},"modified":"2025-03-19T16:26:11","modified_gmt":"2025-03-19T15:26:11","slug":"privation-de-sommeil-documents-officiels","status":"publish","type":"page","link":"https:\/\/www.reseau-vivre-la-ville.fr\/?page_id=1939","title":{"rendered":"Privation de sommeil : documents officiels"},"content":{"rendered":"<ul>\n<li><a href=\"https:\/\/www.lifehack.org\/377243\/science-says-silence-much-more-important-our-brains-than-thought?ref=facebook\" rel=\"noopener\" target=\"_blank\">Science Says Silence Is Much More Important To Our Brains Than We Think<\/a> &#8211; Rebecca Beris &#8211; www.lifehack.org<\/li>\n<li><a href=\"https:\/\/www.reseau-vivre-la-ville.fr\/wp-content\/uploads\/2018\/03\/Recreational-noise-Impact-and-costs-for-annoyed-residents-in-Milan-and-Turin.pdf\" target=\"_blank\" rel=\"noopener\">Recreational noise Impact and costs for annoyed residents in Milan and Turin<\/a> (Elisabetta Ottoza, Lorenzo Rizzi, Francesco Nastasi), Applied Acoustics<\/li>\n<li><a href=\"http:\/\/tnova.fr\/revues\/le-sommeil-est-un-enjeu-economique\" rel=\"noopener\" target=\"_blank\">Le sommeil est un enjeu \u00e9conomique<\/a> &#8211; Terra Nova<\/li>\n<li><a href=\"http:\/\/tnova.fr\/system\/contents\/files\/000\/001\/161\/original\/25042016_-_Retrouver_le_sommeil__une_affaire_publique.pdf?1462203056\" target=\"_blank\" rel=\"noopener\">Retrouver le sommeil, une affaire publique<\/a> &#8211; Think Tank Terra Nova &#8211; 25 avril 2016<\/li>\n<li><a href=\"https:\/\/www.reseau-vivre-la-ville.fr\/wp-content\/uploads\/2015\/04\/CNB-rapport-activite-2014.pdf\" target=\"_blank\" rel=\"noopener\">Rapport d&rsquo;activit\u00e9s du Conseil National du Bruit (2014)<\/a><\/li>\n<li><a href=\"https:\/\/www.youtube.com\/watch?v=z5S1w7hdwUM\" target=\"_blank\" rel=\"noopener\">Ozie Boo prot\u00e8ge ta plan\u00e8te &#8211; Le bruit est une pollution !<\/a><\/li>\n<li><a href=\"https:\/\/www.reseau-vivre-paris.fr\/docs_pdf\/2012\/asef_abus_bruit.pdf\" target=\"_blank\" rel=\"noopener\">L\u2019abus de bruit est dangereux pour la sant\u00e9 : la synth\u00e8se de l\u2019ASEF<\/a> &#8211; Association Sant\u00e9 Environnement France<\/li>\n<li><a href=\"https:\/\/www.reseau-vivre-paris.fr\/wp-content\/uploads\/2014\/02\/2011_who_burden_disease_from_noise.pdf\" target=\"_blank\" rel=\"noopener\">Burden of disease from environmental noise &#8211; Quantification of healthy life years lost in Europe<\/a> &#8211; Who Health Organisation &#8211; 2011<\/li>\n<li><a href=\"https:\/\/www.reseau-vivre-paris.fr\/docs_pdf\/2010\/good_practice_guide_noise_11-2010.pdf\" target=\"_blank\" rel=\"noopener\">Good practice guide on noise exposure and potential health effects<\/a> &#8211; European Environment Agency &#8211; novembre 2010<\/li>\n<li><a href=\"http:\/\/www.euro.who.int\/fr\/what-we-publish\/information-for-the-media\/sections\/press-releases\/2009\/10\/one-in-five-europeans-is-regularly-exposed-to-sound-levels-at-night-that-could-significantly-damage-health\" target=\"_blank\" rel=\"noopener\">OMS : Un Europ\u00e9en sur cinq est r\u00e9guli\u00e8rement expos\u00e9, la nuit, \u00e0 des niveaux sonores qui pourraient \u00eatre tr\u00e8s nocifs pour la sant\u00e9 &#8211; L\u2019OMS pr\u00e9sente des recommandations pour la protection de la sant\u00e9 contre la pollution sonore nocturne<\/a> &#8211; 8 octobre 2009<\/li>\n<\/ul>\n","protected":false},"excerpt":{"rendered":"<p>Science Says Silence Is Much More Important To Our Brains Than We Think &#8211; Rebecca Beris &#8211; www.lifehack.org Recreational noise Impact and costs for annoyed residents in Milan and Turin (Elisabetta Ottoza, Lorenzo Rizzi, Francesco Nastasi), Applied Acoustics Le sommeil est un enjeu \u00e9conomique &#8211; Terra Nova Retrouver le sommeil, une affaire publique &#8211; Think [&hellip;]<\/p>\n","protected":false},"author":7,"featured_media":0,"parent":0,"menu_order":0,"comment_status":"closed","ping_status":"closed","template":"template-fullwidth.php","meta":{"_monsterinsights_skip_tracking":false,"_monsterinsights_sitenote_active":false,"_monsterinsights_sitenote_note":"","_monsterinsights_sitenote_category":0,"footnotes":""},"class_list":["post-1939","page","type-page","status-publish","hentry","post-preview"],"yoast_head":"<!-- This site is optimized with the Yoast SEO plugin v27.3 - https:\/\/yoast.com\/product\/yoast-seo-wordpress\/ -->\n<title>Privation de sommeil : documents officiels - R\u00e9seau Vivre la Ville<\/title>\n<meta name=\"robots\" content=\"index, follow, max-snippet:-1, max-image-preview:large, max-video-preview:-1\" \/>\n<link rel=\"canonical\" href=\"https:\/\/www.reseau-vivre-la-ville.fr\/?page_id=1939\" \/>\n<meta property=\"og:locale\" content=\"fr_FR\" \/>\n<meta property=\"og:type\" content=\"article\" \/>\n<meta property=\"og:title\" content=\"Privation de sommeil : documents officiels - R\u00e9seau Vivre la Ville\" \/>\n<meta property=\"og:description\" content=\"Science Says Silence Is Much More Important To Our Brains Than We Think &#8211; Rebecca Beris &#8211; www.lifehack.org Recreational noise Impact and costs for annoyed residents in Milan and Turin (Elisabetta Ottoza, Lorenzo Rizzi, Francesco Nastasi), Applied Acoustics Le sommeil est un enjeu \u00e9conomique &#8211; Terra Nova Retrouver le sommeil, une affaire publique &#8211; Think [&hellip;]\" \/>\n<meta property=\"og:url\" content=\"https:\/\/www.reseau-vivre-la-ville.fr\/?page_id=1939\" \/>\n<meta property=\"og:site_name\" content=\"R\u00e9seau Vivre la Ville\" \/>\n<meta property=\"article:publisher\" content=\"https:\/\/www.facebook.com\/vivrelaville\/\" \/>\n<meta property=\"article:modified_time\" content=\"2025-03-19T15:26:11+00:00\" \/>\n<meta name=\"twitter:card\" content=\"summary_large_image\" \/>\n<meta name=\"twitter:label1\" content=\"Dur\u00e9e de lecture estim\u00e9e\" \/>\n\t<meta name=\"twitter:data1\" content=\"1 minute\" \/>\n<script type=\"application\/ld+json\" class=\"yoast-schema-graph\">{\"@context\":\"https:\\\/\\\/schema.org\",\"@graph\":[{\"@type\":\"WebPage\",\"@id\":\"https:\\\/\\\/www.reseau-vivre-la-ville.fr\\\/?page_id=1939\",\"url\":\"https:\\\/\\\/www.reseau-vivre-la-ville.fr\\\/?page_id=1939\",\"name\":\"Privation de sommeil : documents officiels - R\u00e9seau Vivre la Ville\",\"isPartOf\":{\"@id\":\"https:\\\/\\\/www.reseau-vivre-la-ville.fr\\\/#website\"},\"datePublished\":\"2018-03-18T16:47:50+00:00\",\"dateModified\":\"2025-03-19T15:26:11+00:00\",\"breadcrumb\":{\"@id\":\"https:\\\/\\\/www.reseau-vivre-la-ville.fr\\\/?page_id=1939#breadcrumb\"},\"inLanguage\":\"fr-FR\",\"potentialAction\":[{\"@type\":\"ReadAction\",\"target\":[\"https:\\\/\\\/www.reseau-vivre-la-ville.fr\\\/?page_id=1939\"]}]},{\"@type\":\"BreadcrumbList\",\"@id\":\"https:\\\/\\\/www.reseau-vivre-la-ville.fr\\\/?page_id=1939#breadcrumb\",\"itemListElement\":[{\"@type\":\"ListItem\",\"position\":1,\"name\":\"Accueil\",\"item\":\"https:\\\/\\\/www.reseau-vivre-la-ville.fr\\\/\"},{\"@type\":\"ListItem\",\"position\":2,\"name\":\"Privation de sommeil : documents officiels\"}]},{\"@type\":\"WebSite\",\"@id\":\"https:\\\/\\\/www.reseau-vivre-la-ville.fr\\\/#website\",\"url\":\"https:\\\/\\\/www.reseau-vivre-la-ville.fr\\\/\",\"name\":\"R\u00e9seau Vivre la Ville\",\"description\":\"\",\"potentialAction\":[{\"@type\":\"SearchAction\",\"target\":{\"@type\":\"EntryPoint\",\"urlTemplate\":\"https:\\\/\\\/www.reseau-vivre-la-ville.fr\\\/?s={search_term_string}\"},\"query-input\":{\"@type\":\"PropertyValueSpecification\",\"valueRequired\":true,\"valueName\":\"search_term_string\"}}],\"inLanguage\":\"fr-FR\"}]}<\/script>\n<!-- \/ Yoast SEO plugin. -->","yoast_head_json":{"title":"Privation de sommeil : documents officiels - R\u00e9seau Vivre la Ville","robots":{"index":"index","follow":"follow","max-snippet":"max-snippet:-1","max-image-preview":"max-image-preview:large","max-video-preview":"max-video-preview:-1"},"canonical":"https:\/\/www.reseau-vivre-la-ville.fr\/?page_id=1939","og_locale":"fr_FR","og_type":"article","og_title":"Privation de sommeil : documents officiels - R\u00e9seau Vivre la Ville","og_description":"Science Says Silence Is Much More Important To Our Brains Than We Think &#8211; Rebecca Beris &#8211; www.lifehack.org Recreational noise Impact and costs for annoyed residents in Milan and Turin (Elisabetta Ottoza, Lorenzo Rizzi, Francesco Nastasi), Applied Acoustics Le sommeil est un enjeu \u00e9conomique &#8211; Terra Nova Retrouver le sommeil, une affaire publique &#8211; Think [&hellip;]","og_url":"https:\/\/www.reseau-vivre-la-ville.fr\/?page_id=1939","og_site_name":"R\u00e9seau Vivre la Ville","article_publisher":"https:\/\/www.facebook.com\/vivrelaville\/","article_modified_time":"2025-03-19T15:26:11+00:00","twitter_card":"summary_large_image","twitter_misc":{"Dur\u00e9e de lecture estim\u00e9e":"1 minute"},"schema":{"@context":"https:\/\/schema.org","@graph":[{"@type":"WebPage","@id":"https:\/\/www.reseau-vivre-la-ville.fr\/?page_id=1939","url":"https:\/\/www.reseau-vivre-la-ville.fr\/?page_id=1939","name":"Privation de sommeil : documents officiels - R\u00e9seau Vivre la Ville","isPartOf":{"@id":"https:\/\/www.reseau-vivre-la-ville.fr\/#website"},"datePublished":"2018-03-18T16:47:50+00:00","dateModified":"2025-03-19T15:26:11+00:00","breadcrumb":{"@id":"https:\/\/www.reseau-vivre-la-ville.fr\/?page_id=1939#breadcrumb"},"inLanguage":"fr-FR","potentialAction":[{"@type":"ReadAction","target":["https:\/\/www.reseau-vivre-la-ville.fr\/?page_id=1939"]}]},{"@type":"BreadcrumbList","@id":"https:\/\/www.reseau-vivre-la-ville.fr\/?page_id=1939#breadcrumb","itemListElement":[{"@type":"ListItem","position":1,"name":"Accueil","item":"https:\/\/www.reseau-vivre-la-ville.fr\/"},{"@type":"ListItem","position":2,"name":"Privation de sommeil : documents officiels"}]},{"@type":"WebSite","@id":"https:\/\/www.reseau-vivre-la-ville.fr\/#website","url":"https:\/\/www.reseau-vivre-la-ville.fr\/","name":"R\u00e9seau Vivre la Ville","description":"","potentialAction":[{"@type":"SearchAction","target":{"@type":"EntryPoint","urlTemplate":"https:\/\/www.reseau-vivre-la-ville.fr\/?s={search_term_string}"},"query-input":{"@type":"PropertyValueSpecification","valueRequired":true,"valueName":"search_term_string"}}],"inLanguage":"fr-FR"}]}},"_links":{"self":[{"href":"https:\/\/www.reseau-vivre-la-ville.fr\/index.php?rest_route=\/wp\/v2\/pages\/1939","targetHints":{"allow":["GET"]}}],"collection":[{"href":"https:\/\/www.reseau-vivre-la-ville.fr\/index.php?rest_route=\/wp\/v2\/pages"}],"about":[{"href":"https:\/\/www.reseau-vivre-la-ville.fr\/index.php?rest_route=\/wp\/v2\/types\/page"}],"author":[{"embeddable":true,"href":"https:\/\/www.reseau-vivre-la-ville.fr\/index.php?rest_route=\/wp\/v2\/users\/7"}],"replies":[{"embeddable":true,"href":"https:\/\/www.reseau-vivre-la-ville.fr\/index.php?rest_route=%2Fwp%2Fv2%2Fcomments&post=1939"}],"version-history":[{"count":5,"href":"https:\/\/www.reseau-vivre-la-ville.fr\/index.php?rest_route=\/wp\/v2\/pages\/1939\/revisions"}],"predecessor-version":[{"id":2979,"href":"https:\/\/www.reseau-vivre-la-ville.fr\/index.php?rest_route=\/wp\/v2\/pages\/1939\/revisions\/2979"}],"wp:attachment":[{"href":"https:\/\/www.reseau-vivre-la-ville.fr\/index.php?rest_route=%2Fwp%2Fv2%2Fmedia&parent=1939"}],"curies":[{"name":"wp","href":"https:\/\/api.w.org\/{rel}","templated":true}]}}