{"id":1877,"date":"2018-03-10T13:45:39","date_gmt":"2018-03-10T11:45:39","guid":{"rendered":"https:\/\/www.reseau-vivre-la-ville.fr\/?page_id=1877"},"modified":"2025-03-19T16:24:00","modified_gmt":"2025-03-19T15:24:00","slug":"bruxelles-2018","status":"publish","type":"page","link":"https:\/\/www.reseau-vivre-la-ville.fr\/?page_id=1877","title":{"rendered":"Bruxelles 2018"},"content":{"rendered":"<p><a href=\"https:\/\/www.reseau-vivre-la-ville.fr\/wp-content\/uploads\/2018\/03\/AffichetteREVV-Bruxelles-1.jpg\"><img loading=\"lazy\" decoding=\"async\" src=\"https:\/\/www.reseau-vivre-la-ville.fr\/wp-content\/uploads\/2018\/03\/AffichetteREVV-Bruxelles-1-212x300.jpg\" alt=\"\" width=\"212\" height=\"300\" class=\"alignleft size-medium wp-image-1884\" srcset=\"https:\/\/www.reseau-vivre-la-ville.fr\/wp-content\/uploads\/2018\/03\/AffichetteREVV-Bruxelles-1-212x300.jpg 212w, https:\/\/www.reseau-vivre-la-ville.fr\/wp-content\/uploads\/2018\/03\/AffichetteREVV-Bruxelles-1-768x1086.jpg 768w, https:\/\/www.reseau-vivre-la-ville.fr\/wp-content\/uploads\/2018\/03\/AffichetteREVV-Bruxelles-1-724x1024.jpg 724w, https:\/\/www.reseau-vivre-la-ville.fr\/wp-content\/uploads\/2018\/03\/AffichetteREVV-Bruxelles-1.jpg 1170w\" sizes=\"auto, (max-width: 212px) 100vw, 212px\" \/><\/a>Merci \u00e0 l&rsquo;<a href=\"http:\/\/www.arau.org\" rel=\"noopener\" target=\"_blank\">ARAU<\/a> pour l&rsquo;organisation des 4\u00e8mes rencontres du R\u00e9seau Europ\u00e9en \u00ab\u00a0Vivre la Ville!\u00a0\u00bb qui ont eu lieu \u00e0 Bruxelles les 23-25 mars 2018.<br \/>\nLe colloque annuel de l&rsquo;ARAU s&rsquo;est tenu du lundi 19 mars au vendredi 23 mars tous les soirs dans un h\u00f4tel du centre-ville sur le th\u00e8me du bruit dans la ville en g\u00e9n\u00e9ral, incluant par exemple le survol a\u00e9rien qui est une question tr\u00e8s sensible \u00e0 Bruxelles.<\/p>\n<ul>\n<li><a href=\"https:\/\/www.reseau-vivre-la-ville.fr\/?p=1803\" rel=\"noopener\" target=\"_blank\">Le communiqu\u00e9 de l&rsquo;ARAU<\/a>, association organisatrice de la semaine consacr\u00e9e au bruit dans la cit\u00e9.<\/li>\n<li><a href=\"https:\/\/www.reseau-vivre-la-ville.fr\/wp-content\/uploads\/2018\/03\/TractREVV-Bruxelles.pdf\" target=\"_blank\" rel=\"noopener\">Le programme de ces deux journ\u00e9es<\/a>.<\/li>\n<li><a href=\"https:\/\/www.reseau-vivre-la-ville.fr\/?p=2046\" rel=\"noopener\" target=\"_blank\">Les documents<\/a><\/li>\n<li><a href=\"https:\/\/www.reseau-vivre-la-ville.fr\/wp-content\/uploads\/2018\/03\/AffichetteREVV-Bruxelles.pdf\" target=\"_blank\" rel=\"noopener\">L&rsquo;affiche du congr\u00e8s<\/a>.<\/li>\n<\/ul>\n","protected":false},"excerpt":{"rendered":"<p>Merci \u00e0 l&rsquo;ARAU pour l&rsquo;organisation des 4\u00e8mes rencontres du R\u00e9seau Europ\u00e9en \u00ab\u00a0Vivre la Ville!\u00a0\u00bb qui ont eu lieu \u00e0 Bruxelles les 23-25 mars 2018. Le colloque annuel de l&rsquo;ARAU s&rsquo;est tenu du lundi 19 mars au vendredi 23 mars tous les soirs dans un h\u00f4tel du centre-ville sur le th\u00e8me du bruit dans la ville [&hellip;]<\/p>\n","protected":false},"author":7,"featured_media":0,"parent":0,"menu_order":0,"comment_status":"closed","ping_status":"closed","template":"template-fullwidth.php","meta":{"_monsterinsights_skip_tracking":false,"_monsterinsights_sitenote_active":false,"_monsterinsights_sitenote_note":"","_monsterinsights_sitenote_category":0,"footnotes":""},"class_list":["post-1877","page","type-page","status-publish","hentry","post-preview"],"yoast_head":"<!-- This site is optimized with the Yoast SEO plugin v27.3 - https:\/\/yoast.com\/product\/yoast-seo-wordpress\/ -->\n<title>Bruxelles 2018 - R\u00e9seau Vivre la Ville<\/title>\n<meta name=\"robots\" content=\"index, follow, max-snippet:-1, max-image-preview:large, max-video-preview:-1\" \/>\n<link rel=\"canonical\" href=\"https:\/\/www.reseau-vivre-la-ville.fr\/?page_id=1877\" \/>\n<meta property=\"og:locale\" content=\"fr_FR\" \/>\n<meta property=\"og:type\" content=\"article\" \/>\n<meta property=\"og:title\" content=\"Bruxelles 2018 - R\u00e9seau Vivre la Ville\" \/>\n<meta property=\"og:description\" content=\"Merci \u00e0 l&rsquo;ARAU pour l&rsquo;organisation des 4\u00e8mes rencontres du R\u00e9seau Europ\u00e9en \u00ab\u00a0Vivre la Ville!\u00a0\u00bb qui ont eu lieu \u00e0 Bruxelles les 23-25 mars 2018. Le colloque annuel de l&rsquo;ARAU s&rsquo;est tenu du lundi 19 mars au vendredi 23 mars tous les soirs dans un h\u00f4tel du centre-ville sur le th\u00e8me du bruit dans la ville [&hellip;]\" \/>\n<meta property=\"og:url\" content=\"https:\/\/www.reseau-vivre-la-ville.fr\/?page_id=1877\" \/>\n<meta property=\"og:site_name\" content=\"R\u00e9seau Vivre la Ville\" \/>\n<meta property=\"article:publisher\" content=\"https:\/\/www.facebook.com\/vivrelaville\/\" \/>\n<meta property=\"article:modified_time\" content=\"2025-03-19T15:24:00+00:00\" \/>\n<meta property=\"og:image\" content=\"https:\/\/www.reseau-vivre-la-ville.fr\/wp-content\/uploads\/2018\/03\/AffichetteREVV-Bruxelles-1.jpg\" \/>\n\t<meta property=\"og:image:width\" content=\"1170\" \/>\n\t<meta property=\"og:image:height\" content=\"1654\" \/>\n\t<meta property=\"og:image:type\" content=\"image\/jpeg\" \/>\n<meta name=\"twitter:card\" content=\"summary_large_image\" \/>\n<meta name=\"twitter:label1\" content=\"Dur\u00e9e de lecture estim\u00e9e\" \/>\n\t<meta name=\"twitter:data1\" content=\"1 minute\" \/>\n<script type=\"application\/ld+json\" class=\"yoast-schema-graph\">{\"@context\":\"https:\\\/\\\/schema.org\",\"@graph\":[{\"@type\":\"WebPage\",\"@id\":\"https:\\\/\\\/www.reseau-vivre-la-ville.fr\\\/?page_id=1877\",\"url\":\"https:\\\/\\\/www.reseau-vivre-la-ville.fr\\\/?page_id=1877\",\"name\":\"Bruxelles 2018 - R\u00e9seau Vivre la Ville\",\"isPartOf\":{\"@id\":\"https:\\\/\\\/www.reseau-vivre-la-ville.fr\\\/#website\"},\"primaryImageOfPage\":{\"@id\":\"https:\\\/\\\/www.reseau-vivre-la-ville.fr\\\/?page_id=1877#primaryimage\"},\"image\":{\"@id\":\"https:\\\/\\\/www.reseau-vivre-la-ville.fr\\\/?page_id=1877#primaryimage\"},\"thumbnailUrl\":\"https:\\\/\\\/www.reseau-vivre-la-ville.fr\\\/wp-content\\\/uploads\\\/2018\\\/03\\\/AffichetteREVV-Bruxelles-1-212x300.jpg\",\"datePublished\":\"2018-03-10T11:45:39+00:00\",\"dateModified\":\"2025-03-19T15:24:00+00:00\",\"breadcrumb\":{\"@id\":\"https:\\\/\\\/www.reseau-vivre-la-ville.fr\\\/?page_id=1877#breadcrumb\"},\"inLanguage\":\"fr-FR\",\"potentialAction\":[{\"@type\":\"ReadAction\",\"target\":[\"https:\\\/\\\/www.reseau-vivre-la-ville.fr\\\/?page_id=1877\"]}]},{\"@type\":\"ImageObject\",\"inLanguage\":\"fr-FR\",\"@id\":\"https:\\\/\\\/www.reseau-vivre-la-ville.fr\\\/?page_id=1877#primaryimage\",\"url\":\"https:\\\/\\\/www.reseau-vivre-la-ville.fr\\\/wp-content\\\/uploads\\\/2018\\\/03\\\/AffichetteREVV-Bruxelles-1.jpg\",\"contentUrl\":\"https:\\\/\\\/www.reseau-vivre-la-ville.fr\\\/wp-content\\\/uploads\\\/2018\\\/03\\\/AffichetteREVV-Bruxelles-1.jpg\",\"width\":1170,\"height\":1654},{\"@type\":\"BreadcrumbList\",\"@id\":\"https:\\\/\\\/www.reseau-vivre-la-ville.fr\\\/?page_id=1877#breadcrumb\",\"itemListElement\":[{\"@type\":\"ListItem\",\"position\":1,\"name\":\"Accueil\",\"item\":\"https:\\\/\\\/www.reseau-vivre-la-ville.fr\\\/\"},{\"@type\":\"ListItem\",\"position\":2,\"name\":\"Bruxelles 2018\"}]},{\"@type\":\"WebSite\",\"@id\":\"https:\\\/\\\/www.reseau-vivre-la-ville.fr\\\/#website\",\"url\":\"https:\\\/\\\/www.reseau-vivre-la-ville.fr\\\/\",\"name\":\"R\u00e9seau Vivre la Ville\",\"description\":\"\",\"potentialAction\":[{\"@type\":\"SearchAction\",\"target\":{\"@type\":\"EntryPoint\",\"urlTemplate\":\"https:\\\/\\\/www.reseau-vivre-la-ville.fr\\\/?s={search_term_string}\"},\"query-input\":{\"@type\":\"PropertyValueSpecification\",\"valueRequired\":true,\"valueName\":\"search_term_string\"}}],\"inLanguage\":\"fr-FR\"}]}<\/script>\n<!-- \/ Yoast SEO plugin. -->","yoast_head_json":{"title":"Bruxelles 2018 - R\u00e9seau Vivre la Ville","robots":{"index":"index","follow":"follow","max-snippet":"max-snippet:-1","max-image-preview":"max-image-preview:large","max-video-preview":"max-video-preview:-1"},"canonical":"https:\/\/www.reseau-vivre-la-ville.fr\/?page_id=1877","og_locale":"fr_FR","og_type":"article","og_title":"Bruxelles 2018 - R\u00e9seau Vivre la Ville","og_description":"Merci \u00e0 l&rsquo;ARAU pour l&rsquo;organisation des 4\u00e8mes rencontres du R\u00e9seau Europ\u00e9en \u00ab\u00a0Vivre la Ville!\u00a0\u00bb qui ont eu lieu \u00e0 Bruxelles les 23-25 mars 2018. Le colloque annuel de l&rsquo;ARAU s&rsquo;est tenu du lundi 19 mars au vendredi 23 mars tous les soirs dans un h\u00f4tel du centre-ville sur le th\u00e8me du bruit dans la ville [&hellip;]","og_url":"https:\/\/www.reseau-vivre-la-ville.fr\/?page_id=1877","og_site_name":"R\u00e9seau Vivre la Ville","article_publisher":"https:\/\/www.facebook.com\/vivrelaville\/","article_modified_time":"2025-03-19T15:24:00+00:00","og_image":[{"width":1170,"height":1654,"url":"https:\/\/www.reseau-vivre-la-ville.fr\/wp-content\/uploads\/2018\/03\/AffichetteREVV-Bruxelles-1.jpg","type":"image\/jpeg"}],"twitter_card":"summary_large_image","twitter_misc":{"Dur\u00e9e de lecture estim\u00e9e":"1 minute"},"schema":{"@context":"https:\/\/schema.org","@graph":[{"@type":"WebPage","@id":"https:\/\/www.reseau-vivre-la-ville.fr\/?page_id=1877","url":"https:\/\/www.reseau-vivre-la-ville.fr\/?page_id=1877","name":"Bruxelles 2018 - R\u00e9seau Vivre la Ville","isPartOf":{"@id":"https:\/\/www.reseau-vivre-la-ville.fr\/#website"},"primaryImageOfPage":{"@id":"https:\/\/www.reseau-vivre-la-ville.fr\/?page_id=1877#primaryimage"},"image":{"@id":"https:\/\/www.reseau-vivre-la-ville.fr\/?page_id=1877#primaryimage"},"thumbnailUrl":"https:\/\/www.reseau-vivre-la-ville.fr\/wp-content\/uploads\/2018\/03\/AffichetteREVV-Bruxelles-1-212x300.jpg","datePublished":"2018-03-10T11:45:39+00:00","dateModified":"2025-03-19T15:24:00+00:00","breadcrumb":{"@id":"https:\/\/www.reseau-vivre-la-ville.fr\/?page_id=1877#breadcrumb"},"inLanguage":"fr-FR","potentialAction":[{"@type":"ReadAction","target":["https:\/\/www.reseau-vivre-la-ville.fr\/?page_id=1877"]}]},{"@type":"ImageObject","inLanguage":"fr-FR","@id":"https:\/\/www.reseau-vivre-la-ville.fr\/?page_id=1877#primaryimage","url":"https:\/\/www.reseau-vivre-la-ville.fr\/wp-content\/uploads\/2018\/03\/AffichetteREVV-Bruxelles-1.jpg","contentUrl":"https:\/\/www.reseau-vivre-la-ville.fr\/wp-content\/uploads\/2018\/03\/AffichetteREVV-Bruxelles-1.jpg","width":1170,"height":1654},{"@type":"BreadcrumbList","@id":"https:\/\/www.reseau-vivre-la-ville.fr\/?page_id=1877#breadcrumb","itemListElement":[{"@type":"ListItem","position":1,"name":"Accueil","item":"https:\/\/www.reseau-vivre-la-ville.fr\/"},{"@type":"ListItem","position":2,"name":"Bruxelles 2018"}]},{"@type":"WebSite","@id":"https:\/\/www.reseau-vivre-la-ville.fr\/#website","url":"https:\/\/www.reseau-vivre-la-ville.fr\/","name":"R\u00e9seau Vivre la Ville","description":"","potentialAction":[{"@type":"SearchAction","target":{"@type":"EntryPoint","urlTemplate":"https:\/\/www.reseau-vivre-la-ville.fr\/?s={search_term_string}"},"query-input":{"@type":"PropertyValueSpecification","valueRequired":true,"valueName":"search_term_string"}}],"inLanguage":"fr-FR"}]}},"_links":{"self":[{"href":"https:\/\/www.reseau-vivre-la-ville.fr\/index.php?rest_route=\/wp\/v2\/pages\/1877","targetHints":{"allow":["GET"]}}],"collection":[{"href":"https:\/\/www.reseau-vivre-la-ville.fr\/index.php?rest_route=\/wp\/v2\/pages"}],"about":[{"href":"https:\/\/www.reseau-vivre-la-ville.fr\/index.php?rest_route=\/wp\/v2\/types\/page"}],"author":[{"embeddable":true,"href":"https:\/\/www.reseau-vivre-la-ville.fr\/index.php?rest_route=\/wp\/v2\/users\/7"}],"replies":[{"embeddable":true,"href":"https:\/\/www.reseau-vivre-la-ville.fr\/index.php?rest_route=%2Fwp%2Fv2%2Fcomments&post=1877"}],"version-history":[{"count":12,"href":"https:\/\/www.reseau-vivre-la-ville.fr\/index.php?rest_route=\/wp\/v2\/pages\/1877\/revisions"}],"predecessor-version":[{"id":2978,"href":"https:\/\/www.reseau-vivre-la-ville.fr\/index.php?rest_route=\/wp\/v2\/pages\/1877\/revisions\/2978"}],"wp:attachment":[{"href":"https:\/\/www.reseau-vivre-la-ville.fr\/index.php?rest_route=%2Fwp%2Fv2%2Fmedia&parent=1877"}],"curies":[{"name":"wp","href":"https:\/\/api.w.org\/{rel}","templated":true}]}}