{"id":154,"date":"2015-04-01T22:37:27","date_gmt":"2015-04-01T20:37:27","guid":{"rendered":"https:\/\/www.reseau-vivre-la-ville.fr\/?page_id=154"},"modified":"2025-03-19T16:22:11","modified_gmt":"2025-03-19T15:22:11","slug":"a-toulouse-une-association-reclame-des-sonometres-en-centre-ville-pour-lutter-contre-les-nuisances-sonores","status":"publish","type":"page","link":"https:\/\/www.reseau-vivre-la-ville.fr\/?page_id=154","title":{"rendered":"A Toulouse, une association r\u00e9clame des sonom\u00e8tres en centre-ville pour lutter contre les nuisances sonores"},"content":{"rendered":"<p>Cr\u00e9\u00e9e l&rsquo;\u00e9t\u00e9 dernier, l&rsquo;association \u00ab\u00a0Mieux Vivre Toulouse Centre\u00a0\u00bb vient d&rsquo;\u00e9crire au maire de la ville rose et au pr\u00e9fet de Haute-Garonne pour leur demander de prendre des mesures contre les nuisances sonores et notamment contre les \u00e9tablissements qui ne respectent pas les r\u00e8gles.<\/p>\n<p>Ce qu&rsquo;on appelle la tradition festive de Toulouse ne fait pas que des heureux. Cr\u00e9\u00e9e en juillet 2014, l&rsquo;association \u00ab\u00a0Mieux vivre Toulouse centre\u00a0\u00bb revendique 150 adh\u00e9rents aujourd &lsquo;hui. Elle part en guerre contre les nuisances sonores et olfactives de plus en plus grandes selon elles qui r\u00e9gnent la nuit dans les diff\u00e9rents secteurs du centre ville. Dans son collimateur, les terrasses de bar trop grandes, les boites de nuit qui ne respectent pas les normes et les fumeurs agglutin\u00e9s devant les \u00e9tablissements jusqu&rsquo;\u00e0 trois heures du matin. L&rsquo;association vient donc d&rsquo;adresser deux lettres, l&rsquo;une au maire de Toulouse, l&rsquo;autre au pr\u00e9fet de Haute-Garonne pour leur demander de prendre des mesures afin de lutter contre ces nuisances qui rendent insupportable la vie et les nuits des riverains.<br \/>\n\u00ab\u00a0Des sonom\u00e8tres permettraient d&rsquo;alerter \u00e0 distance la police municipale en cas de bruit trop fort\u00a0\u00bb<br \/>\nParmi ces mesures, l&rsquo;association propose l&rsquo;installation de sonom\u00e8tres \u00e0 proximit\u00e9 des \u00e9tablissements les plus bruyants ou dans les secteurs de la ville les plus critiques. Une mesure simple, efficace et peu co\u00fbteuse estime No\u00ebl Raimon le vice pr\u00e9sident de l&rsquo;association \u00ab\u00a0Mieux vivre Toulouse centre\u00a0\u00bb qu&rsquo;a rencontr\u00e9 Anne Pinczon Du Sel.<br \/>\n<audio class=\"wp-audio-shortcode\" id=\"audio-154-1\" preload=\"none\" style=\"width: 100%;\" controls=\"controls\"><source type=\"audio\/mpeg\" src=\"https:\/\/www.reseau-vivre-la-ville.fr\/wp-content\/uploads\/2015\/04\/2015-03-02_francebleu_toulouse_sonometres_1.mp3?_=1\" \/><a href=\"https:\/\/www.reseau-vivre-la-ville.fr\/wp-content\/uploads\/2015\/04\/2015-03-02_francebleu_toulouse_sonometres_1.mp3\">https:\/\/www.reseau-vivre-la-ville.fr\/wp-content\/uploads\/2015\/04\/2015-03-02_francebleu_toulouse_sonometres_1.mp3<\/a><\/audio><br \/>\nL&rsquo;association milite \u00e9galement pour un contr\u00f4le strict des terrasses, une fermetures des bars ramen\u00e9e \u00e0 une heure du matin au lieu de trois heures le week end. Alors, trop de bruit dans le centre ville de Toulouse ? Ce n&rsquo;est pas forc\u00e9ment l&rsquo;avis de tous. Le reportage d&rsquo;Anne Pinczon Du Sel au coeur de la ville rose.<br \/>\n<audio class=\"wp-audio-shortcode\" id=\"audio-154-2\" preload=\"none\" style=\"width: 100%;\" controls=\"controls\"><source type=\"audio\/mpeg\" src=\"https:\/\/www.reseau-vivre-la-ville.fr\/wp-content\/uploads\/2015\/04\/2015-03-02_francebleu_toulouse_sonometres_2.mp3?_=2\" \/><a href=\"https:\/\/www.reseau-vivre-la-ville.fr\/wp-content\/uploads\/2015\/04\/2015-03-02_francebleu_toulouse_sonometres_2.mp3\">https:\/\/www.reseau-vivre-la-ville.fr\/wp-content\/uploads\/2015\/04\/2015-03-02_francebleu_toulouse_sonometres_2.mp3<\/a><\/audio><\/p>\n<p>Source : <a href=\"http:\/\/www.francebleu.fr\/infos\/toulouse-une-association-reclament-des-sonometres-en-centre-ville-pour-lutter-contre-les-nuisances-s-2244809 \" target=\"_blank\" rel=\"noopener\">France Bleu Toulouse, 27 mars 2015<\/a><\/p>\n","protected":false},"excerpt":{"rendered":"<p>Cr\u00e9\u00e9e l&rsquo;\u00e9t\u00e9 dernier, l&rsquo;association \u00ab\u00a0Mieux Vivre Toulouse Centre\u00a0\u00bb vient d&rsquo;\u00e9crire au maire de la ville rose et au pr\u00e9fet de Haute-Garonne pour leur demander de prendre des mesures contre les nuisances sonores et notamment contre les \u00e9tablissements qui ne respectent pas les r\u00e8gles. Ce qu&rsquo;on appelle la tradition festive de Toulouse ne fait pas que [&hellip;]<\/p>\n","protected":false},"author":7,"featured_media":0,"parent":0,"menu_order":0,"comment_status":"closed","ping_status":"closed","template":"template-fullwidth.php","meta":{"_monsterinsights_skip_tracking":false,"_monsterinsights_sitenote_active":false,"_monsterinsights_sitenote_note":"","_monsterinsights_sitenote_category":0,"footnotes":""},"class_list":["post-154","page","type-page","status-publish","hentry","post-preview"],"yoast_head":"<!-- This site is optimized with the Yoast SEO plugin v27.3 - https:\/\/yoast.com\/product\/yoast-seo-wordpress\/ -->\n<title>A Toulouse, une association r\u00e9clame des sonom\u00e8tres en centre-ville pour lutter contre les nuisances sonores - R\u00e9seau Vivre la Ville<\/title>\n<meta name=\"robots\" content=\"index, follow, max-snippet:-1, max-image-preview:large, max-video-preview:-1\" \/>\n<link rel=\"canonical\" href=\"https:\/\/www.reseau-vivre-la-ville.fr\/?page_id=154\" \/>\n<meta property=\"og:locale\" content=\"fr_FR\" \/>\n<meta property=\"og:type\" content=\"article\" \/>\n<meta property=\"og:title\" content=\"A Toulouse, une association r\u00e9clame des sonom\u00e8tres en centre-ville pour lutter contre les nuisances sonores - R\u00e9seau Vivre la Ville\" \/>\n<meta property=\"og:description\" content=\"Cr\u00e9\u00e9e l&rsquo;\u00e9t\u00e9 dernier, l&rsquo;association \u00ab\u00a0Mieux Vivre Toulouse Centre\u00a0\u00bb vient d&rsquo;\u00e9crire au maire de la ville rose et au pr\u00e9fet de Haute-Garonne pour leur demander de prendre des mesures contre les nuisances sonores et notamment contre les \u00e9tablissements qui ne respectent pas les r\u00e8gles. Ce qu&rsquo;on appelle la tradition festive de Toulouse ne fait pas que [&hellip;]\" \/>\n<meta property=\"og:url\" content=\"https:\/\/www.reseau-vivre-la-ville.fr\/?page_id=154\" \/>\n<meta property=\"og:site_name\" content=\"R\u00e9seau Vivre la Ville\" \/>\n<meta property=\"article:publisher\" content=\"https:\/\/www.facebook.com\/vivrelaville\/\" \/>\n<meta property=\"article:modified_time\" content=\"2025-03-19T15:22:11+00:00\" \/>\n<meta name=\"twitter:card\" content=\"summary_large_image\" \/>\n<meta name=\"twitter:label1\" content=\"Dur\u00e9e de lecture estim\u00e9e\" \/>\n\t<meta name=\"twitter:data1\" content=\"2 minutes\" \/>\n<script type=\"application\/ld+json\" class=\"yoast-schema-graph\">{\"@context\":\"https:\\\/\\\/schema.org\",\"@graph\":[{\"@type\":\"WebPage\",\"@id\":\"https:\\\/\\\/www.reseau-vivre-la-ville.fr\\\/?page_id=154\",\"url\":\"https:\\\/\\\/www.reseau-vivre-la-ville.fr\\\/?page_id=154\",\"name\":\"A Toulouse, une association r\u00e9clame des sonom\u00e8tres en centre-ville pour lutter contre les nuisances sonores - R\u00e9seau Vivre la Ville\",\"isPartOf\":{\"@id\":\"https:\\\/\\\/www.reseau-vivre-la-ville.fr\\\/#website\"},\"datePublished\":\"2015-04-01T20:37:27+00:00\",\"dateModified\":\"2025-03-19T15:22:11+00:00\",\"breadcrumb\":{\"@id\":\"https:\\\/\\\/www.reseau-vivre-la-ville.fr\\\/?page_id=154#breadcrumb\"},\"inLanguage\":\"fr-FR\",\"potentialAction\":[{\"@type\":\"ReadAction\",\"target\":[\"https:\\\/\\\/www.reseau-vivre-la-ville.fr\\\/?page_id=154\"]}]},{\"@type\":\"BreadcrumbList\",\"@id\":\"https:\\\/\\\/www.reseau-vivre-la-ville.fr\\\/?page_id=154#breadcrumb\",\"itemListElement\":[{\"@type\":\"ListItem\",\"position\":1,\"name\":\"Accueil\",\"item\":\"https:\\\/\\\/www.reseau-vivre-la-ville.fr\\\/\"},{\"@type\":\"ListItem\",\"position\":2,\"name\":\"A Toulouse, une association r\u00e9clame des sonom\u00e8tres en centre-ville pour lutter contre les nuisances sonores\"}]},{\"@type\":\"WebSite\",\"@id\":\"https:\\\/\\\/www.reseau-vivre-la-ville.fr\\\/#website\",\"url\":\"https:\\\/\\\/www.reseau-vivre-la-ville.fr\\\/\",\"name\":\"R\u00e9seau Vivre la Ville\",\"description\":\"\",\"potentialAction\":[{\"@type\":\"SearchAction\",\"target\":{\"@type\":\"EntryPoint\",\"urlTemplate\":\"https:\\\/\\\/www.reseau-vivre-la-ville.fr\\\/?s={search_term_string}\"},\"query-input\":{\"@type\":\"PropertyValueSpecification\",\"valueRequired\":true,\"valueName\":\"search_term_string\"}}],\"inLanguage\":\"fr-FR\"}]}<\/script>\n<!-- \/ Yoast SEO plugin. -->","yoast_head_json":{"title":"A Toulouse, une association r\u00e9clame des sonom\u00e8tres en centre-ville pour lutter contre les nuisances sonores - R\u00e9seau Vivre la Ville","robots":{"index":"index","follow":"follow","max-snippet":"max-snippet:-1","max-image-preview":"max-image-preview:large","max-video-preview":"max-video-preview:-1"},"canonical":"https:\/\/www.reseau-vivre-la-ville.fr\/?page_id=154","og_locale":"fr_FR","og_type":"article","og_title":"A Toulouse, une association r\u00e9clame des sonom\u00e8tres en centre-ville pour lutter contre les nuisances sonores - R\u00e9seau Vivre la Ville","og_description":"Cr\u00e9\u00e9e l&rsquo;\u00e9t\u00e9 dernier, l&rsquo;association \u00ab\u00a0Mieux Vivre Toulouse Centre\u00a0\u00bb vient d&rsquo;\u00e9crire au maire de la ville rose et au pr\u00e9fet de Haute-Garonne pour leur demander de prendre des mesures contre les nuisances sonores et notamment contre les \u00e9tablissements qui ne respectent pas les r\u00e8gles. Ce qu&rsquo;on appelle la tradition festive de Toulouse ne fait pas que [&hellip;]","og_url":"https:\/\/www.reseau-vivre-la-ville.fr\/?page_id=154","og_site_name":"R\u00e9seau Vivre la Ville","article_publisher":"https:\/\/www.facebook.com\/vivrelaville\/","article_modified_time":"2025-03-19T15:22:11+00:00","twitter_card":"summary_large_image","twitter_misc":{"Dur\u00e9e de lecture estim\u00e9e":"2 minutes"},"schema":{"@context":"https:\/\/schema.org","@graph":[{"@type":"WebPage","@id":"https:\/\/www.reseau-vivre-la-ville.fr\/?page_id=154","url":"https:\/\/www.reseau-vivre-la-ville.fr\/?page_id=154","name":"A Toulouse, une association r\u00e9clame des sonom\u00e8tres en centre-ville pour lutter contre les nuisances sonores - R\u00e9seau Vivre la Ville","isPartOf":{"@id":"https:\/\/www.reseau-vivre-la-ville.fr\/#website"},"datePublished":"2015-04-01T20:37:27+00:00","dateModified":"2025-03-19T15:22:11+00:00","breadcrumb":{"@id":"https:\/\/www.reseau-vivre-la-ville.fr\/?page_id=154#breadcrumb"},"inLanguage":"fr-FR","potentialAction":[{"@type":"ReadAction","target":["https:\/\/www.reseau-vivre-la-ville.fr\/?page_id=154"]}]},{"@type":"BreadcrumbList","@id":"https:\/\/www.reseau-vivre-la-ville.fr\/?page_id=154#breadcrumb","itemListElement":[{"@type":"ListItem","position":1,"name":"Accueil","item":"https:\/\/www.reseau-vivre-la-ville.fr\/"},{"@type":"ListItem","position":2,"name":"A Toulouse, une association r\u00e9clame des sonom\u00e8tres en centre-ville pour lutter contre les nuisances sonores"}]},{"@type":"WebSite","@id":"https:\/\/www.reseau-vivre-la-ville.fr\/#website","url":"https:\/\/www.reseau-vivre-la-ville.fr\/","name":"R\u00e9seau Vivre la Ville","description":"","potentialAction":[{"@type":"SearchAction","target":{"@type":"EntryPoint","urlTemplate":"https:\/\/www.reseau-vivre-la-ville.fr\/?s={search_term_string}"},"query-input":{"@type":"PropertyValueSpecification","valueRequired":true,"valueName":"search_term_string"}}],"inLanguage":"fr-FR"}]}},"_links":{"self":[{"href":"https:\/\/www.reseau-vivre-la-ville.fr\/index.php?rest_route=\/wp\/v2\/pages\/154","targetHints":{"allow":["GET"]}}],"collection":[{"href":"https:\/\/www.reseau-vivre-la-ville.fr\/index.php?rest_route=\/wp\/v2\/pages"}],"about":[{"href":"https:\/\/www.reseau-vivre-la-ville.fr\/index.php?rest_route=\/wp\/v2\/types\/page"}],"author":[{"embeddable":true,"href":"https:\/\/www.reseau-vivre-la-ville.fr\/index.php?rest_route=\/wp\/v2\/users\/7"}],"replies":[{"embeddable":true,"href":"https:\/\/www.reseau-vivre-la-ville.fr\/index.php?rest_route=%2Fwp%2Fv2%2Fcomments&post=154"}],"version-history":[{"count":2,"href":"https:\/\/www.reseau-vivre-la-ville.fr\/index.php?rest_route=\/wp\/v2\/pages\/154\/revisions"}],"predecessor-version":[{"id":2973,"href":"https:\/\/www.reseau-vivre-la-ville.fr\/index.php?rest_route=\/wp\/v2\/pages\/154\/revisions\/2973"}],"wp:attachment":[{"href":"https:\/\/www.reseau-vivre-la-ville.fr\/index.php?rest_route=%2Fwp%2Fv2%2Fmedia&parent=154"}],"curies":[{"name":"wp","href":"https:\/\/api.w.org\/{rel}","templated":true}]}}