{"id":1238,"date":"2017-03-24T15:48:29","date_gmt":"2017-03-24T14:48:29","guid":{"rendered":"https:\/\/www.reseau-vivre-la-ville.fr\/?page_id=1238"},"modified":"2025-03-19T16:26:41","modified_gmt":"2025-03-19T15:26:41","slug":"madrid-2017","status":"publish","type":"page","link":"https:\/\/www.reseau-vivre-la-ville.fr\/?page_id=1238","title":{"rendered":"Madrid 2017"},"content":{"rendered":"<p><a href=\"https:\/\/www.reseau-vivre-la-ville.fr\/wp-content\/uploads\/2017\/03\/madrid.png\"><img loading=\"lazy\" decoding=\"async\" src=\"https:\/\/www.reseau-vivre-la-ville.fr\/wp-content\/uploads\/2017\/03\/madrid-300x167.png\" alt=\"\" width=\"300\" height=\"167\" class=\"alignleft\"><\/a>Les troisi\u00e8mes rencontres du R\u00e9seau Europ\u00e9en \u00a0\u00bb Vivre la Ville ! \u00a0\u00bb ont r\u00e9uni des associations d\u2019habitants des centres historiques de plus de 80 villes espagnoles d&rsquo;Andalousie, des Asturies, des Bal\u00e9ares, de Castille, de Valence, Galice, Madrid, Pays Basque et de la Rioja, et du reste de l&rsquo;Europe venant de Belgique, France, Italie et du Portugal.<br \/>\nOrganis\u00e9 par la Coordination des Associations d\u2019habitants de Madrid Centre, cet \u00e9v\u00e9nement a inclus la participation de conf\u00e9renciers de l&rsquo;Union europ\u00e9enne, du groupe \u00c9cologistes en Action, de l&rsquo;Universit\u00e9 de Turin et du Pays Basque, ainsi que de leaders d&rsquo;opinion, d&rsquo;associations de quartiers et de repr\u00e9sentants de la Mairie de Madrid.<br \/>\nDe plus, diff\u00e9rents groupes de travail ont analys\u00e9 en profondeur les principaux th\u00e8mes int\u00e9ressant les r\u00e9sidents des centres urbains.<\/p>\n<ul>\n<li><a href=\"https:\/\/www.reseau-vivre-la-ville.fr\/?p=1202\" target=\"_blank\" rel=\"noopener\">Le communiqu\u00e9 de presse<\/a><\/li>\n<li><a href=\"https:\/\/www.reseau-vivre-la-ville.fr\/?p=1141\" target=\"_blank\" rel=\"noopener\">Les ateliers<\/a><\/li>\n<li><a href=\"https:\/\/www.reseau-vivre-la-ville.fr\/?p=1317\">La revue de presse<\/a><\/li>\n<li><a href=\"https:\/\/www.reseau-vivre-la-ville.fr\/?p=1330\">Les documents<\/a><\/li>\n<\/ul>\n","protected":false},"excerpt":{"rendered":"<p>Les troisi\u00e8mes rencontres du R\u00e9seau Europ\u00e9en \u00a0\u00bb Vivre la Ville ! \u00a0\u00bb ont r\u00e9uni des associations d\u2019habitants des centres historiques de plus de 80 villes espagnoles d&rsquo;Andalousie, des Asturies, des Bal\u00e9ares, de Castille, de Valence, Galice, Madrid, Pays Basque et de la Rioja, et du reste de l&rsquo;Europe venant de Belgique, France, Italie et du [&hellip;]<\/p>\n","protected":false},"author":7,"featured_media":0,"parent":0,"menu_order":0,"comment_status":"closed","ping_status":"closed","template":"template-fullwidth.php","meta":{"_monsterinsights_skip_tracking":false,"_monsterinsights_sitenote_active":false,"_monsterinsights_sitenote_note":"","_monsterinsights_sitenote_category":0,"footnotes":""},"class_list":["post-1238","page","type-page","status-publish","hentry","post-preview"],"yoast_head":"<!-- This site is optimized with the Yoast SEO plugin v27.3 - https:\/\/yoast.com\/product\/yoast-seo-wordpress\/ -->\n<title>Madrid 2017 - R\u00e9seau Vivre la Ville<\/title>\n<meta name=\"robots\" content=\"index, follow, max-snippet:-1, max-image-preview:large, max-video-preview:-1\" \/>\n<link rel=\"canonical\" href=\"https:\/\/www.reseau-vivre-la-ville.fr\/?page_id=1238\" \/>\n<meta property=\"og:locale\" content=\"fr_FR\" \/>\n<meta property=\"og:type\" content=\"article\" \/>\n<meta property=\"og:title\" content=\"Madrid 2017 - R\u00e9seau Vivre la Ville\" \/>\n<meta property=\"og:description\" content=\"Les troisi\u00e8mes rencontres du R\u00e9seau Europ\u00e9en \u00a0\u00bb Vivre la Ville ! \u00a0\u00bb ont r\u00e9uni des associations d\u2019habitants des centres historiques de plus de 80 villes espagnoles d&rsquo;Andalousie, des Asturies, des Bal\u00e9ares, de Castille, de Valence, Galice, Madrid, Pays Basque et de la Rioja, et du reste de l&rsquo;Europe venant de Belgique, France, Italie et du [&hellip;]\" \/>\n<meta property=\"og:url\" content=\"https:\/\/www.reseau-vivre-la-ville.fr\/?page_id=1238\" \/>\n<meta property=\"og:site_name\" content=\"R\u00e9seau Vivre la Ville\" \/>\n<meta property=\"article:publisher\" content=\"https:\/\/www.facebook.com\/vivrelaville\/\" \/>\n<meta property=\"article:modified_time\" content=\"2025-03-19T15:26:41+00:00\" \/>\n<meta property=\"og:image\" content=\"https:\/\/www.reseau-vivre-la-ville.fr\/wp-content\/uploads\/2017\/03\/madrid-300x167.png\" \/>\n<meta name=\"twitter:card\" content=\"summary_large_image\" \/>\n<meta name=\"twitter:label1\" content=\"Dur\u00e9e de lecture estim\u00e9e\" \/>\n\t<meta name=\"twitter:data1\" content=\"1 minute\" \/>\n<script type=\"application\/ld+json\" class=\"yoast-schema-graph\">{\"@context\":\"https:\\\/\\\/schema.org\",\"@graph\":[{\"@type\":\"WebPage\",\"@id\":\"https:\\\/\\\/www.reseau-vivre-la-ville.fr\\\/?page_id=1238\",\"url\":\"https:\\\/\\\/www.reseau-vivre-la-ville.fr\\\/?page_id=1238\",\"name\":\"Madrid 2017 - R\u00e9seau Vivre la Ville\",\"isPartOf\":{\"@id\":\"https:\\\/\\\/www.reseau-vivre-la-ville.fr\\\/#website\"},\"primaryImageOfPage\":{\"@id\":\"https:\\\/\\\/www.reseau-vivre-la-ville.fr\\\/?page_id=1238#primaryimage\"},\"image\":{\"@id\":\"https:\\\/\\\/www.reseau-vivre-la-ville.fr\\\/?page_id=1238#primaryimage\"},\"thumbnailUrl\":\"https:\\\/\\\/www.reseau-vivre-la-ville.fr\\\/wp-content\\\/uploads\\\/2017\\\/03\\\/madrid-300x167.png\",\"datePublished\":\"2017-03-24T14:48:29+00:00\",\"dateModified\":\"2025-03-19T15:26:41+00:00\",\"breadcrumb\":{\"@id\":\"https:\\\/\\\/www.reseau-vivre-la-ville.fr\\\/?page_id=1238#breadcrumb\"},\"inLanguage\":\"fr-FR\",\"potentialAction\":[{\"@type\":\"ReadAction\",\"target\":[\"https:\\\/\\\/www.reseau-vivre-la-ville.fr\\\/?page_id=1238\"]}]},{\"@type\":\"ImageObject\",\"inLanguage\":\"fr-FR\",\"@id\":\"https:\\\/\\\/www.reseau-vivre-la-ville.fr\\\/?page_id=1238#primaryimage\",\"url\":\"https:\\\/\\\/www.reseau-vivre-la-ville.fr\\\/wp-content\\\/uploads\\\/2017\\\/03\\\/madrid.png\",\"contentUrl\":\"https:\\\/\\\/www.reseau-vivre-la-ville.fr\\\/wp-content\\\/uploads\\\/2017\\\/03\\\/madrid.png\",\"width\":556,\"height\":309},{\"@type\":\"BreadcrumbList\",\"@id\":\"https:\\\/\\\/www.reseau-vivre-la-ville.fr\\\/?page_id=1238#breadcrumb\",\"itemListElement\":[{\"@type\":\"ListItem\",\"position\":1,\"name\":\"Accueil\",\"item\":\"https:\\\/\\\/www.reseau-vivre-la-ville.fr\\\/\"},{\"@type\":\"ListItem\",\"position\":2,\"name\":\"Madrid 2017\"}]},{\"@type\":\"WebSite\",\"@id\":\"https:\\\/\\\/www.reseau-vivre-la-ville.fr\\\/#website\",\"url\":\"https:\\\/\\\/www.reseau-vivre-la-ville.fr\\\/\",\"name\":\"R\u00e9seau Vivre la Ville\",\"description\":\"\",\"potentialAction\":[{\"@type\":\"SearchAction\",\"target\":{\"@type\":\"EntryPoint\",\"urlTemplate\":\"https:\\\/\\\/www.reseau-vivre-la-ville.fr\\\/?s={search_term_string}\"},\"query-input\":{\"@type\":\"PropertyValueSpecification\",\"valueRequired\":true,\"valueName\":\"search_term_string\"}}],\"inLanguage\":\"fr-FR\"}]}<\/script>\n<!-- \/ Yoast SEO plugin. -->","yoast_head_json":{"title":"Madrid 2017 - R\u00e9seau Vivre la Ville","robots":{"index":"index","follow":"follow","max-snippet":"max-snippet:-1","max-image-preview":"max-image-preview:large","max-video-preview":"max-video-preview:-1"},"canonical":"https:\/\/www.reseau-vivre-la-ville.fr\/?page_id=1238","og_locale":"fr_FR","og_type":"article","og_title":"Madrid 2017 - R\u00e9seau Vivre la Ville","og_description":"Les troisi\u00e8mes rencontres du R\u00e9seau Europ\u00e9en \u00a0\u00bb Vivre la Ville ! \u00a0\u00bb ont r\u00e9uni des associations d\u2019habitants des centres historiques de plus de 80 villes espagnoles d&rsquo;Andalousie, des Asturies, des Bal\u00e9ares, de Castille, de Valence, Galice, Madrid, Pays Basque et de la Rioja, et du reste de l&rsquo;Europe venant de Belgique, France, Italie et du [&hellip;]","og_url":"https:\/\/www.reseau-vivre-la-ville.fr\/?page_id=1238","og_site_name":"R\u00e9seau Vivre la Ville","article_publisher":"https:\/\/www.facebook.com\/vivrelaville\/","article_modified_time":"2025-03-19T15:26:41+00:00","og_image":[{"url":"https:\/\/www.reseau-vivre-la-ville.fr\/wp-content\/uploads\/2017\/03\/madrid-300x167.png","type":"","width":"","height":""}],"twitter_card":"summary_large_image","twitter_misc":{"Dur\u00e9e de lecture estim\u00e9e":"1 minute"},"schema":{"@context":"https:\/\/schema.org","@graph":[{"@type":"WebPage","@id":"https:\/\/www.reseau-vivre-la-ville.fr\/?page_id=1238","url":"https:\/\/www.reseau-vivre-la-ville.fr\/?page_id=1238","name":"Madrid 2017 - R\u00e9seau Vivre la Ville","isPartOf":{"@id":"https:\/\/www.reseau-vivre-la-ville.fr\/#website"},"primaryImageOfPage":{"@id":"https:\/\/www.reseau-vivre-la-ville.fr\/?page_id=1238#primaryimage"},"image":{"@id":"https:\/\/www.reseau-vivre-la-ville.fr\/?page_id=1238#primaryimage"},"thumbnailUrl":"https:\/\/www.reseau-vivre-la-ville.fr\/wp-content\/uploads\/2017\/03\/madrid-300x167.png","datePublished":"2017-03-24T14:48:29+00:00","dateModified":"2025-03-19T15:26:41+00:00","breadcrumb":{"@id":"https:\/\/www.reseau-vivre-la-ville.fr\/?page_id=1238#breadcrumb"},"inLanguage":"fr-FR","potentialAction":[{"@type":"ReadAction","target":["https:\/\/www.reseau-vivre-la-ville.fr\/?page_id=1238"]}]},{"@type":"ImageObject","inLanguage":"fr-FR","@id":"https:\/\/www.reseau-vivre-la-ville.fr\/?page_id=1238#primaryimage","url":"https:\/\/www.reseau-vivre-la-ville.fr\/wp-content\/uploads\/2017\/03\/madrid.png","contentUrl":"https:\/\/www.reseau-vivre-la-ville.fr\/wp-content\/uploads\/2017\/03\/madrid.png","width":556,"height":309},{"@type":"BreadcrumbList","@id":"https:\/\/www.reseau-vivre-la-ville.fr\/?page_id=1238#breadcrumb","itemListElement":[{"@type":"ListItem","position":1,"name":"Accueil","item":"https:\/\/www.reseau-vivre-la-ville.fr\/"},{"@type":"ListItem","position":2,"name":"Madrid 2017"}]},{"@type":"WebSite","@id":"https:\/\/www.reseau-vivre-la-ville.fr\/#website","url":"https:\/\/www.reseau-vivre-la-ville.fr\/","name":"R\u00e9seau Vivre la Ville","description":"","potentialAction":[{"@type":"SearchAction","target":{"@type":"EntryPoint","urlTemplate":"https:\/\/www.reseau-vivre-la-ville.fr\/?s={search_term_string}"},"query-input":{"@type":"PropertyValueSpecification","valueRequired":true,"valueName":"search_term_string"}}],"inLanguage":"fr-FR"}]}},"_links":{"self":[{"href":"https:\/\/www.reseau-vivre-la-ville.fr\/index.php?rest_route=\/wp\/v2\/pages\/1238","targetHints":{"allow":["GET"]}}],"collection":[{"href":"https:\/\/www.reseau-vivre-la-ville.fr\/index.php?rest_route=\/wp\/v2\/pages"}],"about":[{"href":"https:\/\/www.reseau-vivre-la-ville.fr\/index.php?rest_route=\/wp\/v2\/types\/page"}],"author":[{"embeddable":true,"href":"https:\/\/www.reseau-vivre-la-ville.fr\/index.php?rest_route=\/wp\/v2\/users\/7"}],"replies":[{"embeddable":true,"href":"https:\/\/www.reseau-vivre-la-ville.fr\/index.php?rest_route=%2Fwp%2Fv2%2Fcomments&post=1238"}],"version-history":[{"count":29,"href":"https:\/\/www.reseau-vivre-la-ville.fr\/index.php?rest_route=\/wp\/v2\/pages\/1238\/revisions"}],"predecessor-version":[{"id":2980,"href":"https:\/\/www.reseau-vivre-la-ville.fr\/index.php?rest_route=\/wp\/v2\/pages\/1238\/revisions\/2980"}],"wp:attachment":[{"href":"https:\/\/www.reseau-vivre-la-ville.fr\/index.php?rest_route=%2Fwp%2Fv2%2Fmedia&parent=1238"}],"curies":[{"name":"wp","href":"https:\/\/api.w.org\/{rel}","templated":true}]}}